{"id":97241,"date":"2021-02-21T22:12:24","date_gmt":"2021-02-21T22:12:24","guid":{"rendered":"https:\/\/www.autonvaraosahaku.fi\/?product=trw-df2703-jarrulevyt"},"modified":"2021-02-21T22:12:28","modified_gmt":"2021-02-21T22:12:28","slug":"trw-df2703-jarrulevyt","status":"publish","type":"product","link":"https:\/\/www.autonvaraosahaku.fi\/?product=trw-df2703-jarrulevyt","title":{"rendered":"TRW DF2703 Jarrulevyt"},"content":{"rendered":"<p>Jarrulevytyyppi: Vakiomalli; Ulkol\u00e4pimitta [mm]: 251; Jarrulevyn paksuus (mm): 9; V\u00e4himm\u00e4ispaksuus (mm): 8; keskitt\u00e4misl\u00e4pimitta [mm]: 55; Korkeus (mm): 34,5; Reikien m\u00e4\u00e4r\u00e4: 4; Kierremitta: 13; Reik\u00e4ympyr\u00e4-\u00d8 [mm]: 100; V\u00e4ri: Musta; Pinta: Lakattu; Tarkistuskilpi: E190R02 02C0190\/0152; Asennuspuoli: Hinterachse; MAZDA: MX-5 II NB,MX-5 I NA,MX-3 EC,323 C IV BG,FAMILIA IV BF,FAMILIA V BG8,FAMILIA IV BG; FORD USA: ESCORT Kombi,ESCORT Stufenheck; B53026251A, BB4C26251, BB4C26251C, BB8V26251, BR7426251A, BR7426251B, BR7426251C, BR7426251E, F1CZ2C026B; Jarrulevy<\/p>\n","protected":false},"excerpt":{"rendered":"<p>TRW Jarrulevyt DF2703 Jarrulevy MAZDA,FORD USA,MX-5 II NB,MX-5 I NA,MX-3 EC,323 C IV BG,FAMILIA IV BF,FAMILIA V BG8,FAMILIA IV BG,ESCORT Kombi<\/p>\n","protected":false},"featured_media":0,"template":"","meta":{"site-sidebar-layout":"default","site-content-layout":"default","ast-global-header-display":"","ast-main-header-display":"","ast-hfb-above-header-display":"","ast-hfb-below-header-display":"","ast-hfb-mobile-header-display":"","site-post-title":"","ast-breadcrumbs-content":"","ast-featured-img":"","footer-sml-layout":"","theme-transparent-header-meta":"","adv-header-id-meta":"","stick-header-meta":"","header-above-stick-meta":"","header-main-stick-meta":"","header-below-stick-meta":""},"pwb-brand":[332],"product_cat":[66],"product_tag":[],"class_list":{"0":"post-97241","1":"product","2":"type-product","3":"status-publish","5":"pwb-brand-trw","6":"product_cat-jarrulevyt","7":"desktop-align-left","8":"tablet-align-left","9":"mobile-align-left","11":"first","12":"instock","13":"product-type-external"},"brands":[{"id":332,"name":"TRW","slug":"trw"}],"_links":{"self":[{"href":"https:\/\/www.autonvaraosahaku.fi\/index.php?rest_route=\/wp\/v2\/product\/97241","targetHints":{"allow":["GET"]}}],"collection":[{"href":"https:\/\/www.autonvaraosahaku.fi\/index.php?rest_route=\/wp\/v2\/product"}],"about":[{"href":"https:\/\/www.autonvaraosahaku.fi\/index.php?rest_route=\/wp\/v2\/types\/product"}],"wp:attachment":[{"href":"https:\/\/www.autonvaraosahaku.fi\/index.php?rest_route=%2Fwp%2Fv2%2Fmedia&parent=97241"}],"wp:term":[{"taxonomy":"pwb-brand","embeddable":true,"href":"https:\/\/www.autonvaraosahaku.fi\/index.php?rest_route=%2Fwp%2Fv2%2Fpwb-brand&post=97241"},{"taxonomy":"product_cat","embeddable":true,"href":"https:\/\/www.autonvaraosahaku.fi\/index.php?rest_route=%2Fwp%2Fv2%2Fproduct_cat&post=97241"},{"taxonomy":"product_tag","embeddable":true,"href":"https:\/\/www.autonvaraosahaku.fi\/index.php?rest_route=%2Fwp%2Fv2%2Fproduct_tag&post=97241"}],"curies":[{"name":"wp","href":"https:\/\/api.w.org\/{rel}","templated":true}]}}