{"id":97259,"date":"2021-02-21T22:12:32","date_gmt":"2021-02-21T22:12:32","guid":{"rendered":"https:\/\/www.autonvaraosahaku.fi\/?product=vaico-v40-80038-jarrulevyt"},"modified":"2021-02-21T22:12:36","modified_gmt":"2021-02-21T22:12:36","slug":"vaico-v40-80038-jarrulevyt","status":"publish","type":"product","link":"https:\/\/www.autonvaraosahaku.fi\/?product=vaico-v40-80038-jarrulevyt","title":{"rendered":"VAICO V40-80038 Jarrulevyt"},"content":{"rendered":"<p>Jarrulevyn navan korkeus [mm]: 19,4; Asennuspuoli: Etuakseli; Vanne, aukkoja: 5; Korkeus (mm): 52; Jarrulevytyyppi: Tuuletettu; Jarrulevyn paksuus (mm): 32,2; V\u00e4himm\u00e4ispaksuus (mm): 30,7; Ulkol\u00e4pimitta [mm]: 278; keskitt\u00e4misl\u00e4pimitta [mm]: 70,6; Reik\u00e4ympyr\u00e4-\u00d8 [mm]: 118; Pakkausleveys [cm]: 28, 28; Pakkauskorkeus [mm]: 11, 11; Pakkaussyvyys [cm]: 28, 28; lis\u00e4tieto: CST99; Vuosimallista: 1992; CHEVROLET: TRAILBLAZER KC_,TRANS SPORT; OPEL: SINTRA; BUICK: REGAL,CENTURY Stufenheck,REGAL 4WF_; PONTIAC: TRANS SPORT,BONNEVILLE Stufenheck,GRAND PRIX VI Coupe,GRAND PRIX VI Stufenheck; 18021359, 18021359, 18021359, 00569019, 00569057, 0569019, 0569057, 569019, 569057, 90542181, 9195293, 18021359, 09195293; Jarrulevy<\/p>\n","protected":false},"excerpt":{"rendered":"<p>VAICO Jarrulevyt V40-80038 Jarrulevy CHEVROLET,OPEL,BUICK,TRAILBLAZER KC_,TRANS SPORT,SINTRA,REGAL,CENTURY Stufenheck,REGAL 4WF_,TRANS SPORT<\/p>\n","protected":false},"featured_media":0,"template":"","meta":{"site-sidebar-layout":"default","site-content-layout":"default","ast-global-header-display":"","ast-main-header-display":"","ast-hfb-above-header-display":"","ast-hfb-below-header-display":"","ast-hfb-mobile-header-display":"","site-post-title":"","ast-breadcrumbs-content":"","ast-featured-img":"","footer-sml-layout":"","theme-transparent-header-meta":"","adv-header-id-meta":"","stick-header-meta":"","header-above-stick-meta":"","header-main-stick-meta":"","header-below-stick-meta":""},"pwb-brand":[330],"product_cat":[66],"product_tag":[],"class_list":{"0":"post-97259","1":"product","2":"type-product","3":"status-publish","5":"pwb-brand-vaico","6":"product_cat-jarrulevyt","7":"desktop-align-left","8":"tablet-align-left","9":"mobile-align-left","11":"first","12":"instock","13":"product-type-external"},"brands":[{"id":330,"name":"VAICO","slug":"vaico"}],"_links":{"self":[{"href":"https:\/\/www.autonvaraosahaku.fi\/index.php?rest_route=\/wp\/v2\/product\/97259","targetHints":{"allow":["GET"]}}],"collection":[{"href":"https:\/\/www.autonvaraosahaku.fi\/index.php?rest_route=\/wp\/v2\/product"}],"about":[{"href":"https:\/\/www.autonvaraosahaku.fi\/index.php?rest_route=\/wp\/v2\/types\/product"}],"wp:attachment":[{"href":"https:\/\/www.autonvaraosahaku.fi\/index.php?rest_route=%2Fwp%2Fv2%2Fmedia&parent=97259"}],"wp:term":[{"taxonomy":"pwb-brand","embeddable":true,"href":"https:\/\/www.autonvaraosahaku.fi\/index.php?rest_route=%2Fwp%2Fv2%2Fpwb-brand&post=97259"},{"taxonomy":"product_cat","embeddable":true,"href":"https:\/\/www.autonvaraosahaku.fi\/index.php?rest_route=%2Fwp%2Fv2%2Fproduct_cat&post=97259"},{"taxonomy":"product_tag","embeddable":true,"href":"https:\/\/www.autonvaraosahaku.fi\/index.php?rest_route=%2Fwp%2Fv2%2Fproduct_tag&post=97259"}],"curies":[{"name":"wp","href":"https:\/\/api.w.org\/{rel}","templated":true}]}}