{"id":97263,"date":"2021-02-21T22:12:32","date_gmt":"2021-02-21T22:12:32","guid":{"rendered":"https:\/\/www.autonvaraosahaku.fi\/?product=trw-df1663-jarrulevyt"},"modified":"2021-02-21T22:12:37","modified_gmt":"2021-02-21T22:12:37","slug":"trw-df1663-jarrulevyt","status":"publish","type":"product","link":"https:\/\/www.autonvaraosahaku.fi\/?product=trw-df1663-jarrulevyt","title":{"rendered":"TRW DF1663 Jarrulevyt"},"content":{"rendered":"<p>Jarrulevytyyppi: Tuuletettu; Ulkol\u00e4pimitta [mm]: 280; Jarrulevyn paksuus (mm): 23,4; V\u00e4himm\u00e4ispaksuus (mm): 21,5; keskitt\u00e4misl\u00e4pimitta [mm]: 68; Korkeus (mm): 43,5; Reikien m\u00e4\u00e4r\u00e4: 4; Kierremitta: 15; Reik\u00e4ympyr\u00e4-\u00d8 [mm]: 108; Korvaava tuote\/korvaava tiedote 2: Ruuveilla; V\u00e4ri: Musta; Pinta: Lakattu; Tarkistuskilpi: E190R02 02C0176\/0008; Asennuspuoli: Vorderachse; SAAB: 9000 Schr\u00e4gheck,900 I Cabriolet,900 I Combi Coupe,900 I AC4, AM4,9000; 4002150, 8966962, 8970709; Jarrulevy<\/p>\n","protected":false},"excerpt":{"rendered":"<p>TRW Jarrulevyt DF1663 Jarrulevy SAAB,9000 Schr\u00e4gheck,900 I Cabriolet,900 I Combi Coupe,900 I AC4, AM4,9000<\/p>\n","protected":false},"featured_media":0,"template":"","meta":{"site-sidebar-layout":"default","site-content-layout":"default","ast-global-header-display":"","ast-main-header-display":"","ast-hfb-above-header-display":"","ast-hfb-below-header-display":"","ast-hfb-mobile-header-display":"","site-post-title":"","ast-breadcrumbs-content":"","ast-featured-img":"","footer-sml-layout":"","theme-transparent-header-meta":"","adv-header-id-meta":"","stick-header-meta":"","header-above-stick-meta":"","header-main-stick-meta":"","header-below-stick-meta":""},"pwb-brand":[332],"product_cat":[66],"product_tag":[],"class_list":{"0":"post-97263","1":"product","2":"type-product","3":"status-publish","5":"pwb-brand-trw","6":"product_cat-jarrulevyt","7":"desktop-align-left","8":"tablet-align-left","9":"mobile-align-left","11":"first","12":"instock","13":"product-type-external"},"brands":[{"id":332,"name":"TRW","slug":"trw"}],"_links":{"self":[{"href":"https:\/\/www.autonvaraosahaku.fi\/index.php?rest_route=\/wp\/v2\/product\/97263","targetHints":{"allow":["GET"]}}],"collection":[{"href":"https:\/\/www.autonvaraosahaku.fi\/index.php?rest_route=\/wp\/v2\/product"}],"about":[{"href":"https:\/\/www.autonvaraosahaku.fi\/index.php?rest_route=\/wp\/v2\/types\/product"}],"wp:attachment":[{"href":"https:\/\/www.autonvaraosahaku.fi\/index.php?rest_route=%2Fwp%2Fv2%2Fmedia&parent=97263"}],"wp:term":[{"taxonomy":"pwb-brand","embeddable":true,"href":"https:\/\/www.autonvaraosahaku.fi\/index.php?rest_route=%2Fwp%2Fv2%2Fpwb-brand&post=97263"},{"taxonomy":"product_cat","embeddable":true,"href":"https:\/\/www.autonvaraosahaku.fi\/index.php?rest_route=%2Fwp%2Fv2%2Fproduct_cat&post=97263"},{"taxonomy":"product_tag","embeddable":true,"href":"https:\/\/www.autonvaraosahaku.fi\/index.php?rest_route=%2Fwp%2Fv2%2Fproduct_tag&post=97263"}],"curies":[{"name":"wp","href":"https:\/\/api.w.org\/{rel}","templated":true}]}}