{"id":97265,"date":"2021-02-21T22:12:32","date_gmt":"2021-02-21T22:12:32","guid":{"rendered":"https:\/\/www.autonvaraosahaku.fi\/?product=vaico-v40-40011-jarrulevyt"},"modified":"2021-02-21T22:12:38","modified_gmt":"2021-02-21T22:12:38","slug":"vaico-v40-40011-jarrulevyt","status":"publish","type":"product","link":"https:\/\/www.autonvaraosahaku.fi\/?product=vaico-v40-40011-jarrulevyt","title":{"rendered":"VAICO V40-40011 Jarrulevyt"},"content":{"rendered":"<p>Asennuspuoli: Taka-akseli, Taka-akseli; Vanne, aukkoja: 4; Korkeus (mm): 69,2; Jarrulevytyyppi: Vakiomalli; Jarrulevyn paksuus (mm): 10; V\u00e4himm\u00e4ispaksuus (mm): 8; Ulkol\u00e4pimitta [mm]: 260; keskitt\u00e4misl\u00e4pimitta [mm]: 57; Reik\u00e4ympyr\u00e4-\u00d8 [mm]: 100; Jarrulevyn navan korkeus [mm]: 59; Pakkausleveys [cm]: 28, 28; Pakkauskorkeus [mm]: 14, 14; Pakkaussyvyys [cm]: 28, 28; Reik\u00e4-\u00d8 3 [mm]: 12,75; t\u00e4ytt\u00e4\u00e4 ECE-normin: R90; Paino [kg]: 4,462; lis\u00e4tieto: CST99; Alustanumerosta: P 1+5+7 000001; OPEL: VECTRA B 36_,ASTRA F CC 53_, 54_, 58_, 59_,VECTRA B Caravan 31_,ASTRA F Caravan 51_, 52_,VECTRA B CC 38_,VECTRA A 86_, 87_,ASTRA F Cabriolet 53_B,ASTRA F 56_, 57_,VECTRA A CC 88_, 89_,ASTRA F CLASSIC CC,ASTRA F CLASSIC Stufenheck,ASTRA F CLASSIC Caravan,ASTRA F Van 55_; VAUXHALL: ASTRA Mk III F CC,CAVALIER Mk III 87,ASTRA Mk III F Estate,CAVALIER Mk III CC,ASTRAVAN Mk III F; 00569119, 00569206, 0569119, 0569206, 569119, 569206, 9005130, 90345699, 90421872, 93182294, 90345699, 93182294; Jarrulevy<\/p>\n","protected":false},"excerpt":{"rendered":"<p>VAICO Jarrulevyt V40-40011 Jarrulevy OPEL,VAUXHALL,VECTRA B 36_,ASTRA F CC 53_, 54_, 58_, 59_,VECTRA B Caravan 31_,ASTRA F Caravan 51_, 52_<\/p>\n","protected":false},"featured_media":0,"template":"","meta":{"site-sidebar-layout":"default","site-content-layout":"default","ast-global-header-display":"","ast-main-header-display":"","ast-hfb-above-header-display":"","ast-hfb-below-header-display":"","ast-hfb-mobile-header-display":"","site-post-title":"","ast-breadcrumbs-content":"","ast-featured-img":"","footer-sml-layout":"","theme-transparent-header-meta":"","adv-header-id-meta":"","stick-header-meta":"","header-above-stick-meta":"","header-main-stick-meta":"","header-below-stick-meta":""},"pwb-brand":[330],"product_cat":[66],"product_tag":[],"class_list":{"0":"post-97265","1":"product","2":"type-product","3":"status-publish","5":"pwb-brand-vaico","6":"product_cat-jarrulevyt","7":"desktop-align-left","8":"tablet-align-left","9":"mobile-align-left","11":"first","12":"instock","13":"product-type-external"},"brands":[{"id":330,"name":"VAICO","slug":"vaico"}],"_links":{"self":[{"href":"https:\/\/www.autonvaraosahaku.fi\/index.php?rest_route=\/wp\/v2\/product\/97265","targetHints":{"allow":["GET"]}}],"collection":[{"href":"https:\/\/www.autonvaraosahaku.fi\/index.php?rest_route=\/wp\/v2\/product"}],"about":[{"href":"https:\/\/www.autonvaraosahaku.fi\/index.php?rest_route=\/wp\/v2\/types\/product"}],"wp:attachment":[{"href":"https:\/\/www.autonvaraosahaku.fi\/index.php?rest_route=%2Fwp%2Fv2%2Fmedia&parent=97265"}],"wp:term":[{"taxonomy":"pwb-brand","embeddable":true,"href":"https:\/\/www.autonvaraosahaku.fi\/index.php?rest_route=%2Fwp%2Fv2%2Fpwb-brand&post=97265"},{"taxonomy":"product_cat","embeddable":true,"href":"https:\/\/www.autonvaraosahaku.fi\/index.php?rest_route=%2Fwp%2Fv2%2Fproduct_cat&post=97265"},{"taxonomy":"product_tag","embeddable":true,"href":"https:\/\/www.autonvaraosahaku.fi\/index.php?rest_route=%2Fwp%2Fv2%2Fproduct_tag&post=97265"}],"curies":[{"name":"wp","href":"https:\/\/api.w.org\/{rel}","templated":true}]}}