{"id":97297,"date":"2021-02-21T22:12:49","date_gmt":"2021-02-21T22:12:49","guid":{"rendered":"https:\/\/www.autonvaraosahaku.fi\/?product=vaico-v10-2007-jousijalan-tukilaakeri"},"modified":"2021-02-21T22:12:52","modified_gmt":"2021-02-21T22:12:52","slug":"vaico-v10-2007-jousijalan-tukilaakeri","status":"publish","type":"product","link":"https:\/\/www.autonvaraosahaku.fi\/?product=vaico-v10-2007-jousijalan-tukilaakeri","title":{"rendered":"VAICO V10-2007 Jousijalan tukilaakeri"},"content":{"rendered":"<p>L\u00e4pimitta [mm]: 97; M\u00e4\u00e4r\u00e4yksikk\u00f6: Sarja; Korkeus (mm): 52; Asennuspuoli: Etuakseli; Paino [kg]: 0,4446; Pakkausleveys [cm]: 11,2; Pakkauskorkeus [mm]: 12,6; Pakkaussyvyys [cm]: 8,1; lis\u00e4tieto: CST98; Alustanumerosta: 31~P~026436; VW: GOLF III 1H1,SHARAN 7M8, 7M9, 7M6,PASSAT Variant 3A5, 35I,GOLF III Cabriolet 1E7,GOLF III Variant 1H5,PASSAT 3A2, 35I,CORRADO 53I,CADDY II Kasten 9K9A,POLO Variant 6KV5,POLO CLASSIC 6KV2,VENTO 1H2,CADDY II Kombi 9K9B; SEAT: ALHAMBRA 7V8, 7V9,IBIZA II 6K1,CORDOBA 6K1, 6K2,CORDOBA Vario 6K1,TOLEDO I 1L,INCA 6K9; FORD: GALAXY WGR; 1J0412249, 357412249, 357412249A, 357412331A, 357412331AS, 6Q0412341, 6R0412249, 1102592, 7201592, 7201688, 7201848, 95VW3K031AA, 95VW3K099AA, 95VW3K099AB, 1J0412249, 357412249, 357412249A, 357412331A, 357412331AS, 6Q0412341, 6R0412249, 6R0412341, 1J0412249, 357412249, 357412249A, 357412331A, 6Q0412341, 6R0412249, 6R0412341, 4503300051, A4503300051, 1J0412249, 357412249, 357412249A, 357412331A, 357412331AS, 6Q0412341, 6R0412249<\/p>\n","protected":false},"excerpt":{"rendered":"<p>VAICO Korjaussarja, Jousijalan Tukilaakeri V10-2007  VW,SEAT,FORD,GOLF III 1H1,SHARAN 7M8, 7M9, 7M6,PASSAT Variant 3A5, 35I,GOLF III Cabriolet 1E7<\/p>\n","protected":false},"featured_media":0,"template":"","meta":{"site-sidebar-layout":"default","site-content-layout":"default","ast-global-header-display":"","ast-main-header-display":"","ast-hfb-above-header-display":"","ast-hfb-below-header-display":"","ast-hfb-mobile-header-display":"","site-post-title":"","ast-breadcrumbs-content":"","ast-featured-img":"","footer-sml-layout":"","theme-transparent-header-meta":"","adv-header-id-meta":"","stick-header-meta":"","header-above-stick-meta":"","header-main-stick-meta":"","header-below-stick-meta":""},"pwb-brand":[330],"product_cat":[45],"product_tag":[],"class_list":{"0":"post-97297","1":"product","2":"type-product","3":"status-publish","5":"pwb-brand-vaico","6":"product_cat-jousijalan-tukilaakeri","7":"desktop-align-left","8":"tablet-align-left","9":"mobile-align-left","11":"first","12":"instock","13":"product-type-external"},"brands":[{"id":330,"name":"VAICO","slug":"vaico"}],"_links":{"self":[{"href":"https:\/\/www.autonvaraosahaku.fi\/index.php?rest_route=\/wp\/v2\/product\/97297","targetHints":{"allow":["GET"]}}],"collection":[{"href":"https:\/\/www.autonvaraosahaku.fi\/index.php?rest_route=\/wp\/v2\/product"}],"about":[{"href":"https:\/\/www.autonvaraosahaku.fi\/index.php?rest_route=\/wp\/v2\/types\/product"}],"wp:attachment":[{"href":"https:\/\/www.autonvaraosahaku.fi\/index.php?rest_route=%2Fwp%2Fv2%2Fmedia&parent=97297"}],"wp:term":[{"taxonomy":"pwb-brand","embeddable":true,"href":"https:\/\/www.autonvaraosahaku.fi\/index.php?rest_route=%2Fwp%2Fv2%2Fpwb-brand&post=97297"},{"taxonomy":"product_cat","embeddable":true,"href":"https:\/\/www.autonvaraosahaku.fi\/index.php?rest_route=%2Fwp%2Fv2%2Fproduct_cat&post=97297"},{"taxonomy":"product_tag","embeddable":true,"href":"https:\/\/www.autonvaraosahaku.fi\/index.php?rest_route=%2Fwp%2Fv2%2Fproduct_tag&post=97297"}],"curies":[{"name":"wp","href":"https:\/\/api.w.org\/{rel}","templated":true}]}}