{"id":9730,"date":"2021-02-21T14:06:46","date_gmt":"2021-02-21T14:06:46","guid":{"rendered":"https:\/\/www.autonvaraosahaku.fi\/?product=metzger-2220079-pissapojan-pumppu"},"modified":"2021-02-21T14:06:47","modified_gmt":"2021-02-21T14:06:47","slug":"metzger-2220079-pissapojan-pumppu","status":"publish","type":"product","link":"https:\/\/www.autonvaraosahaku.fi\/?product=metzger-2220079-pissapojan-pumppu","title":{"rendered":"METZGER 2220079 Pissapojan pumppu"},"content":{"rendered":"<p>Asennuspuoli: Edess\u00e4; Korvaava tuote\/korvaava tiedote 2: tuulilasinpuhdistukseen; Pumpputyyppi: Pumppu, (monopumppu); J\u00e4nnite (V): 12; Napojen m\u00e4\u00e4r\u00e4: 2; Valmistusvuoteen: 07\/2017; MAZDA: 5 CR19,3 BK,6 Station Wagon GY,6 Hatchback GG,6 GG,RX 8 SE17,3 Stufenheck BK; LEXUS: IS II GSE2_, ALE2_, USE2_,RX MHU3_, GSU3_, MCU3_,GS GRS19_, UZS19_, GWS19_,RX GYL1_, GGL15, AGL10,CT ZWA1_,IS III GSE3_, AVE3_,LS UVF4_, USF4_,GS GRL1_, GWL1_,IS C GSE2_,LX URJ201,ES AVV6_, GSV6_, ASV6_,GX URJ15_,RC GSC1_, USC1_; SUBARU: TREZIA; TOYOTA: YARIS SCP9_, NSP9_, KSP9_, NCP9_, ZSP9_,AURIS NRE15_, ZZE15_, ADE15_, ZRE15_, NDE15_,RAV 4 II CLA2_, XA2_, ZCA2_, ACA2_,PRIUS Liftback NHW20_,PRIUS ZVW3_,PREVIA MCR3_, ACR3_, CLR3_,LAND CRUISER KDJ12_, GRJ12_,HILUX III Pick-up TGN1_, GGN2_, GGN1_, KUN2_, KUN1_,VERSO S NLP12_, NCP12_, NSP12_,VIOS\/YARIS Stufenheck ZSP9_, NCP9_,PRIUS PLUS ZVW4_,URBAN CRUISER NSP1_, NLP1_, ZSP1_, NCP11_,LAND CRUISER 150 KDJ15_, GRJ15_,LAND CRUISER VDJ20_, UZJ20_,COROLLA Stufenheck E15_,CAMRY Stufenheck _XV4_,CAMRY Stufenheck AVV5_, XV5_; 8533047010, 8533060150, 8533060170, 8533060190, 8533071010, EG2267482, FE0167482, G22C67482, 8533047010, 8533060150, 8533060170, 8533060190, 8533071010; Pesurin Pumppu,Lasinpesurin Pumppu,Pesunestepumppu, Lasinpesu<\/p>\n","protected":false},"excerpt":{"rendered":"<p>METZGER Pissapojan Pumppu 2220079 Pesurin Pumppu,Lasinpesurin Pumppu MAZDA,LEXUS,SUBARU,5 CR19,3 BK,6 Station Wagon GY,6 Hatchback GG,6 GG,RX 8 SE17<\/p>\n","protected":false},"featured_media":0,"template":"","meta":{"site-sidebar-layout":"default","site-content-layout":"default","ast-global-header-display":"","ast-main-header-display":"","ast-hfb-above-header-display":"","ast-hfb-below-header-display":"","ast-hfb-mobile-header-display":"","site-post-title":"","ast-breadcrumbs-content":"","ast-featured-img":"","footer-sml-layout":"","theme-transparent-header-meta":"","adv-header-id-meta":"","stick-header-meta":"","header-above-stick-meta":"","header-main-stick-meta":"","header-below-stick-meta":""},"pwb-brand":[69],"product_cat":[182],"product_tag":[],"class_list":{"0":"post-9730","1":"product","2":"type-product","3":"status-publish","5":"pwb-brand-metzger","6":"product_cat-pissapojan-pumppu","7":"desktop-align-left","8":"tablet-align-left","9":"mobile-align-left","11":"first","12":"instock","13":"product-type-external"},"brands":[{"id":69,"name":"METZGER","slug":"metzger"}],"_links":{"self":[{"href":"https:\/\/www.autonvaraosahaku.fi\/index.php?rest_route=\/wp\/v2\/product\/9730","targetHints":{"allow":["GET"]}}],"collection":[{"href":"https:\/\/www.autonvaraosahaku.fi\/index.php?rest_route=\/wp\/v2\/product"}],"about":[{"href":"https:\/\/www.autonvaraosahaku.fi\/index.php?rest_route=\/wp\/v2\/types\/product"}],"wp:attachment":[{"href":"https:\/\/www.autonvaraosahaku.fi\/index.php?rest_route=%2Fwp%2Fv2%2Fmedia&parent=9730"}],"wp:term":[{"taxonomy":"pwb-brand","embeddable":true,"href":"https:\/\/www.autonvaraosahaku.fi\/index.php?rest_route=%2Fwp%2Fv2%2Fpwb-brand&post=9730"},{"taxonomy":"product_cat","embeddable":true,"href":"https:\/\/www.autonvaraosahaku.fi\/index.php?rest_route=%2Fwp%2Fv2%2Fproduct_cat&post=9730"},{"taxonomy":"product_tag","embeddable":true,"href":"https:\/\/www.autonvaraosahaku.fi\/index.php?rest_route=%2Fwp%2Fv2%2Fproduct_tag&post=9730"}],"curies":[{"name":"wp","href":"https:\/\/api.w.org\/{rel}","templated":true}]}}