{"id":97307,"date":"2021-02-21T22:12:49","date_gmt":"2021-02-21T22:12:49","guid":{"rendered":"https:\/\/www.autonvaraosahaku.fi\/?product=vaico-v30-40010-jarrulevyt"},"modified":"2021-02-21T22:12:55","modified_gmt":"2021-02-21T22:12:55","slug":"vaico-v30-40010-jarrulevyt","status":"publish","type":"product","link":"https:\/\/www.autonvaraosahaku.fi\/?product=vaico-v30-40010-jarrulevyt","title":{"rendered":"VAICO V30-40010 Jarrulevyt"},"content":{"rendered":"<p>Asennuspuoli: Etuakseli, Etuakseli; Vanne, aukkoja: 5; Korkeus (mm): 46,5; Jarrulevytyyppi: Vakiomalli; Jarrulevyn paksuus (mm): 12; V\u00e4himm\u00e4ispaksuus (mm): 10; Ulkol\u00e4pimitta [mm]: 284; keskitt\u00e4misl\u00e4pimitta [mm]: 67; Reik\u00e4ympyr\u00e4-\u00d8 [mm]: 112; Jarrulevyn navan korkeus [mm]: 35; Pakkausleveys [cm]: 30, 30; Pakkauskorkeus [mm]: 10, 10; Pakkaussyvyys [cm]: 30, 30; Reik\u00e4-\u00d8 2 [mm]: 11,1; t\u00e4ytt\u00e4\u00e4 ECE-normin: R90; Paino [kg]: 5,619; lis\u00e4tieto: CST99; Valmistusvuoteen: 02\/1990; MERCEDES-BENZ: Stufenheck W124,KOMBI Kombi S124,E-CLASS W124,COUPE C124,E-CLASS Kombi S124; 1244211212, 1244211312, 124421131264, A1244211212, A1244211312, A124421131264; Jarrulevy<\/p>\n","protected":false},"excerpt":{"rendered":"<p>VAICO Jarrulevyt V30-40010 Jarrulevy MERCEDES-BENZ,Stufenheck W124,KOMBI Kombi S124,E-CLASS W124,COUPE C124,E-CLASS Kombi S124<\/p>\n","protected":false},"featured_media":0,"template":"","meta":{"site-sidebar-layout":"default","site-content-layout":"default","ast-global-header-display":"","ast-main-header-display":"","ast-hfb-above-header-display":"","ast-hfb-below-header-display":"","ast-hfb-mobile-header-display":"","site-post-title":"","ast-breadcrumbs-content":"","ast-featured-img":"","footer-sml-layout":"","theme-transparent-header-meta":"","adv-header-id-meta":"","stick-header-meta":"","header-above-stick-meta":"","header-main-stick-meta":"","header-below-stick-meta":""},"pwb-brand":[330],"product_cat":[66],"product_tag":[],"class_list":{"0":"post-97307","1":"product","2":"type-product","3":"status-publish","5":"pwb-brand-vaico","6":"product_cat-jarrulevyt","7":"desktop-align-left","8":"tablet-align-left","9":"mobile-align-left","11":"first","12":"instock","13":"product-type-external"},"brands":[{"id":330,"name":"VAICO","slug":"vaico"}],"_links":{"self":[{"href":"https:\/\/www.autonvaraosahaku.fi\/index.php?rest_route=\/wp\/v2\/product\/97307","targetHints":{"allow":["GET"]}}],"collection":[{"href":"https:\/\/www.autonvaraosahaku.fi\/index.php?rest_route=\/wp\/v2\/product"}],"about":[{"href":"https:\/\/www.autonvaraosahaku.fi\/index.php?rest_route=\/wp\/v2\/types\/product"}],"wp:attachment":[{"href":"https:\/\/www.autonvaraosahaku.fi\/index.php?rest_route=%2Fwp%2Fv2%2Fmedia&parent=97307"}],"wp:term":[{"taxonomy":"pwb-brand","embeddable":true,"href":"https:\/\/www.autonvaraosahaku.fi\/index.php?rest_route=%2Fwp%2Fv2%2Fpwb-brand&post=97307"},{"taxonomy":"product_cat","embeddable":true,"href":"https:\/\/www.autonvaraosahaku.fi\/index.php?rest_route=%2Fwp%2Fv2%2Fproduct_cat&post=97307"},{"taxonomy":"product_tag","embeddable":true,"href":"https:\/\/www.autonvaraosahaku.fi\/index.php?rest_route=%2Fwp%2Fv2%2Fproduct_tag&post=97307"}],"curies":[{"name":"wp","href":"https:\/\/api.w.org\/{rel}","templated":true}]}}