{"id":97323,"date":"2021-02-21T22:12:57","date_gmt":"2021-02-21T22:12:57","guid":{"rendered":"https:\/\/www.autonvaraosahaku.fi\/?product=vaico-v30-0154-oljypohja"},"modified":"2021-02-21T22:13:03","modified_gmt":"2021-02-21T22:13:03","slug":"vaico-v30-0154-oljypohja","status":"publish","type":"product","link":"https:\/\/www.autonvaraosahaku.fi\/?product=vaico-v30-0154-oljypohja","title":{"rendered":"VAICO V30-0154 \u00d6ljypohja"},"content":{"rendered":"<p>Pituus (mm): 345; Korvaava tuote\/korvaava tiedote 2: ilman tiivisterengasta, ilman \u00f6ljypohjan tiivistett\u00e4; Korkeus (mm): 50; Osa: Ala osa; \u00d6ljypohjan materiaali: Ter\u00e4slevy; Huomioi ajoneuvovalmistajan vaatimukset: ; Huomioi j\u00e4rjestelm\u00e4-t\u00e4ytt\u00f6m\u00e4\u00e4r\u00e4: ; Leveys (mm): 305; Lis\u00e4tarvike\/lis\u00e4tieto: ilman \u00f6ljynp\u00e4\u00e4st\u00f6ruuvia; Pinta: pulverik\u00e4sitelty; Lis\u00e4ksi tarvittavat tuotteet ks. tarvikeluettelo: ; Paino [kg]: 1,761; Pakkausleveys [cm]: 46,4; Pakkauskorkeus [mm]: 41,5; Pakkaussyvyys [cm]: 34,2; lis\u00e4tieto: CST99; MERCEDES-BENZ: S-CLASS W126,S-CLASS W108, W109,S-CLASS W116,S-CLASS Coupe C126; 1160103313, 1160104713, 1170100128, A1160103313, A1160104713, A1170100128<\/p>\n","protected":false},"excerpt":{"rendered":"<p>VAICO \u00d6ljypohja V30-0154  MERCEDES-BENZ,S-CLASS W126,S-CLASS W108, W109,S-CLASS W116,S-CLASS Coupe C126<\/p>\n","protected":false},"featured_media":0,"template":"","meta":{"site-sidebar-layout":"default","site-content-layout":"default","ast-global-header-display":"","ast-main-header-display":"","ast-hfb-above-header-display":"","ast-hfb-below-header-display":"","ast-hfb-mobile-header-display":"","site-post-title":"","ast-breadcrumbs-content":"","ast-featured-img":"","footer-sml-layout":"","theme-transparent-header-meta":"","adv-header-id-meta":"","stick-header-meta":"","header-above-stick-meta":"","header-main-stick-meta":"","header-below-stick-meta":""},"pwb-brand":[330],"product_cat":[225],"product_tag":[],"class_list":{"0":"post-97323","1":"product","2":"type-product","3":"status-publish","5":"pwb-brand-vaico","6":"product_cat-oljypohja","7":"desktop-align-left","8":"tablet-align-left","9":"mobile-align-left","11":"first","12":"instock","13":"product-type-external"},"brands":[{"id":330,"name":"VAICO","slug":"vaico"}],"_links":{"self":[{"href":"https:\/\/www.autonvaraosahaku.fi\/index.php?rest_route=\/wp\/v2\/product\/97323","targetHints":{"allow":["GET"]}}],"collection":[{"href":"https:\/\/www.autonvaraosahaku.fi\/index.php?rest_route=\/wp\/v2\/product"}],"about":[{"href":"https:\/\/www.autonvaraosahaku.fi\/index.php?rest_route=\/wp\/v2\/types\/product"}],"wp:attachment":[{"href":"https:\/\/www.autonvaraosahaku.fi\/index.php?rest_route=%2Fwp%2Fv2%2Fmedia&parent=97323"}],"wp:term":[{"taxonomy":"pwb-brand","embeddable":true,"href":"https:\/\/www.autonvaraosahaku.fi\/index.php?rest_route=%2Fwp%2Fv2%2Fpwb-brand&post=97323"},{"taxonomy":"product_cat","embeddable":true,"href":"https:\/\/www.autonvaraosahaku.fi\/index.php?rest_route=%2Fwp%2Fv2%2Fproduct_cat&post=97323"},{"taxonomy":"product_tag","embeddable":true,"href":"https:\/\/www.autonvaraosahaku.fi\/index.php?rest_route=%2Fwp%2Fv2%2Fproduct_tag&post=97323"}],"curies":[{"name":"wp","href":"https:\/\/api.w.org\/{rel}","templated":true}]}}