{"id":97331,"date":"2021-02-21T22:13:06","date_gmt":"2021-02-21T22:13:06","guid":{"rendered":"https:\/\/www.autonvaraosahaku.fi\/?product=febi-bilstein-32782-jarrulevyt"},"modified":"2021-02-21T22:13:07","modified_gmt":"2021-02-21T22:13:07","slug":"febi-bilstein-32782-jarrulevyt","status":"publish","type":"product","link":"https:\/\/www.autonvaraosahaku.fi\/?product=febi-bilstein-32782-jarrulevyt","title":{"rendered":"FEBI BILSTEIN 32782 Jarrulevyt"},"content":{"rendered":"<p>Jarrulevyn paksuus (mm): 9; Kiinnitysreikien lukum\u00e4\u00e4r\u00e4: 4; Paksuus [mm]: 69,2; Ulkol\u00e4pimitta [mm]: 248,4; Reik\u00e4ympyr\u00e4-\u00d8 [mm]: 108; Pinta: rasvattu; Jarrulevytyyppi: Vakiomalli; Asennuspuoli: Taka-akseli; V\u00e4himm\u00e4ispaksuus (mm): 7; Napa-\u00d8 (mm): 30; Paino [kg]: 5,56; keskitt\u00e4misl\u00e4pimitta [mm]: 56, 56; Moottorinumero: DV6ATED4; CITRO\u00cbN: C4 I LC_,DS3,C3 Picasso,C3 II,C4 Coupe LA_,C4 II B7,C4 Stufenheck L,DS3 Cabriolet,C4 CACTUS,C3 III SX; PEUGEOT: 207 WA_, WC_,307 SW 3H,207 CC WD_,307 CC 3B,307 3A\/C,207 SW WK_,208,307 Break 3E,2008,307 Stufenheck,207 Stufenheck,207 Van; DS: DS 3,DS 3 Cabriolet; 1619237980, 424919, 424932, 424932S1, E169512, 424932, 424932S1, 03648487, 3648487, 1619237980, 424919, 424932, 424932S1, E169512, 003648487, 03648487, 3648487; Jarrulevy<\/p>\n","protected":false},"excerpt":{"rendered":"<p>FEBI BILSTEIN Jarrulevyt 32782 Jarrulevy CITRO\u00cbN,PEUGEOT,DS,C4 I LC_,DS3,C3 Picasso,C3 II,C4 Coupe LA_,C4 II B7,C4 Stufenheck L,DS3 Cabriolet<\/p>\n","protected":false},"featured_media":0,"template":"","meta":{"site-sidebar-layout":"default","site-content-layout":"default","ast-global-header-display":"","ast-main-header-display":"","ast-hfb-above-header-display":"","ast-hfb-below-header-display":"","ast-hfb-mobile-header-display":"","site-post-title":"","ast-breadcrumbs-content":"","ast-featured-img":"","footer-sml-layout":"","theme-transparent-header-meta":"","adv-header-id-meta":"","stick-header-meta":"","header-above-stick-meta":"","header-main-stick-meta":"","header-below-stick-meta":""},"pwb-brand":[50],"product_cat":[66],"product_tag":[],"class_list":{"0":"post-97331","1":"product","2":"type-product","3":"status-publish","5":"pwb-brand-febi-bilstein","6":"product_cat-jarrulevyt","7":"desktop-align-left","8":"tablet-align-left","9":"mobile-align-left","11":"first","12":"instock","13":"product-type-external"},"brands":[{"id":50,"name":"FEBI BILSTEIN","slug":"febi-bilstein"}],"_links":{"self":[{"href":"https:\/\/www.autonvaraosahaku.fi\/index.php?rest_route=\/wp\/v2\/product\/97331","targetHints":{"allow":["GET"]}}],"collection":[{"href":"https:\/\/www.autonvaraosahaku.fi\/index.php?rest_route=\/wp\/v2\/product"}],"about":[{"href":"https:\/\/www.autonvaraosahaku.fi\/index.php?rest_route=\/wp\/v2\/types\/product"}],"wp:attachment":[{"href":"https:\/\/www.autonvaraosahaku.fi\/index.php?rest_route=%2Fwp%2Fv2%2Fmedia&parent=97331"}],"wp:term":[{"taxonomy":"pwb-brand","embeddable":true,"href":"https:\/\/www.autonvaraosahaku.fi\/index.php?rest_route=%2Fwp%2Fv2%2Fpwb-brand&post=97331"},{"taxonomy":"product_cat","embeddable":true,"href":"https:\/\/www.autonvaraosahaku.fi\/index.php?rest_route=%2Fwp%2Fv2%2Fproduct_cat&post=97331"},{"taxonomy":"product_tag","embeddable":true,"href":"https:\/\/www.autonvaraosahaku.fi\/index.php?rest_route=%2Fwp%2Fv2%2Fproduct_tag&post=97331"}],"curies":[{"name":"wp","href":"https:\/\/api.w.org\/{rel}","templated":true}]}}