{"id":97348,"date":"2021-02-21T22:13:06","date_gmt":"2021-02-21T22:13:06","guid":{"rendered":"https:\/\/www.autonvaraosahaku.fi\/?product=ridex-8a0267-ilmansuodatin"},"modified":"2021-02-21T22:13:13","modified_gmt":"2021-02-21T22:13:13","slug":"ridex-8a0267-ilmansuodatin","status":"publish","type":"product","link":"https:\/\/www.autonvaraosahaku.fi\/?product=ridex-8a0267-ilmansuodatin","title":{"rendered":"RIDEX 8A0267 Ilmansuodatin"},"content":{"rendered":"<p>Suodatintyyppi: Suodatinpanos; L\u00e4pimitta [mm]: 168; Korkeus (mm): 124; Sis\u00e4l\u00e4pimitta [mm]: 118; Organisaationumeroon: 4157; LADA: NIVA 2121; CITRO\u00cbN: BERLINGO MF,BERLINGO Kasten M_,XSARA N1,XSARA Break N2,XSARA Coupe N0,ZX N2,BX XB-_,ZX Break N2,BX Break XB-_,C15 VD-_,C15 Kombi,XSARA Kasten,XSARA Kasten\/Schr\u00e4gheck; PEUGEOT: 306 Schr\u00e4gheck 7A, 7C, N3, N5,PARTNER Combispace 5F,205 II 20A\/C,PARTNER Kasten 5,306 Break 7E, N3, N5,306 7B, N3, N5,309 II 3C, 3A,205 I 741A\/C,309 I 10C, 10A,306 Van N_, 7_,505 551A,305 II 581M,305 II Break 581E,305 I 581A,205 Kasten,305 I Break 581D,PARTNER Pritsche\/Fahrgestell,306 Kasten\/Schr\u00e4gheck; TALBOT: HORIZON; 25062211, 10033346, 1444F5, 1444SV, 1444VF, 144574, 144590, 905605188, 9401444848, 9401445898, 955464429, 955464629, 95589128, 95601137, 95605128, 5012563, 5017034, 5017457, 860X9601BSA, 860X9601CMA, 870X9601CMA, A840X9601UA, 25062211, 212151109100, 25062211, 114589, 144484, 1444G0, 1444SV, 1444VF, 1444WH, 144553, 144574, 144584, 144589, 144590, 9401445898<\/p>\n","protected":false},"excerpt":{"rendered":"<p>RIDEX Ilmansuodatin 8A0267  LADA,CITRO\u00cbN,PEUGEOT,NIVA 2121,BERLINGO MF,BERLINGO Kasten M_,XSARA N1,XSARA Break N2,XSARA Coupe N0,ZX N2,BX XB-_<\/p>\n","protected":false},"featured_media":0,"template":"","meta":{"site-sidebar-layout":"default","site-content-layout":"default","ast-global-header-display":"","ast-main-header-display":"","ast-hfb-above-header-display":"","ast-hfb-below-header-display":"","ast-hfb-mobile-header-display":"","site-post-title":"","ast-breadcrumbs-content":"","ast-featured-img":"","footer-sml-layout":"","theme-transparent-header-meta":"","adv-header-id-meta":"","stick-header-meta":"","header-above-stick-meta":"","header-main-stick-meta":"","header-below-stick-meta":""},"pwb-brand":[157],"product_cat":[31],"product_tag":[],"class_list":{"0":"post-97348","1":"product","2":"type-product","3":"status-publish","5":"pwb-brand-ridex","6":"product_cat-ilmansuodatin","7":"desktop-align-left","8":"tablet-align-left","9":"mobile-align-left","11":"first","12":"instock","13":"product-type-external"},"brands":[{"id":157,"name":"RIDEX","slug":"ridex"}],"_links":{"self":[{"href":"https:\/\/www.autonvaraosahaku.fi\/index.php?rest_route=\/wp\/v2\/product\/97348","targetHints":{"allow":["GET"]}}],"collection":[{"href":"https:\/\/www.autonvaraosahaku.fi\/index.php?rest_route=\/wp\/v2\/product"}],"about":[{"href":"https:\/\/www.autonvaraosahaku.fi\/index.php?rest_route=\/wp\/v2\/types\/product"}],"wp:attachment":[{"href":"https:\/\/www.autonvaraosahaku.fi\/index.php?rest_route=%2Fwp%2Fv2%2Fmedia&parent=97348"}],"wp:term":[{"taxonomy":"pwb-brand","embeddable":true,"href":"https:\/\/www.autonvaraosahaku.fi\/index.php?rest_route=%2Fwp%2Fv2%2Fpwb-brand&post=97348"},{"taxonomy":"product_cat","embeddable":true,"href":"https:\/\/www.autonvaraosahaku.fi\/index.php?rest_route=%2Fwp%2Fv2%2Fproduct_cat&post=97348"},{"taxonomy":"product_tag","embeddable":true,"href":"https:\/\/www.autonvaraosahaku.fi\/index.php?rest_route=%2Fwp%2Fv2%2Fproduct_tag&post=97348"}],"curies":[{"name":"wp","href":"https:\/\/api.w.org\/{rel}","templated":true}]}}