{"id":97354,"date":"2021-02-21T22:13:15","date_gmt":"2021-02-21T22:13:15","guid":{"rendered":"https:\/\/www.autonvaraosahaku.fi\/?product=magneti-marelli-062900089304-hehkutulppa"},"modified":"2021-02-21T22:13:18","modified_gmt":"2021-02-21T22:13:18","slug":"magneti-marelli-062900089304-hehkutulppa","status":"publish","type":"product","link":"https:\/\/www.autonvaraosahaku.fi\/?product=magneti-marelli-062900089304-hehkutulppa","title":{"rendered":"MAGNETI MARELLI 062900089304 Hehkutulppa"},"content":{"rendered":"<p>Liittimet: PIN; Kiristysmomentti enint\u00e4\u00e4n [Nm]: 15; Virta (A): 8; Kiristysmomentti > [Nm]: 10; Hehkutulppatyyppi: Metallihehkutulppa; Asennuskulma: 63; J\u00e4nnite (V): 4,4; Pituus 1 (mm): 51; Pituus 2 (mm): 24; Kokonaispituus (mm): 96,4; Kierremitta: M10X1; Avainv\u00e4li: 10; L\u00e4mmitysaika [min]: 2; Valmistusvuoteen: 12\/2015; MERCEDES-BENZ: B-CLASS W246, W242,A-CLASS W176,CLA Coupe C117,CITAN Kasten 415,CITAN Kombi 415,CITAN Mixto 415,GLA-CLASS X156,CLA Shooting Brake X117; RENAULT: TWINGO II CN0_,MEGANE III Grandtour KZ0\/1,MODUS \/ GRAND MODUS F\/JP0_,SC\u00c9NIC III JZ0\/1_,CLIO IV,MEGANE III Schr\u00e4gheck BZ0_,GRAND SC\u00c9NIC III JZ0\/1_,MEGANE III Coupe DZ0\/1_,KANGOO \/ GRAND KANGOO KW0\/1_,CAPTUR,KANGOO Express FW0\/1_,CLIO Grandtour IV,KANGOO BE BOP KW0\/1_,MEGANE CC EZ0\/1_,LAGUNA Coupe DT0\/1,FLUENCE L30_,LATITUDE L70_,CLIO III Kasten SB_, SR_,DUSTER,THALIA II LU1\/2_,KADJAR,MEGANE IV B9A\/M_,MEGANE IV Grandtour K9A\/M_,TALISMAN Grandtour KP_,TALISMAN,CLIO IV Kasten,GRAND SC\u00c9NIC IV R9_,SC\u00c9NIC IV J9_,MEGANE IV Stufenheck,LOGAN II Kombi,LOGAN II,THALIA III; NISSAN: QASHQAI \/ QASHQAI +2 J10, JJ10,NOTE E11,JUKE F15,NV200 EVALIA,NOTE E12,NV200 Kasten,CUBE Z12,QASHQAI J11, J11_,PULSAR Schr\u00e4gheck C13,MICRA V K14; DACIA: DUSTER,SANDERO,LOGAN MCV KS_,SANDERO II,LODGY,LOGAN MCV II,DOKKER,LOGAN LS_,DOKKER Express,LOGAN EXPRESS FS_,LOGAN Pick-up US_,LOGAN II,DUSTER Kasten; INFINITI: Q30; 8200682592, 1106500Q0E, 4151590001, A4151590001, 1106500Q0E, 110651186R, 110655687R, 8200682592, 8660001621, 4151590001, 4151590001<\/p>\n","protected":false},"excerpt":{"rendered":"<p>MAGNETI MARELLI Hehkutulppa 062900089304  MERCEDES-BENZ,RENAULT,NISSAN,B-CLASS W246, W242,A-CLASS W176,CLA Coupe C117,CITAN Kasten 415,CITAN Kombi 415<\/p>\n","protected":false},"featured_media":0,"template":"","meta":{"site-sidebar-layout":"default","site-content-layout":"default","ast-global-header-display":"","ast-main-header-display":"","ast-hfb-above-header-display":"","ast-hfb-below-header-display":"","ast-hfb-mobile-header-display":"","site-post-title":"","ast-breadcrumbs-content":"","ast-featured-img":"","footer-sml-layout":"","theme-transparent-header-meta":"","adv-header-id-meta":"","stick-header-meta":"","header-above-stick-meta":"","header-main-stick-meta":"","header-below-stick-meta":""},"pwb-brand":[34],"product_cat":[52],"product_tag":[],"class_list":{"0":"post-97354","1":"product","2":"type-product","3":"status-publish","5":"pwb-brand-magneti-marelli","6":"product_cat-hehkutulppa","7":"desktop-align-left","8":"tablet-align-left","9":"mobile-align-left","11":"first","12":"instock","13":"product-type-external"},"brands":[{"id":34,"name":"MAGNETI MARELLI","slug":"magneti-marelli"}],"_links":{"self":[{"href":"https:\/\/www.autonvaraosahaku.fi\/index.php?rest_route=\/wp\/v2\/product\/97354","targetHints":{"allow":["GET"]}}],"collection":[{"href":"https:\/\/www.autonvaraosahaku.fi\/index.php?rest_route=\/wp\/v2\/product"}],"about":[{"href":"https:\/\/www.autonvaraosahaku.fi\/index.php?rest_route=\/wp\/v2\/types\/product"}],"wp:attachment":[{"href":"https:\/\/www.autonvaraosahaku.fi\/index.php?rest_route=%2Fwp%2Fv2%2Fmedia&parent=97354"}],"wp:term":[{"taxonomy":"pwb-brand","embeddable":true,"href":"https:\/\/www.autonvaraosahaku.fi\/index.php?rest_route=%2Fwp%2Fv2%2Fpwb-brand&post=97354"},{"taxonomy":"product_cat","embeddable":true,"href":"https:\/\/www.autonvaraosahaku.fi\/index.php?rest_route=%2Fwp%2Fv2%2Fproduct_cat&post=97354"},{"taxonomy":"product_tag","embeddable":true,"href":"https:\/\/www.autonvaraosahaku.fi\/index.php?rest_route=%2Fwp%2Fv2%2Fproduct_tag&post=97354"}],"curies":[{"name":"wp","href":"https:\/\/api.w.org\/{rel}","templated":true}]}}