{"id":97363,"date":"2021-02-21T22:13:15","date_gmt":"2021-02-21T22:13:15","guid":{"rendered":"https:\/\/www.autonvaraosahaku.fi\/?product=motul-102889-moottorioljy"},"modified":"2021-02-21T22:13:21","modified_gmt":"2021-02-21T22:13:21","slug":"motul-102889-moottorioljy","status":"publish","type":"product","link":"https:\/\/www.autonvaraosahaku.fi\/?product=motul-102889-moottorioljy","title":{"rendered":"MOTUL 102889 Moottori\u00f6ljy"},"content":{"rendered":"<p>Tilavuus (litra): 5; \u00d6ljy: Synteettinen \u00f6ljy; Erittely: ACEA C2, API SN; Viskositeettiluokka SAE: 0W-30; Valmistajan hyv\u00e4ksym\u00e4: Ford WSS-M2C950-A, Fiat 9.55535-GS1, Fiat 9.55535-DS1; Versio: ECO-CLEAN; API-m\u00e4\u00e4rittely: ilman sis\u00e4\u00e4nrakennettua \u00f6ljyl\u00e4mp\u00f6tilan sensoria; ACEA-m\u00e4\u00e4rittely: C2; MAZDA: CX-5 KE, GH,3 BM,3 Stufenheck BM; JEEP: RENEGADE Gel\u00e4ndewagen geschlossen BU,CHEROKEE KL,COMPASS; IVECO: DAILY IV Kasten\/Kombi,DAILY IV Pritsche\/Fahrgestell,DAILY V Kasten\/Kombi,DAILY V Pritsche\/Fahrgestell,DAILY IV Bus,DAILY IV Kipper,DAILY V Kipper,DAILY VI Kasten\/Kombi,DAILY VI Pritsche\/Fahrgestell,DAILY VI Bus,DAILY TOURYS Bus,DAILY CITYS; NISSAN: MICRA IV K13,TIIDA Schr\u00e4gheck,TIIDA Stufenheck SC11X; KIA: SPORTAGE SL,CEE&#8217;D SW ED,CEE&#8217;D Schr\u00e4gheck ED,CEE&#8217;D JD,CEE`D Sportswagon JD,PRO CEE&#8217;D ED,CARENS IV,PRO CEE\u00b4D JD,SPORTAGE QL,SORENTO III,SOUL II PS,OPTIMA Sportswagon,STINGER CK,RIO IV YB,OPTIMA,PICANTO JA,STONIC YB; LEXUS: IS II GSE2_, ALE2_, USE2_,RX GYL1_, GGL15, AGL10,CT ZWA1_,IS III GSE3_, AVE3_,LS UVF4_, USF4_,GS GRL1_, GWL1_,IS C GSE2_,LX URJ201,NX ZGZ1_, AGZ1_, AYZ1_,RC GSC1_, USC1_; FORD USA: EDGE; HONDA: CIVIC VIII Hatchback FN, FK,CR-V III RE,CR-V II RD_,ACCORD VII CL,FR-V BE,CR-V IV RE,ACCORD VIII CU,ACCORD VII Tourer CM,CIVIC IX FK,ACCORD VIII Kombi,CIVIC IX Tourer FK,HR-V RU; HYUNDAI: i20 PB, PBT,i40 CW VF,i30 GD,ix20 JC,i30 CW GD,H-1 Travel TQ,SANTA F\u00c9 III DM,i30 Coupe,i40 VF,H-1 Cargo TQ,GRAND SANTA F\u00c9,TUCSON,i10 IA,ELANTRA Stufenheck MD, UD,i20 GB,i30 PDE,H350 Bus,i30 Kombi PDE,H350 Kasten,i20 ACTIVE GB,i20 Coupe,i10 Stufenheck; DAIHATSU: CHARADE<\/p>\n","protected":false},"excerpt":{"rendered":"<p>MOTUL Moottori\u00f6ljy 102889<\/p>\n","protected":false},"featured_media":0,"template":"","meta":{"site-sidebar-layout":"default","site-content-layout":"default","ast-global-header-display":"","ast-main-header-display":"","ast-hfb-above-header-display":"","ast-hfb-below-header-display":"","ast-hfb-mobile-header-display":"","site-post-title":"","ast-breadcrumbs-content":"","ast-featured-img":"","footer-sml-layout":"","theme-transparent-header-meta":"","adv-header-id-meta":"","stick-header-meta":"","header-above-stick-meta":"","header-main-stick-meta":"","header-below-stick-meta":""},"pwb-brand":[140],"product_cat":[129],"product_tag":[],"class_list":{"0":"post-97363","1":"product","2":"type-product","3":"status-publish","5":"pwb-brand-motul","6":"product_cat-moottorioljy","7":"desktop-align-left","8":"tablet-align-left","9":"mobile-align-left","11":"first","12":"instock","13":"product-type-external"},"brands":[{"id":140,"name":"MOTUL","slug":"motul"}],"_links":{"self":[{"href":"https:\/\/www.autonvaraosahaku.fi\/index.php?rest_route=\/wp\/v2\/product\/97363","targetHints":{"allow":["GET"]}}],"collection":[{"href":"https:\/\/www.autonvaraosahaku.fi\/index.php?rest_route=\/wp\/v2\/product"}],"about":[{"href":"https:\/\/www.autonvaraosahaku.fi\/index.php?rest_route=\/wp\/v2\/types\/product"}],"wp:attachment":[{"href":"https:\/\/www.autonvaraosahaku.fi\/index.php?rest_route=%2Fwp%2Fv2%2Fmedia&parent=97363"}],"wp:term":[{"taxonomy":"pwb-brand","embeddable":true,"href":"https:\/\/www.autonvaraosahaku.fi\/index.php?rest_route=%2Fwp%2Fv2%2Fpwb-brand&post=97363"},{"taxonomy":"product_cat","embeddable":true,"href":"https:\/\/www.autonvaraosahaku.fi\/index.php?rest_route=%2Fwp%2Fv2%2Fproduct_cat&post=97363"},{"taxonomy":"product_tag","embeddable":true,"href":"https:\/\/www.autonvaraosahaku.fi\/index.php?rest_route=%2Fwp%2Fv2%2Fproduct_tag&post=97363"}],"curies":[{"name":"wp","href":"https:\/\/api.w.org\/{rel}","templated":true}]}}