{"id":97364,"date":"2021-02-21T22:13:15","date_gmt":"2021-02-21T22:13:15","guid":{"rendered":"https:\/\/www.autonvaraosahaku.fi\/?product=trucktec-automotive-02-58-416-pyyhkijansulat"},"modified":"2021-02-21T22:13:22","modified_gmt":"2021-02-21T22:13:22","slug":"trucktec-automotive-02-58-416-pyyhkijansulat","status":"publish","type":"product","link":"https:\/\/www.autonvaraosahaku.fi\/?product=trucktec-automotive-02-58-416-pyyhkijansulat","title":{"rendered":"TRUCKTEC AUTOMOTIVE 02.58.416 Pyyhkij\u00e4nsulat"},"content":{"rendered":"<p>OE-numerolle: 204 820 1145; Vasen \/ oikea liikenne: Ohjaus vasemmalla; Asennuspuoli: Edess\u00e4; Pituus 1 \/ pituus 2: 600\/600; M\u00e4\u00e4r\u00e4: 2; Pituus1\/pituus2 [tuuma]: 24\/24; VW: GOLF V 1K1,TOURAN 1T1, 1T2,PASSAT Variant 3C5,PASSAT 3C2,TRANSPORTER V Bus 7HB, 7HJ, 7EB, 7EJ, 7EF,MULTIVAN V 7HM, 7HN, 7HF, 7EF, 7EM, 7EN,CADDY III Kasten 2KA, 2KH, 2CA, 2CH,EOS 1F7, 1F8,TRANSPORTER V Kasten 7HA, 7HH, 7EA, 7EH,PASSAT 3B3,PHAETON 3D_,JETTA III 1K2,LT 28-46 II Kasten 2DA, 2DD, 2DH,TRANSPORTER V Pritsche\/Fahrgestell 7JD, 7JE, 7JL, 7JY, 7JZ,,LT 28-35 II Bus 2DB, 2DE, 2DK,LT 28-46 II Pritsche\/Fahrgestell 2DC, 2DF, 2DG, 2DL, 2DM; AUDI: A3 8P1,A3 8L1,A3 Sportback 8PA; MAZDA: 2 DY,2 DE,PREMACY CP,MPV II LW; SKODA: OCTAVIA Combi 1Z5,OCTAVIA Combi 1U5,OCTAVIA 1Z3,OCTAVIA 1U2; BMW: 3 Touring E91,3 E90,5 E60,5 Touring E61,X5 E70,X5 E53,7 E38,5 E34,7 E32,8 E31,5 Touring E34; CHEVROLET: CAPTIVA C100, C140,TRANS SPORT; DAEWOO: REZZO KLAU; NISSAN: X-TRAIL T30,NOTE E11,PATHFINDER R51,X-TRAIL T31,PRIMASTAR Bus X83,SERENA C23M,PRIMASTAR Kasten X83,VANETTE CARGO Kasten HC 23,VANETTE CARGO Bus HC 23,SERENA C24; KIA: SORENTO I JC,CEE&#8217;D Schr\u00e4gheck ED,CARENS II FJ,CARENS III UN,CERATO LD,MAGENTIS GD,MAGENTIS MG,OPIRUS GH,CERATO Stufenheck LD,CARENS I FC; LEXUS: GS UZS161, JZS160,LS UVF4_, USF4_,LS UCF20,SC UZZ40_,LS UCF30; LR033028, LR078304, LR078306, 2048201145, A2048201145, 7H5955425; Tuulilasinpyyhkimet,Pyyhkij\u00e4t,Pyyhkij\u00e4nsulka<\/p>\n","protected":false},"excerpt":{"rendered":"<p>TRUCKTEC AUTOMOTIVE Pyyhkij\u00e4nsulat 02.58.416 Tuulilasinpyyhkimet,Pyyhkij\u00e4t VW,AUDI,MAZDA,GOLF V 1K1,TOURAN 1T1, 1T2,PASSAT Variant 3C5,PASSAT 3C2<\/p>\n","protected":false},"featured_media":0,"template":"","meta":{"site-sidebar-layout":"default","site-content-layout":"default","ast-global-header-display":"","ast-main-header-display":"","ast-hfb-above-header-display":"","ast-hfb-below-header-display":"","ast-hfb-mobile-header-display":"","site-post-title":"","ast-breadcrumbs-content":"","ast-featured-img":"","footer-sml-layout":"","theme-transparent-header-meta":"","adv-header-id-meta":"","stick-header-meta":"","header-above-stick-meta":"","header-main-stick-meta":"","header-below-stick-meta":""},"pwb-brand":[147],"product_cat":[33],"product_tag":[],"class_list":{"0":"post-97364","1":"product","2":"type-product","3":"status-publish","5":"pwb-brand-trucktec-automotive","6":"product_cat-pyyhkijansulat","7":"desktop-align-left","8":"tablet-align-left","9":"mobile-align-left","11":"first","12":"instock","13":"product-type-external"},"brands":[{"id":147,"name":"TRUCKTEC AUTOMOTIVE","slug":"trucktec-automotive"}],"_links":{"self":[{"href":"https:\/\/www.autonvaraosahaku.fi\/index.php?rest_route=\/wp\/v2\/product\/97364","targetHints":{"allow":["GET"]}}],"collection":[{"href":"https:\/\/www.autonvaraosahaku.fi\/index.php?rest_route=\/wp\/v2\/product"}],"about":[{"href":"https:\/\/www.autonvaraosahaku.fi\/index.php?rest_route=\/wp\/v2\/types\/product"}],"wp:attachment":[{"href":"https:\/\/www.autonvaraosahaku.fi\/index.php?rest_route=%2Fwp%2Fv2%2Fmedia&parent=97364"}],"wp:term":[{"taxonomy":"pwb-brand","embeddable":true,"href":"https:\/\/www.autonvaraosahaku.fi\/index.php?rest_route=%2Fwp%2Fv2%2Fpwb-brand&post=97364"},{"taxonomy":"product_cat","embeddable":true,"href":"https:\/\/www.autonvaraosahaku.fi\/index.php?rest_route=%2Fwp%2Fv2%2Fproduct_cat&post=97364"},{"taxonomy":"product_tag","embeddable":true,"href":"https:\/\/www.autonvaraosahaku.fi\/index.php?rest_route=%2Fwp%2Fv2%2Fproduct_tag&post=97364"}],"curies":[{"name":"wp","href":"https:\/\/api.w.org\/{rel}","templated":true}]}}