{"id":97371,"date":"2021-02-21T22:13:25","date_gmt":"2021-02-21T22:13:25","guid":{"rendered":"https:\/\/www.autonvaraosahaku.fi\/?product=ridex-3405b0057-jarrulevyt"},"modified":"2021-02-21T22:13:26","modified_gmt":"2021-02-21T22:13:26","slug":"ridex-3405b0057-jarrulevyt","status":"publish","type":"product","link":"https:\/\/www.autonvaraosahaku.fi\/?product=ridex-3405b0057-jarrulevyt","title":{"rendered":"RIDEX 3405B0057 Jarrulevyt"},"content":{"rendered":"<p>Asennuspuoli: Etuakseli; Jarruj\u00e4rjestelm\u00e4: ATE; Kulumisenilmaisimen liitos: Ilman kulumisenilmaisinta; Jarrulevytyyppi: Tuuletettu; Reikien m\u00e4\u00e4r\u00e4: 4; Reik\u00e4ympyr\u00e4-\u00d8 [mm]: 108; Ulkol\u00e4pimitta [mm]: 258; Jarrulevyn paksuus (mm): 22; M\u00e4\u00e4r\u00e4yksikk\u00f6: Sarja; moniosainen: moniosainen; Valmistusvuosi alkaen: 02\/2000; MAZDA: 2 DY,121 III JASM, JBSM; FORD: FIESTA V JH_, JD_,FIESTA IV JA_, JB_,FUSION JU_,KA RB_,STREET KA RL2,PUMA EC_,FIESTA V Van,FIESTA Kasten J5_, J3_,FIESTA Kasten JV_<\/p>\n","protected":false},"excerpt":{"rendered":"<p>RIDEX Jarrupalasarja Levyjarru 3405B0057  MAZDA,FORD,2 DY,121 III JASM, JBSM,FIESTA V JH_, JD_,FIESTA IV JA_, JB_,FUSION JU_,KA RB_,STREET KA RL2<\/p>\n","protected":false},"featured_media":0,"template":"","meta":{"site-sidebar-layout":"default","site-content-layout":"default","ast-global-header-display":"","ast-main-header-display":"","ast-hfb-above-header-display":"","ast-hfb-below-header-display":"","ast-hfb-mobile-header-display":"","site-post-title":"","ast-breadcrumbs-content":"","ast-featured-img":"","footer-sml-layout":"","theme-transparent-header-meta":"","adv-header-id-meta":"","stick-header-meta":"","header-above-stick-meta":"","header-main-stick-meta":"","header-below-stick-meta":""},"pwb-brand":[157],"product_cat":[66],"product_tag":[],"class_list":{"0":"post-97371","1":"product","2":"type-product","3":"status-publish","5":"pwb-brand-ridex","6":"product_cat-jarrulevyt","7":"desktop-align-left","8":"tablet-align-left","9":"mobile-align-left","11":"first","12":"instock","13":"product-type-external"},"brands":[{"id":157,"name":"RIDEX","slug":"ridex"}],"_links":{"self":[{"href":"https:\/\/www.autonvaraosahaku.fi\/index.php?rest_route=\/wp\/v2\/product\/97371","targetHints":{"allow":["GET"]}}],"collection":[{"href":"https:\/\/www.autonvaraosahaku.fi\/index.php?rest_route=\/wp\/v2\/product"}],"about":[{"href":"https:\/\/www.autonvaraosahaku.fi\/index.php?rest_route=\/wp\/v2\/types\/product"}],"wp:attachment":[{"href":"https:\/\/www.autonvaraosahaku.fi\/index.php?rest_route=%2Fwp%2Fv2%2Fmedia&parent=97371"}],"wp:term":[{"taxonomy":"pwb-brand","embeddable":true,"href":"https:\/\/www.autonvaraosahaku.fi\/index.php?rest_route=%2Fwp%2Fv2%2Fpwb-brand&post=97371"},{"taxonomy":"product_cat","embeddable":true,"href":"https:\/\/www.autonvaraosahaku.fi\/index.php?rest_route=%2Fwp%2Fv2%2Fproduct_cat&post=97371"},{"taxonomy":"product_tag","embeddable":true,"href":"https:\/\/www.autonvaraosahaku.fi\/index.php?rest_route=%2Fwp%2Fv2%2Fproduct_tag&post=97371"}],"curies":[{"name":"wp","href":"https:\/\/api.w.org\/{rel}","templated":true}]}}