{"id":97373,"date":"2021-02-21T22:13:25","date_gmt":"2021-02-21T22:13:25","guid":{"rendered":"https:\/\/www.autonvaraosahaku.fi\/?product=ridex-1180s0094-jousijalan-tukilaakeri"},"modified":"2021-02-21T22:13:27","modified_gmt":"2021-02-21T22:13:27","slug":"ridex-1180s0094-jousijalan-tukilaakeri","status":"publish","type":"product","link":"https:\/\/www.autonvaraosahaku.fi\/?product=ridex-1180s0094-jousijalan-tukilaakeri","title":{"rendered":"RIDEX 1180S0094 Jousijalan tukilaakeri"},"content":{"rendered":"<p>Asennuspuoli: etuakseli molemminpuoleinen; Ulkol\u00e4pimitta [mm]: 109; Sis\u00e4l\u00e4pimitta [mm]: 12; Korvaava tuote\/korvaava tiedote 2: Vierint\u00e4laakerilla; ABARTH: PUNTO 199_,PUNTO EVO 199_; LANCIA: YPSILON 843,YPSILON 312, 846; OPEL: CORSA D,ADAM,CORSA D Van,CORSA E,CORSA E Van; ALFA ROMEO: MITO 955; FIAT: GRANDE PUNTO 199,PUNTO 188,PUNTO EVO 199,PUNTO 199,PUNTO Van 199; VAUXHALL: CORSA Mk III D L_8,ADAM,CORSAVAN Mk III D,CORSA Mk IV E; 50521707, 50510134, 50521707, 51813225, 51831016, 51892267, 50510134, 50521707, 51780079, 51813225, 51831016, 51892267, 50510134, 50521707, 0344653, 344653, 55703313, 55703313; Iskarin Yl\u00e4p\u00e4\u00e4,Iskunvaimentimen Yl\u00e4p\u00e4\u00e4<\/p>\n","protected":false},"excerpt":{"rendered":"<p>RIDEX Jousijalan Tukilaakeri 1180S0094 Iskarin Yl\u00e4p\u00e4\u00e4,Iskunvaimentimen Yl\u00e4p\u00e4\u00e4 ABARTH,LANCIA,OPEL,PUNTO 199_,PUNTO EVO 199_,YPSILON 843<\/p>\n","protected":false},"featured_media":0,"template":"","meta":{"site-sidebar-layout":"default","site-content-layout":"default","ast-global-header-display":"","ast-main-header-display":"","ast-hfb-above-header-display":"","ast-hfb-below-header-display":"","ast-hfb-mobile-header-display":"","site-post-title":"","ast-breadcrumbs-content":"","ast-featured-img":"","footer-sml-layout":"","theme-transparent-header-meta":"","adv-header-id-meta":"","stick-header-meta":"","header-above-stick-meta":"","header-main-stick-meta":"","header-below-stick-meta":""},"pwb-brand":[157],"product_cat":[45],"product_tag":[],"class_list":{"0":"post-97373","1":"product","2":"type-product","3":"status-publish","5":"pwb-brand-ridex","6":"product_cat-jousijalan-tukilaakeri","7":"desktop-align-left","8":"tablet-align-left","9":"mobile-align-left","11":"first","12":"instock","13":"product-type-external"},"brands":[{"id":157,"name":"RIDEX","slug":"ridex"}],"_links":{"self":[{"href":"https:\/\/www.autonvaraosahaku.fi\/index.php?rest_route=\/wp\/v2\/product\/97373","targetHints":{"allow":["GET"]}}],"collection":[{"href":"https:\/\/www.autonvaraosahaku.fi\/index.php?rest_route=\/wp\/v2\/product"}],"about":[{"href":"https:\/\/www.autonvaraosahaku.fi\/index.php?rest_route=\/wp\/v2\/types\/product"}],"wp:attachment":[{"href":"https:\/\/www.autonvaraosahaku.fi\/index.php?rest_route=%2Fwp%2Fv2%2Fmedia&parent=97373"}],"wp:term":[{"taxonomy":"pwb-brand","embeddable":true,"href":"https:\/\/www.autonvaraosahaku.fi\/index.php?rest_route=%2Fwp%2Fv2%2Fpwb-brand&post=97373"},{"taxonomy":"product_cat","embeddable":true,"href":"https:\/\/www.autonvaraosahaku.fi\/index.php?rest_route=%2Fwp%2Fv2%2Fproduct_cat&post=97373"},{"taxonomy":"product_tag","embeddable":true,"href":"https:\/\/www.autonvaraosahaku.fi\/index.php?rest_route=%2Fwp%2Fv2%2Fproduct_tag&post=97373"}],"curies":[{"name":"wp","href":"https:\/\/api.w.org\/{rel}","templated":true}]}}