{"id":97383,"date":"2021-02-21T22:13:25","date_gmt":"2021-02-21T22:13:25","guid":{"rendered":"https:\/\/www.autonvaraosahaku.fi\/?product=beru-vk118-virranjakajan-kansi"},"modified":"2021-02-21T22:13:31","modified_gmt":"2021-02-21T22:13:31","slug":"beru-vk118-virranjakajan-kansi","status":"publish","type":"product","link":"https:\/\/www.autonvaraosahaku.fi\/?product=beru-vk118-virranjakajan-kansi","title":{"rendered":"BERU VK118 Virranjakajan kansi"},"content":{"rendered":"<p>Valmistaja rajaus: System BOSCH; Materiaali: Polyesteri; Pinta: sis\u00e4lt\u00e4 maalattu; Virranjakaja: Liit\u00e4nt\u00e4 DIN; Moottorinumeroon: 0106700; OPEL: KADETT E CC 33_, 34_, 43_, 44_,CORSA A CC 93_, 94_, 98_, 99_,KADETT C Coupe,MANTA B 58_, 59_,KADETT C,OPEL,ASCONA B 81_, 86_, 87_, 88_,ASCONA C 81_, 86_, 87_, 88_,REKORD E 17_-19_, 11_, 14_, 16_,MANTA A 58_, 59_,CORSA A TR 91_, 92_, 96_, 97_,REKORD C,KADETT D 31_-34_, 41_-44_,KADETT E 39_, 49_,ASCONA C CC 84_, 89_,REKORD D,KADETT E Caravan 35_, 36_, 45_, 46_,ASCONA A 81_, 86_, 87_, 88_,MANTA B CC 53_, 55_,KADETT C City,REKORD C Coupe,REKORD E Caravan 61_, 66_, 67_,REKORD D Coupe,KADETT C Caravan,REKORD C Caravan,KADETT D Caravan 35_, 36_, 45_, 46_,CORSA A Kasten,REKORD D Caravan,ASCONA A Voyage 84_, 89_; VAUXHALL: ASTRA Mk II CC,CARLTON Mk II Estate,NOVA CC,CARLTON Mk III; BEDFORD: BLITZ CF97; 1211252, 1211267, 1212148<\/p>\n","protected":false},"excerpt":{"rendered":"<p>BERU Virranjakajan Kansi VK118  OPEL,VAUXHALL,BEDFORD,KADETT E CC 33_, 34_, 43_, 44_,CORSA A CC 93_, 94_, 98_, 99_,KADETT C Coupe,MANTA B 58_, 59_<\/p>\n","protected":false},"featured_media":0,"template":"","meta":{"site-sidebar-layout":"default","site-content-layout":"default","ast-global-header-display":"","ast-main-header-display":"","ast-hfb-above-header-display":"","ast-hfb-below-header-display":"","ast-hfb-mobile-header-display":"","site-post-title":"","ast-breadcrumbs-content":"","ast-featured-img":"","footer-sml-layout":"","theme-transparent-header-meta":"","adv-header-id-meta":"","stick-header-meta":"","header-above-stick-meta":"","header-main-stick-meta":"","header-below-stick-meta":""},"pwb-brand":[327],"product_cat":[95],"product_tag":[],"class_list":{"0":"post-97383","1":"product","2":"type-product","3":"status-publish","5":"pwb-brand-beru","6":"product_cat-virranjakajan-kansi","7":"desktop-align-left","8":"tablet-align-left","9":"mobile-align-left","11":"first","12":"instock","13":"product-type-external"},"brands":[{"id":327,"name":"BERU","slug":"beru"}],"_links":{"self":[{"href":"https:\/\/www.autonvaraosahaku.fi\/index.php?rest_route=\/wp\/v2\/product\/97383","targetHints":{"allow":["GET"]}}],"collection":[{"href":"https:\/\/www.autonvaraosahaku.fi\/index.php?rest_route=\/wp\/v2\/product"}],"about":[{"href":"https:\/\/www.autonvaraosahaku.fi\/index.php?rest_route=\/wp\/v2\/types\/product"}],"wp:attachment":[{"href":"https:\/\/www.autonvaraosahaku.fi\/index.php?rest_route=%2Fwp%2Fv2%2Fmedia&parent=97383"}],"wp:term":[{"taxonomy":"pwb-brand","embeddable":true,"href":"https:\/\/www.autonvaraosahaku.fi\/index.php?rest_route=%2Fwp%2Fv2%2Fpwb-brand&post=97383"},{"taxonomy":"product_cat","embeddable":true,"href":"https:\/\/www.autonvaraosahaku.fi\/index.php?rest_route=%2Fwp%2Fv2%2Fproduct_cat&post=97383"},{"taxonomy":"product_tag","embeddable":true,"href":"https:\/\/www.autonvaraosahaku.fi\/index.php?rest_route=%2Fwp%2Fv2%2Fproduct_tag&post=97383"}],"curies":[{"name":"wp","href":"https:\/\/api.w.org\/{rel}","templated":true}]}}