{"id":97401,"date":"2021-02-21T22:13:34","date_gmt":"2021-02-21T22:13:34","guid":{"rendered":"https:\/\/www.autonvaraosahaku.fi\/?product=swf-116513-pyyhkijansulat"},"modified":"2021-02-21T22:13:38","modified_gmt":"2021-02-21T22:13:38","slug":"swf-116513-pyyhkijansulat","status":"publish","type":"product","link":"https:\/\/www.autonvaraosahaku.fi\/?product=swf-116513-pyyhkijansulat","title":{"rendered":"SWF 116513 Pyyhkij\u00e4nsulat"},"content":{"rendered":"<p>Asennuspuoli: Takana; M\u00e4\u00e4r\u00e4: 1; Pituus (mm): 300; Pituus (tuumaa): 12; Paino [kg]: 0,11; Tuotelinja: Rear; Pyyhkij\u00e4nsulkatyyppi: Tavallinen; Valmistusvuosi alkaen: 09\/2011; MAZDA: 5 CR19,6 Station Wagon GY,3 BL,5 CW,3 BM,6 Kombi GJ, GH; JEEP: GRAND CHEROKEE IV WK, WK2; KIA: RIO III UB,SOUL II PS,STONIC YB; LEXUS: NX ZGZ1_, AGZ1_, AYZ1_,RX _L2_; LAND ROVER: DISCOVERY SPORT LC; HYUNDAI: i20 PB, PBT; DAIHATSU: CUORE VIII,TERIOS J2_; SUZUKI: GRAND VITARA II JT,CELERIO,BALENO FW, EW; SUBARU: TREZIA; JAGUAR: XF SPORTBRAKE X260; 8524287401, 8524297401, K68040372AA, 988501J000, 988501J001, 988502K000, 988502K000, 852420R010, 8524242030, C24767330, G21B67330, GS2A67330, 3834058J00, 05018407AA, 5018407AA, 8524202040, 8524205080, 8524205110, 8524205210, 852420F010, 852420R010, 8524212100, 8524242030; Tuulilasinpyyhkimet,Pyyhkij\u00e4t,Pyyhkij\u00e4nsulka<\/p>\n","protected":false},"excerpt":{"rendered":"<p>SWF Pyyhkij\u00e4nsulat 116513 Tuulilasinpyyhkimet,Pyyhkij\u00e4t MAZDA,JEEP,KIA,5 CR19,6 Station Wagon GY,3 BL,5 CW,3 BM,6 Kombi GJ, GH<\/p>\n","protected":false},"featured_media":0,"template":"","meta":{"site-sidebar-layout":"default","site-content-layout":"default","ast-global-header-display":"","ast-main-header-display":"","ast-hfb-above-header-display":"","ast-hfb-below-header-display":"","ast-hfb-mobile-header-display":"","site-post-title":"","ast-breadcrumbs-content":"","ast-featured-img":"","footer-sml-layout":"","theme-transparent-header-meta":"","adv-header-id-meta":"","stick-header-meta":"","header-above-stick-meta":"","header-main-stick-meta":"","header-below-stick-meta":""},"pwb-brand":[204],"product_cat":[33],"product_tag":[],"class_list":{"0":"post-97401","1":"product","2":"type-product","3":"status-publish","5":"pwb-brand-swf","6":"product_cat-pyyhkijansulat","7":"desktop-align-left","8":"tablet-align-left","9":"mobile-align-left","11":"first","12":"instock","13":"product-type-external"},"brands":[{"id":204,"name":"SWF","slug":"swf"}],"_links":{"self":[{"href":"https:\/\/www.autonvaraosahaku.fi\/index.php?rest_route=\/wp\/v2\/product\/97401","targetHints":{"allow":["GET"]}}],"collection":[{"href":"https:\/\/www.autonvaraosahaku.fi\/index.php?rest_route=\/wp\/v2\/product"}],"about":[{"href":"https:\/\/www.autonvaraosahaku.fi\/index.php?rest_route=\/wp\/v2\/types\/product"}],"wp:attachment":[{"href":"https:\/\/www.autonvaraosahaku.fi\/index.php?rest_route=%2Fwp%2Fv2%2Fmedia&parent=97401"}],"wp:term":[{"taxonomy":"pwb-brand","embeddable":true,"href":"https:\/\/www.autonvaraosahaku.fi\/index.php?rest_route=%2Fwp%2Fv2%2Fpwb-brand&post=97401"},{"taxonomy":"product_cat","embeddable":true,"href":"https:\/\/www.autonvaraosahaku.fi\/index.php?rest_route=%2Fwp%2Fv2%2Fproduct_cat&post=97401"},{"taxonomy":"product_tag","embeddable":true,"href":"https:\/\/www.autonvaraosahaku.fi\/index.php?rest_route=%2Fwp%2Fv2%2Fproduct_tag&post=97401"}],"curies":[{"name":"wp","href":"https:\/\/api.w.org\/{rel}","templated":true}]}}