{"id":97410,"date":"2021-02-21T22:13:42","date_gmt":"2021-02-21T22:13:42","guid":{"rendered":"https:\/\/www.autonvaraosahaku.fi\/?product=sachs-802-697-jousijalan-tukilaakeri"},"modified":"2021-02-21T22:13:43","modified_gmt":"2021-02-21T22:13:43","slug":"sachs-802-697-jousijalan-tukilaakeri","status":"publish","type":"product","link":"https:\/\/www.autonvaraosahaku.fi\/?product=sachs-802-697-jousijalan-tukilaakeri","title":{"rendered":"SACHS 802 697 Jousijalan tukilaakeri"},"content":{"rendered":"<p>Asennuspuoli: Etuakseli; Lukum\u00e4\u00e4r\u00e4 akselille: 2; Alustarakenne: f\u00fcr Fahrzeuge mit Standard Fahrwerk; VW: POLO 6R, 6C,UP,LOAD UP; AUDI: A1 8X1, 8XF,A1 Sportback 8XA, 8XK; SKODA: ROOMSTER 5J,CITIGO,FABIA NJ3,FABIA Kombi NJ5; SEAT: Mii KF1_<\/p>\n","protected":false},"excerpt":{"rendered":"<p>SACHS Korjaussarja, Jousijalan Tukilaakeri 802 697  VW,AUDI,SKODA,POLO 6R, 6C,UP,LOAD UP,A1 8X1, 8XF,A1 Sportback 8XA, 8XK,ROOMSTER 5J,CITIGO<\/p>\n","protected":false},"featured_media":0,"template":"","meta":{"site-sidebar-layout":"default","site-content-layout":"default","ast-global-header-display":"","ast-main-header-display":"","ast-hfb-above-header-display":"","ast-hfb-below-header-display":"","ast-hfb-mobile-header-display":"","site-post-title":"","ast-breadcrumbs-content":"","ast-featured-img":"","footer-sml-layout":"","theme-transparent-header-meta":"","adv-header-id-meta":"","stick-header-meta":"","header-above-stick-meta":"","header-main-stick-meta":"","header-below-stick-meta":""},"pwb-brand":[91],"product_cat":[45],"product_tag":[],"class_list":{"0":"post-97410","1":"product","2":"type-product","3":"status-publish","5":"pwb-brand-sachs","6":"product_cat-jousijalan-tukilaakeri","7":"desktop-align-left","8":"tablet-align-left","9":"mobile-align-left","11":"first","12":"instock","13":"product-type-external"},"brands":[{"id":91,"name":"SACHS","slug":"sachs"}],"_links":{"self":[{"href":"https:\/\/www.autonvaraosahaku.fi\/index.php?rest_route=\/wp\/v2\/product\/97410","targetHints":{"allow":["GET"]}}],"collection":[{"href":"https:\/\/www.autonvaraosahaku.fi\/index.php?rest_route=\/wp\/v2\/product"}],"about":[{"href":"https:\/\/www.autonvaraosahaku.fi\/index.php?rest_route=\/wp\/v2\/types\/product"}],"wp:attachment":[{"href":"https:\/\/www.autonvaraosahaku.fi\/index.php?rest_route=%2Fwp%2Fv2%2Fmedia&parent=97410"}],"wp:term":[{"taxonomy":"pwb-brand","embeddable":true,"href":"https:\/\/www.autonvaraosahaku.fi\/index.php?rest_route=%2Fwp%2Fv2%2Fpwb-brand&post=97410"},{"taxonomy":"product_cat","embeddable":true,"href":"https:\/\/www.autonvaraosahaku.fi\/index.php?rest_route=%2Fwp%2Fv2%2Fproduct_cat&post=97410"},{"taxonomy":"product_tag","embeddable":true,"href":"https:\/\/www.autonvaraosahaku.fi\/index.php?rest_route=%2Fwp%2Fv2%2Fproduct_tag&post=97410"}],"curies":[{"name":"wp","href":"https:\/\/api.w.org\/{rel}","templated":true}]}}