{"id":97440,"date":"2021-02-21T22:13:51","date_gmt":"2021-02-21T22:13:51","guid":{"rendered":"https:\/\/www.autonvaraosahaku.fi\/?product=febi-bilstein-16902-jarrupalat"},"modified":"2021-02-21T22:13:55","modified_gmt":"2021-02-21T22:13:55","slug":"febi-bilstein-16902-jarrupalat","status":"publish","type":"product","link":"https:\/\/www.autonvaraosahaku.fi\/?product=febi-bilstein-16902-jarrupalat","title":{"rendered":"FEBI BILSTEIN 16902 Jarrupalat"},"content":{"rendered":"<p>Pituus (mm): 114,5; Leveys (mm): 91,4; Tarkistuskilpi: ECE R90 Approved; Asennuspuoli: Etuakseli; Paksuus 1 [mm]: 18,3; Jarruj\u00e4rjestelm\u00e4: Brembo; Paino [kg]: 2,315; Kulumisenilmaisimen liitos: Kulumisenilmaisemelle; M\u00e4\u00e4r\u00e4yksikk\u00f6: Akselisarja; TECDOC-moottorinumero: 26347; BMW: 1 F20,3 Touring F31,3 F30, F35, F80,1 F21,3 Gran Turismo F34,4 Coupe F32, F82,2 Coupe F22,4 Cabriolet F33, F83,4 Gran Coupe F36,2 Cabriolet F23; 34106799805, 34106859067, 34106866072, 34106872334, 34106878878, 34112284765, 34116850850, 34116857968, 34116859066, 34116859282, 34116865460, 34116876641, 34116878876, 34116878882; Jarrupalasarja,Jarrupala, Levyjarru<\/p>\n","protected":false},"excerpt":{"rendered":"<p>FEBI BILSTEIN Jarrupalat 16902 Jarrupalasarja,Jarrupala, Levyjarru BMW,1 F20,3 Touring F31,3 F30, F35, F80,1 F21,3 Gran Turismo F34,4 Coupe F32, F82<\/p>\n","protected":false},"featured_media":0,"template":"","meta":{"site-sidebar-layout":"default","site-content-layout":"default","ast-global-header-display":"","ast-main-header-display":"","ast-hfb-above-header-display":"","ast-hfb-below-header-display":"","ast-hfb-mobile-header-display":"","site-post-title":"","ast-breadcrumbs-content":"","ast-featured-img":"","footer-sml-layout":"","theme-transparent-header-meta":"","adv-header-id-meta":"","stick-header-meta":"","header-above-stick-meta":"","header-main-stick-meta":"","header-below-stick-meta":""},"pwb-brand":[50],"product_cat":[100],"product_tag":[],"class_list":{"0":"post-97440","1":"product","2":"type-product","3":"status-publish","5":"pwb-brand-febi-bilstein","6":"product_cat-jarrupalat","7":"desktop-align-left","8":"tablet-align-left","9":"mobile-align-left","11":"first","12":"instock","13":"product-type-external"},"brands":[{"id":50,"name":"FEBI BILSTEIN","slug":"febi-bilstein"}],"_links":{"self":[{"href":"https:\/\/www.autonvaraosahaku.fi\/index.php?rest_route=\/wp\/v2\/product\/97440","targetHints":{"allow":["GET"]}}],"collection":[{"href":"https:\/\/www.autonvaraosahaku.fi\/index.php?rest_route=\/wp\/v2\/product"}],"about":[{"href":"https:\/\/www.autonvaraosahaku.fi\/index.php?rest_route=\/wp\/v2\/types\/product"}],"wp:attachment":[{"href":"https:\/\/www.autonvaraosahaku.fi\/index.php?rest_route=%2Fwp%2Fv2%2Fmedia&parent=97440"}],"wp:term":[{"taxonomy":"pwb-brand","embeddable":true,"href":"https:\/\/www.autonvaraosahaku.fi\/index.php?rest_route=%2Fwp%2Fv2%2Fpwb-brand&post=97440"},{"taxonomy":"product_cat","embeddable":true,"href":"https:\/\/www.autonvaraosahaku.fi\/index.php?rest_route=%2Fwp%2Fv2%2Fproduct_cat&post=97440"},{"taxonomy":"product_tag","embeddable":true,"href":"https:\/\/www.autonvaraosahaku.fi\/index.php?rest_route=%2Fwp%2Fv2%2Fproduct_tag&post=97440"}],"curies":[{"name":"wp","href":"https:\/\/api.w.org\/{rel}","templated":true}]}}