{"id":97446,"date":"2021-02-21T22:13:51","date_gmt":"2021-02-21T22:13:51","guid":{"rendered":"https:\/\/www.autonvaraosahaku.fi\/?product=calorstat-by-vernet-ws2504-jaahdytysnesteen-lampotila-anturi"},"modified":"2021-02-21T22:13:57","modified_gmt":"2021-02-21T22:13:57","slug":"calorstat-by-vernet-ws2504-jaahdytysnesteen-lampotila-anturi","status":"publish","type":"product","link":"https:\/\/www.autonvaraosahaku.fi\/?product=calorstat-by-vernet-ws2504-jaahdytysnesteen-lampotila-anturi","title":{"rendered":"CALORSTAT by Vernet WS2504 J\u00e4\u00e4hdytysnesteen l\u00e4mp\u00f6tila anturi"},"content":{"rendered":"<p>Kierremitta: M14x1.25; Valmistusvuosi alkaen: 01\/1982; RENAULT: SUPER 5 B\/C40_,9 L42_,ESPACE I J11_,11 B\/C37_,25 B29_,MASTER I Kasten T__,11 Kasten S37_,MASTER I Bus T__,MASTER I Pritsche\/Fahrgestell P__; FIAT: DUCATO Kasten 280,DUCATO Panorama 280,TALENTO Pritsche\/Fahrgestell 290,TALENTO Bus 290,TALENTO Kasten 290; CITRO\u00cbN: AX ZA-_,ZX N2,BX XB-_,BX Break XB-_,C15 VD-_; PEUGEOT: 205 II 20A\/C,J5 Pritsche\/Fahrgestell 280L,J5 Pritsche\/Fahrgestell 290L,205 I Cabriolet 741B, 20D,J5 Bus 290P,309 II 3C, 3A,205 I 741A\/C,J5 Kasten 290L,J5 Bus 280P,405 I 15B,405 II 4B,504 A_, M_,309 I 10C, 10A,505 551A,405 II Break 4E,405 I Break 15E,305 II 581M,505 Break 551D,604 561A_,305 II Break 581E,305 I 581A; TALBOT: SOLARA; T0767102, T1348143, 7700686174, 7700767102, 7701348488, 0015794500, 0021548200, 0042790300, 015794500430, 15794500, 9750951080, SM71446000, 299085, 2990857; J\u00e4\u00e4hdytysnestel\u00e4mp\u00f6tilan Sensori<\/p>\n","protected":false},"excerpt":{"rendered":"<p>CALORSTAT by Vernet J\u00e4\u00e4hdytysnesteen L\u00e4mp\u00f6tila Anturi WS2504 J\u00e4\u00e4hdytysnestel\u00e4mp\u00f6tilan Sensori RENAULT,FIAT,CITRO\u00cbN,SUPER 5 B\/C40_,9 L42_,ESPACE I J11_<\/p>\n","protected":false},"featured_media":0,"template":"","meta":{"site-sidebar-layout":"default","site-content-layout":"default","ast-global-header-display":"","ast-main-header-display":"","ast-hfb-above-header-display":"","ast-hfb-below-header-display":"","ast-hfb-mobile-header-display":"","site-post-title":"","ast-breadcrumbs-content":"","ast-featured-img":"","footer-sml-layout":"","theme-transparent-header-meta":"","adv-header-id-meta":"","stick-header-meta":"","header-above-stick-meta":"","header-main-stick-meta":"","header-below-stick-meta":""},"pwb-brand":[343],"product_cat":[200],"product_tag":[],"class_list":{"0":"post-97446","1":"product","2":"type-product","3":"status-publish","5":"pwb-brand-calorstat-by-vernet","6":"product_cat-jaahdytysnesteen-lampotila-anturi","7":"desktop-align-left","8":"tablet-align-left","9":"mobile-align-left","11":"first","12":"instock","13":"product-type-external"},"brands":[{"id":343,"name":"CALORSTAT by Vernet","slug":"calorstat-by-vernet"}],"_links":{"self":[{"href":"https:\/\/www.autonvaraosahaku.fi\/index.php?rest_route=\/wp\/v2\/product\/97446","targetHints":{"allow":["GET"]}}],"collection":[{"href":"https:\/\/www.autonvaraosahaku.fi\/index.php?rest_route=\/wp\/v2\/product"}],"about":[{"href":"https:\/\/www.autonvaraosahaku.fi\/index.php?rest_route=\/wp\/v2\/types\/product"}],"wp:attachment":[{"href":"https:\/\/www.autonvaraosahaku.fi\/index.php?rest_route=%2Fwp%2Fv2%2Fmedia&parent=97446"}],"wp:term":[{"taxonomy":"pwb-brand","embeddable":true,"href":"https:\/\/www.autonvaraosahaku.fi\/index.php?rest_route=%2Fwp%2Fv2%2Fpwb-brand&post=97446"},{"taxonomy":"product_cat","embeddable":true,"href":"https:\/\/www.autonvaraosahaku.fi\/index.php?rest_route=%2Fwp%2Fv2%2Fproduct_cat&post=97446"},{"taxonomy":"product_tag","embeddable":true,"href":"https:\/\/www.autonvaraosahaku.fi\/index.php?rest_route=%2Fwp%2Fv2%2Fproduct_tag&post=97446"}],"curies":[{"name":"wp","href":"https:\/\/api.w.org\/{rel}","templated":true}]}}