{"id":9745,"date":"2021-02-21T14:06:49","date_gmt":"2021-02-21T14:06:49","guid":{"rendered":"https:\/\/www.autonvaraosahaku.fi\/?product=master-sport-13046057772n-set-ms-jarrupalat"},"modified":"2021-02-21T14:06:50","modified_gmt":"2021-02-21T14:06:50","slug":"master-sport-13046057772n-set-ms-jarrupalat","status":"publish","type":"product","link":"https:\/\/www.autonvaraosahaku.fi\/?product=master-sport-13046057772n-set-ms-jarrupalat","title":{"rendered":"MASTER-SPORT 13046057772N-SET-MS Jarrupalat"},"content":{"rendered":"<p>Paksuus [mm]: 16,3; Leveys (mm): 156,7; Korkeus (mm): 60,9; Kulumisenilmaisimen liitos: akustisella kulumavaroittimella; Korvaava tuote\/korvaava tiedote 2: Huudonvaimennuspellill\u00e4; Nettopaino [kg]: 1,84; Bruttopaino [kg]: 1,86; Asennuspuoli: Vorderachse; KIA: SORENTO II XM; HYUNDAI: SANTA F\u00c9 I SM,SANTA F\u00c9 II CM,SANTA F\u00c9 III DM,GRAND SANTA F\u00c9; 581010WA00, 581012BA00, 581012BA10, 581012WA70, 581013MA00, 581014DU00, 581012BA00, 581012BA10, 581012PA70; Jarrupalasarja,Jarrupala, Levyjarru<\/p>\n","protected":false},"excerpt":{"rendered":"<p>MASTER-SPORT Jarrupalat Premium 13046057772N-SET-MS Jarrupalasarja,Jarrupala, Levyjarru KIA,HYUNDAI,SORENTO II XM,SANTA F\u00c9 I SM,SANTA F\u00c9 II CM<\/p>\n","protected":false},"featured_media":0,"template":"","meta":{"site-sidebar-layout":"default","site-content-layout":"default","ast-global-header-display":"","ast-main-header-display":"","ast-hfb-above-header-display":"","ast-hfb-below-header-display":"","ast-hfb-mobile-header-display":"","site-post-title":"","ast-breadcrumbs-content":"","ast-featured-img":"","footer-sml-layout":"","theme-transparent-header-meta":"","adv-header-id-meta":"","stick-header-meta":"","header-above-stick-meta":"","header-main-stick-meta":"","header-below-stick-meta":""},"pwb-brand":[61],"product_cat":[100],"product_tag":[],"class_list":{"0":"post-9745","1":"product","2":"type-product","3":"status-publish","5":"pwb-brand-master-sport","6":"product_cat-jarrupalat","7":"desktop-align-left","8":"tablet-align-left","9":"mobile-align-left","11":"first","12":"instock","13":"product-type-external"},"brands":[{"id":61,"name":"MASTER-SPORT","slug":"master-sport"}],"_links":{"self":[{"href":"https:\/\/www.autonvaraosahaku.fi\/index.php?rest_route=\/wp\/v2\/product\/9745","targetHints":{"allow":["GET"]}}],"collection":[{"href":"https:\/\/www.autonvaraosahaku.fi\/index.php?rest_route=\/wp\/v2\/product"}],"about":[{"href":"https:\/\/www.autonvaraosahaku.fi\/index.php?rest_route=\/wp\/v2\/types\/product"}],"wp:attachment":[{"href":"https:\/\/www.autonvaraosahaku.fi\/index.php?rest_route=%2Fwp%2Fv2%2Fmedia&parent=9745"}],"wp:term":[{"taxonomy":"pwb-brand","embeddable":true,"href":"https:\/\/www.autonvaraosahaku.fi\/index.php?rest_route=%2Fwp%2Fv2%2Fpwb-brand&post=9745"},{"taxonomy":"product_cat","embeddable":true,"href":"https:\/\/www.autonvaraosahaku.fi\/index.php?rest_route=%2Fwp%2Fv2%2Fproduct_cat&post=9745"},{"taxonomy":"product_tag","embeddable":true,"href":"https:\/\/www.autonvaraosahaku.fi\/index.php?rest_route=%2Fwp%2Fv2%2Fproduct_tag&post=9745"}],"curies":[{"name":"wp","href":"https:\/\/api.w.org\/{rel}","templated":true}]}}