{"id":97450,"date":"2021-02-21T22:13:59","date_gmt":"2021-02-21T22:13:59","guid":{"rendered":"https:\/\/www.autonvaraosahaku.fi\/?product=valeo-586063-oljynsuodatin"},"modified":"2021-02-21T22:13:59","modified_gmt":"2021-02-21T22:13:59","slug":"valeo-586063-oljynsuodatin","status":"publish","type":"product","link":"https:\/\/www.autonvaraosahaku.fi\/?product=valeo-586063-oljynsuodatin","title":{"rendered":"VALEO 586063 \u00d6ljynsuodatin"},"content":{"rendered":"<p>Kierremitta: UNF 3\/4-16; Ulkol\u00e4pimitta [mm]: 93; Sis\u00e4l\u00e4pimitta 1 [mm]: 72; Sis\u00e4l\u00e4pimitta 2 [mm]: 62,2; Korkeus (mm): 96; Avauspaine ohitusventtiili [bar]: 1; Suodatintyyppi: Ruuvattava suodatin; Paino [kg]: 0,511; Valmistusvuoteen: 09\/2015; NISSAN: X-TRAIL T30,NAVARA D40,PATHFINDER R51,PRIMERA Kombi WP12,PRIMERA P12,NAVARA Pritsche\/Fahrgestell D40,PRIMERA Hatchback P12,PATROL GR II Wagon Y61,ALMERA I Hatchback N15,MURANO Z51,ALMERA I N15,PICK UP D21,SERENA C23M,PATROL GR I Y60, GR,PRIMERA P10,TERRANO I WD21,280 ZX,ZXT HGS130,PATROL Hardtop K160,PATROL Hardtop K260,SUNNY III N14,VANETTE Bus C22,PULSAR V Schr\u00e4gheck N14,SUNNY III Liftback N14,PRIMERA Hatchback P10,PRIMERA Traveller W10,PATROL Station Wagon W160,SUNNY II Hatchback N13,SILVIA S12,BLUEBIRD T72 , T12,LAUREL JC32,SUNNY III Traveller Y10,VANETTE CARGO Kasten HC 23,PICK UP 720,TRADE Kasten\/Kombi,BLUEBIRD Hatchback T72, T12,VANETTE CARGO Bus HC 23,SUNNY II N13,BLUEBIRD Station Wagon WU11,BLUEBIRD U11,SUNNY Kasten Y10,TRADE Pritsche\/Fahrgestell,SUNNY II Traveller B12,VANETTE Kasten C22,LAUREL JC31,CHERRY III N12,SUNNY I B11,CABSTAR E Pick-up US,LAUREL HLC230,BLUEBIRD 910,PATHFINDER,SUNNY I Traveller B11,SERENA C24,BLUEBIRD Traveller W910,BLUEBIR; 116090603000, 3549957, 5014055, 1N0114302, 1520880W00, 152089C600, 15208BN300, 15208BN30A, 15208D9705, 15208W1103, 15208W1105, 15208W1106, 15208W1111, 15208W1113, 15208W1116, A5208W1103, A5208W1106, A5208W110601, 1560096001<\/p>\n","protected":false},"excerpt":{"rendered":"<p>VALEO \u00d6ljynsuodatin 586063  NISSAN,X-TRAIL T30,NAVARA D40,PATHFINDER R51,PRIMERA Kombi WP12,PRIMERA P12,NAVARA Pritsche\/Fahrgestell D40<\/p>\n","protected":false},"featured_media":0,"template":"","meta":{"site-sidebar-layout":"default","site-content-layout":"default","ast-global-header-display":"","ast-main-header-display":"","ast-hfb-above-header-display":"","ast-hfb-below-header-display":"","ast-hfb-mobile-header-display":"","site-post-title":"","ast-breadcrumbs-content":"","ast-featured-img":"","footer-sml-layout":"","theme-transparent-header-meta":"","adv-header-id-meta":"","stick-header-meta":"","header-above-stick-meta":"","header-main-stick-meta":"","header-below-stick-meta":""},"pwb-brand":[28],"product_cat":[30],"product_tag":[],"class_list":{"0":"post-97450","1":"product","2":"type-product","3":"status-publish","5":"pwb-brand-valeo","6":"product_cat-oljynsuodatin","7":"desktop-align-left","8":"tablet-align-left","9":"mobile-align-left","11":"first","12":"instock","13":"product-type-external"},"brands":[{"id":28,"name":"VALEO","slug":"valeo"}],"_links":{"self":[{"href":"https:\/\/www.autonvaraosahaku.fi\/index.php?rest_route=\/wp\/v2\/product\/97450","targetHints":{"allow":["GET"]}}],"collection":[{"href":"https:\/\/www.autonvaraosahaku.fi\/index.php?rest_route=\/wp\/v2\/product"}],"about":[{"href":"https:\/\/www.autonvaraosahaku.fi\/index.php?rest_route=\/wp\/v2\/types\/product"}],"wp:attachment":[{"href":"https:\/\/www.autonvaraosahaku.fi\/index.php?rest_route=%2Fwp%2Fv2%2Fmedia&parent=97450"}],"wp:term":[{"taxonomy":"pwb-brand","embeddable":true,"href":"https:\/\/www.autonvaraosahaku.fi\/index.php?rest_route=%2Fwp%2Fv2%2Fpwb-brand&post=97450"},{"taxonomy":"product_cat","embeddable":true,"href":"https:\/\/www.autonvaraosahaku.fi\/index.php?rest_route=%2Fwp%2Fv2%2Fproduct_cat&post=97450"},{"taxonomy":"product_tag","embeddable":true,"href":"https:\/\/www.autonvaraosahaku.fi\/index.php?rest_route=%2Fwp%2Fv2%2Fproduct_tag&post=97450"}],"curies":[{"name":"wp","href":"https:\/\/api.w.org\/{rel}","templated":true}]}}