{"id":97462,"date":"2021-02-21T22:13:59","date_gmt":"2021-02-21T22:13:59","guid":{"rendered":"https:\/\/www.autonvaraosahaku.fi\/?product=febi-bilstein-37418-peruutusvalon-kytkin"},"modified":"2021-02-21T22:14:04","modified_gmt":"2021-02-21T22:14:04","slug":"febi-bilstein-37418-peruutusvalon-kytkin","status":"publish","type":"product","link":"https:\/\/www.autonvaraosahaku.fi\/?product=febi-bilstein-37418-peruutusvalon-kytkin","title":{"rendered":"FEBI BILSTEIN 37418 Peruutusvalon kytkin"},"content":{"rendered":"<p>Ulkokierre [mm]: M14 x 1,5; Avainv\u00e4li: 24; Liittimi\u00e4: 2; V\u00e4ri: Oranssi; Pistokkeen kotelon muoto: Soikea; Paino [kg]: 0,040, 0,040; Vaihteistomalli: Schaltgetriebe; NISSAN: PRIMASTAR Bus X83,PRIMASTAR Kasten X83,INTERSTAR Kasten X70,NV400 Kasten,INTERSTAR Bus X70,NV400 Bus,INTERSTAR Pritsche\/Fahrgestell,NV400 Pritsche\/Fahrgestell,PRIMASTAR Pritsche\/Fahrgestell; VOLVO: V40 Kombi VW,S40 I VS,480 E,440 K 445,460 L 464; OPEL: VIVARO Kasten F7,VIVARO Combi J7,MOVANO Kasten F9,MOVANO B Kasten,MOVANO B Bus,MOVANO Combi J9,VIVARO Pritsche\/Fahrgestell E7,MOVANO Pritsche\/Fahrgestell U9, E9,MOVANO B Pritsche\/Fahrgestell,MOVANO Kipper H9; DACIA: SANDERO,LOGAN MCV KS_,LOGAN MCV II,LOGAN LS_,LOGAN EXPRESS FS_,LOGAN Pick-up US_; RENAULT: TWINGO I C06_,CLIO III BR0\/1, CR0\/1,SC\u00c9NIC II JM0\/1_,KANGOO KC0\/1_,TWINGO II CN0_,MEGANE III Grandtour KZ0\/1,ESPACE IV JK0\/1_,MODUS \/ GRAND MODUS F\/JP0_,LAGUNA II Grandtour KG0\/1_,MEGANE II Kombi KM0\/1_,SC\u00c9NIC I JA0\/1_,MEGANE II Coup\u00e9-Cabriolet EM0\/1_,ESPACE III JE0_,MEGANE Scenic JA0\/1_,MEGANE III Schr\u00e4gheck BZ0_,LAGUNA II BG0\/1_,MEGANE II BM0\/1_, CM0\/1_,TRAFIC II Bus JL,MEGANE I BA0\/1_,MASTER II Kasten FD,TRAFIC II Kasten FL,MEGANE III Coupe DZ0\/1_,KANGOO \/ GRAND KANGOO KW0\/1_,KANGOO Express FC0\/1_,CLIO Grandtour KR0\/1_,GRAND SC\u00c9NIC II JM0\/1_,MEGANE I Grandtour KA0\/1_,MEGANE I Cabriolet EA0\/1_,LAGUNA I B56_, 556_,LAGUNA I Grandtour K56_,MASTER III Kasten FV,MEGANE II Stufenheck LM0\/1_,TWINGO I Kasten S06_,MEGANE I Classic LA0\/1_,MASTER II Pritsche\/Fahrgestell ED\/HD\/UD,MEGANE I Coach DA0\/1_,KANGOO BE BOP KW0\/1_,MEGANE CC EZ0\/1_,MASTER II Bus JD,19 II B\/C53_,19 II Cabriolet D53_, 853_,SUPER 5 B\/C40_,MASTER III Bus JV,RAPID Kasten F40_, G40_,19 I B\/C53_,MASTER ; MITSUBISHI: SPACE STAR DG_A,CARISMA DA_,CARISMA Stufenheck DA_; VAUXHALL: VIVARO Kasten F7,MOVANO Mk I A Van FD,MOVANO Mk II B VAN,MOVANO Mk I A Combi JD,VIVARO Combi J7,VIVARO Pritsche\/Fahrgestell E7,MOVANO Mk II B Chassis\/Cab; 6001543163, 7700422630, 7700778780, 7700802640, 8200771775, 8200835174, M474114, MW30899625, 3200500QAA, 04410080, 04414385, 4410080, 4414385, 6001543163, 7700422630, 7700778780, 7700802640, 8200771775, 8200835174, 091167519, 093160160, 91167519, 93160160, 30899625, 3474114; Peruutusvalokytkin,Kytkin, Peruutusvalo<\/p>\n","protected":false},"excerpt":{"rendered":"<p>FEBI BILSTEIN Peruutusvalon Kytkin 37418 Peruutusvalokytkin,Kytkin, Peruutusvalo NISSAN,VOLVO,OPEL,PRIMASTAR Bus X83,PRIMASTAR Kasten X83<\/p>\n","protected":false},"featured_media":0,"template":"","meta":{"site-sidebar-layout":"default","site-content-layout":"default","ast-global-header-display":"","ast-main-header-display":"","ast-hfb-above-header-display":"","ast-hfb-below-header-display":"","ast-hfb-mobile-header-display":"","site-post-title":"","ast-breadcrumbs-content":"","ast-featured-img":"","footer-sml-layout":"","theme-transparent-header-meta":"","adv-header-id-meta":"","stick-header-meta":"","header-above-stick-meta":"","header-main-stick-meta":"","header-below-stick-meta":""},"pwb-brand":[50],"product_cat":[116],"product_tag":[],"class_list":{"0":"post-97462","1":"product","2":"type-product","3":"status-publish","5":"pwb-brand-febi-bilstein","6":"product_cat-peruutusvalon-kytkin","7":"desktop-align-left","8":"tablet-align-left","9":"mobile-align-left","11":"first","12":"instock","13":"product-type-external"},"brands":[{"id":50,"name":"FEBI BILSTEIN","slug":"febi-bilstein"}],"_links":{"self":[{"href":"https:\/\/www.autonvaraosahaku.fi\/index.php?rest_route=\/wp\/v2\/product\/97462","targetHints":{"allow":["GET"]}}],"collection":[{"href":"https:\/\/www.autonvaraosahaku.fi\/index.php?rest_route=\/wp\/v2\/product"}],"about":[{"href":"https:\/\/www.autonvaraosahaku.fi\/index.php?rest_route=\/wp\/v2\/types\/product"}],"wp:attachment":[{"href":"https:\/\/www.autonvaraosahaku.fi\/index.php?rest_route=%2Fwp%2Fv2%2Fmedia&parent=97462"}],"wp:term":[{"taxonomy":"pwb-brand","embeddable":true,"href":"https:\/\/www.autonvaraosahaku.fi\/index.php?rest_route=%2Fwp%2Fv2%2Fpwb-brand&post=97462"},{"taxonomy":"product_cat","embeddable":true,"href":"https:\/\/www.autonvaraosahaku.fi\/index.php?rest_route=%2Fwp%2Fv2%2Fproduct_cat&post=97462"},{"taxonomy":"product_tag","embeddable":true,"href":"https:\/\/www.autonvaraosahaku.fi\/index.php?rest_route=%2Fwp%2Fv2%2Fproduct_tag&post=97462"}],"curies":[{"name":"wp","href":"https:\/\/api.w.org\/{rel}","templated":true}]}}