{"id":97463,"date":"2021-02-21T22:13:59","date_gmt":"2021-02-21T22:13:59","guid":{"rendered":"https:\/\/www.autonvaraosahaku.fi\/?product=pascal-i64005pc-hammastangon-suojakumi"},"modified":"2021-02-21T22:14:04","modified_gmt":"2021-02-21T22:14:04","slug":"pascal-i64005pc-hammastangon-suojakumi","status":"publish","type":"product","link":"https:\/\/www.autonvaraosahaku.fi\/?product=pascal-i64005pc-hammastangon-suojakumi","title":{"rendered":"PASCAL I64005PC Hammastangon suojakumi"},"content":{"rendered":"<p>Materiaali: Kumi; Sis\u00e4l\u00e4pimitta 1 [mm]: 9; Sis\u00e4l\u00e4pimitta 2 [mm]: 44; Korkeus (mm): 160; Asennuspuoli: beidseitig; NISSAN: SUNNY II Coupe B12,SUNNY II Hatchback N13,SUNNY II N13,SUNNY II Traveller B12,SUNNY I B11,SUNNY I Coupe B11,SUNNY I Traveller B11; HONDA: CIVIC VI Hatchback EJ, EK,CIVIC VI Fastback MA, MB,CRX III EH, EG,CIVIC VI Aerodeck MB, MC,CIVIC V Hatchback EG,CIVIC IV Hatchback EC, ED, EE,ACCORD V CE, CF,CIVIC VI Stufenheck EJ, EK,CIVIC VI Coupe EJ, EM1,CIVIC V Coupe EJ,ACCORD IV CB,CIVIC V Stufenheck EG, EH,ACCORD V CC, CD,CIVIC IV Stufenheck ED,ACCORD IV Aerodeck CB,ACCORD IV Coupe CB, CC; 4820453A00, 53534SL4J01, 53534SR3N52, 53534SV4N01, 4820305F00, 4820453A00; Paljekumi, Ohjaus<\/p>\n","protected":false},"excerpt":{"rendered":"<p>PASCAL Hammastangon Suojakumi I64005PC Paljekumi, Ohjaus NISSAN,HONDA,SUNNY II Coupe B12,SUNNY II Hatchback N13,SUNNY II N13,SUNNY II Traveller B12<\/p>\n","protected":false},"featured_media":0,"template":"","meta":{"site-sidebar-layout":"default","site-content-layout":"default","ast-global-header-display":"","ast-main-header-display":"","ast-hfb-above-header-display":"","ast-hfb-below-header-display":"","ast-hfb-mobile-header-display":"","site-post-title":"","ast-breadcrumbs-content":"","ast-featured-img":"","footer-sml-layout":"","theme-transparent-header-meta":"","adv-header-id-meta":"","stick-header-meta":"","header-above-stick-meta":"","header-main-stick-meta":"","header-below-stick-meta":""},"pwb-brand":[358],"product_cat":[81],"product_tag":[],"class_list":{"0":"post-97463","1":"product","2":"type-product","3":"status-publish","5":"pwb-brand-pascal","6":"product_cat-hammastangon-suojakumi","7":"desktop-align-left","8":"tablet-align-left","9":"mobile-align-left","11":"first","12":"instock","13":"product-type-external"},"brands":[{"id":358,"name":"PASCAL","slug":"pascal"}],"_links":{"self":[{"href":"https:\/\/www.autonvaraosahaku.fi\/index.php?rest_route=\/wp\/v2\/product\/97463","targetHints":{"allow":["GET"]}}],"collection":[{"href":"https:\/\/www.autonvaraosahaku.fi\/index.php?rest_route=\/wp\/v2\/product"}],"about":[{"href":"https:\/\/www.autonvaraosahaku.fi\/index.php?rest_route=\/wp\/v2\/types\/product"}],"wp:attachment":[{"href":"https:\/\/www.autonvaraosahaku.fi\/index.php?rest_route=%2Fwp%2Fv2%2Fmedia&parent=97463"}],"wp:term":[{"taxonomy":"pwb-brand","embeddable":true,"href":"https:\/\/www.autonvaraosahaku.fi\/index.php?rest_route=%2Fwp%2Fv2%2Fpwb-brand&post=97463"},{"taxonomy":"product_cat","embeddable":true,"href":"https:\/\/www.autonvaraosahaku.fi\/index.php?rest_route=%2Fwp%2Fv2%2Fproduct_cat&post=97463"},{"taxonomy":"product_tag","embeddable":true,"href":"https:\/\/www.autonvaraosahaku.fi\/index.php?rest_route=%2Fwp%2Fv2%2Fproduct_tag&post=97463"}],"curies":[{"name":"wp","href":"https:\/\/api.w.org\/{rel}","templated":true}]}}