{"id":97468,"date":"2021-02-21T22:13:59","date_gmt":"2021-02-21T22:13:59","guid":{"rendered":"https:\/\/www.autonvaraosahaku.fi\/?product=ufi-31-836-00-polttoainesuodatin"},"modified":"2021-02-21T22:14:06","modified_gmt":"2021-02-21T22:14:06","slug":"ufi-31-836-00-polttoainesuodatin","status":"publish","type":"product","link":"https:\/\/www.autonvaraosahaku.fi\/?product=ufi-31-836-00-polttoainesuodatin","title":{"rendered":"UFI 31.836.00 Polttoainesuodatin"},"content":{"rendered":"<p>Polttoaine: Nestekaasu (LPG); Sis\u00e4l\u00e4pimitta 2 [mm]: 50,0; Ulkol\u00e4pimitta 1 [mm]: 51,0; Sis\u00e4\u00e4ntulol\u00e4pimitta [mm]: 14,0; Ulostulon l\u00e4pimitta [mm]: 14,0; Korkeus (mm): 94,0; Valmistaja rajaus: LANDI Omegas Plus; VW: TOURAN 1T1, 1T2,GOLF VI 5K1,GOLF PLUS 5M1, 521,GOLF VI Variant AJ5; SKODA: OCTAVIA Combi 1Z5,FABIA,FABIA Combi,ROOMSTER 5J,OCTAVIA 1Z3; SEAT: LEON 1P1,IBIZA V 6J5, 6P5,ALTEA 5P1,ALTEA XL 5P5, 5P8; OPEL: CORSA D; TOYOTA: YARIS SCP9_, NSP9_, KSP9_, NCP9_, ZSP9_; FIAT: PUNTO EVO 199; 71753479, 71769503, L161037000, 881068, 7711060721, PZ49V0081051<\/p>\n","protected":false},"excerpt":{"rendered":"<p>UFI Polttoainesuodatin 31.836.00  VW,SKODA,SEAT,TOURAN 1T1, 1T2,GOLF VI 5K1,GOLF PLUS 5M1, 521,GOLF VI Variant AJ5,OCTAVIA Combi 1Z5,FABIA,FABIA Combi<\/p>\n","protected":false},"featured_media":0,"template":"","meta":{"site-sidebar-layout":"default","site-content-layout":"default","ast-global-header-display":"","ast-main-header-display":"","ast-hfb-above-header-display":"","ast-hfb-below-header-display":"","ast-hfb-mobile-header-display":"","site-post-title":"","ast-breadcrumbs-content":"","ast-featured-img":"","footer-sml-layout":"","theme-transparent-header-meta":"","adv-header-id-meta":"","stick-header-meta":"","header-above-stick-meta":"","header-main-stick-meta":"","header-below-stick-meta":""},"pwb-brand":[109],"product_cat":[29],"product_tag":[],"class_list":{"0":"post-97468","1":"product","2":"type-product","3":"status-publish","5":"pwb-brand-ufi","6":"product_cat-polttoainesuodatin","7":"desktop-align-left","8":"tablet-align-left","9":"mobile-align-left","11":"first","12":"instock","13":"product-type-external"},"brands":[{"id":109,"name":"UFI","slug":"ufi"}],"_links":{"self":[{"href":"https:\/\/www.autonvaraosahaku.fi\/index.php?rest_route=\/wp\/v2\/product\/97468","targetHints":{"allow":["GET"]}}],"collection":[{"href":"https:\/\/www.autonvaraosahaku.fi\/index.php?rest_route=\/wp\/v2\/product"}],"about":[{"href":"https:\/\/www.autonvaraosahaku.fi\/index.php?rest_route=\/wp\/v2\/types\/product"}],"wp:attachment":[{"href":"https:\/\/www.autonvaraosahaku.fi\/index.php?rest_route=%2Fwp%2Fv2%2Fmedia&parent=97468"}],"wp:term":[{"taxonomy":"pwb-brand","embeddable":true,"href":"https:\/\/www.autonvaraosahaku.fi\/index.php?rest_route=%2Fwp%2Fv2%2Fpwb-brand&post=97468"},{"taxonomy":"product_cat","embeddable":true,"href":"https:\/\/www.autonvaraosahaku.fi\/index.php?rest_route=%2Fwp%2Fv2%2Fproduct_cat&post=97468"},{"taxonomy":"product_tag","embeddable":true,"href":"https:\/\/www.autonvaraosahaku.fi\/index.php?rest_route=%2Fwp%2Fv2%2Fproduct_tag&post=97468"}],"curies":[{"name":"wp","href":"https:\/\/api.w.org\/{rel}","templated":true}]}}