{"id":97474,"date":"2021-02-21T22:14:08","date_gmt":"2021-02-21T22:14:08","guid":{"rendered":"https:\/\/www.autonvaraosahaku.fi\/?product=fai-autoparts-tck87wo-jakoketju"},"modified":"2021-02-21T22:14:09","modified_gmt":"2021-02-21T22:14:09","slug":"fai-autoparts-tck87wo-jakoketju","status":"publish","type":"product","link":"https:\/\/www.autonvaraosahaku.fi\/?product=fai-autoparts-tck87wo-jakoketju","title":{"rendered":"FAI AutoParts TCK87WO Jakoketju"},"content":{"rendered":"<p>Varustelumahdollisuudet: 130 Link Chain, Closed; Korvaava tuote\/korvaava tiedote 2: ilman hammaspy\u00f6r\u00e4\u00e4; Ketjurakenne: Yksinkertainen, Ketju hiljainen; Moottorinumero: CAVD; VW: GOLF V 1K1,TOURAN 1T1, 1T2,GOLF VI 5K1,PASSAT Variant 3C5,GOLF PLUS 5M1, 521,PASSAT 3C2,TIGUAN 5N_,GOLF VI Variant AJ5,GOLF V Variant 1K5,EOS 1F7, 1F8,SCIROCCO 137, 138,JETTA III 1K2,GOLF VI Cabriolet 517,BEETLE 5C1,JETTA IV 162, 163,BEETLE Cabriolet 5C7; AUDI: A3 8P1,A3 Sportback 8PA; SKODA: OCTAVIA Combi 1Z5,OCTAVIA 1Z3<\/p>\n","protected":false},"excerpt":{"rendered":"<p>FAI AutoParts Jakoketjusarja TCK87WO  VW,AUDI,SKODA,GOLF V 1K1,TOURAN 1T1, 1T2,GOLF VI 5K1,PASSAT Variant 3C5,GOLF PLUS 5M1, 521,PASSAT 3C2,TIGUAN 5N_<\/p>\n","protected":false},"featured_media":0,"template":"","meta":{"site-sidebar-layout":"default","site-content-layout":"default","ast-global-header-display":"","ast-main-header-display":"","ast-hfb-above-header-display":"","ast-hfb-below-header-display":"","ast-hfb-mobile-header-display":"","site-post-title":"","ast-breadcrumbs-content":"","ast-featured-img":"","footer-sml-layout":"","theme-transparent-header-meta":"","adv-header-id-meta":"","stick-header-meta":"","header-above-stick-meta":"","header-main-stick-meta":"","header-below-stick-meta":""},"pwb-brand":[333],"product_cat":[60],"product_tag":[],"class_list":{"0":"post-97474","1":"product","2":"type-product","3":"status-publish","5":"pwb-brand-fai-autoparts","6":"product_cat-jakoketju","7":"desktop-align-left","8":"tablet-align-left","9":"mobile-align-left","11":"first","12":"instock","13":"product-type-external"},"brands":[{"id":333,"name":"FAI AutoParts","slug":"fai-autoparts"}],"_links":{"self":[{"href":"https:\/\/www.autonvaraosahaku.fi\/index.php?rest_route=\/wp\/v2\/product\/97474","targetHints":{"allow":["GET"]}}],"collection":[{"href":"https:\/\/www.autonvaraosahaku.fi\/index.php?rest_route=\/wp\/v2\/product"}],"about":[{"href":"https:\/\/www.autonvaraosahaku.fi\/index.php?rest_route=\/wp\/v2\/types\/product"}],"wp:attachment":[{"href":"https:\/\/www.autonvaraosahaku.fi\/index.php?rest_route=%2Fwp%2Fv2%2Fmedia&parent=97474"}],"wp:term":[{"taxonomy":"pwb-brand","embeddable":true,"href":"https:\/\/www.autonvaraosahaku.fi\/index.php?rest_route=%2Fwp%2Fv2%2Fpwb-brand&post=97474"},{"taxonomy":"product_cat","embeddable":true,"href":"https:\/\/www.autonvaraosahaku.fi\/index.php?rest_route=%2Fwp%2Fv2%2Fproduct_cat&post=97474"},{"taxonomy":"product_tag","embeddable":true,"href":"https:\/\/www.autonvaraosahaku.fi\/index.php?rest_route=%2Fwp%2Fv2%2Fproduct_tag&post=97474"}],"curies":[{"name":"wp","href":"https:\/\/api.w.org\/{rel}","templated":true}]}}