{"id":97491,"date":"2021-02-21T22:14:16","date_gmt":"2021-02-21T22:14:16","guid":{"rendered":"https:\/\/www.autonvaraosahaku.fi\/?product=topran-108-963-pyyhkijansulat"},"modified":"2021-02-21T22:14:17","modified_gmt":"2021-02-21T22:14:17","slug":"topran-108-963-pyyhkijansulat","status":"publish","type":"product","link":"https:\/\/www.autonvaraosahaku.fi\/?product=topran-108-963-pyyhkijansulat","title":{"rendered":"TOPRAN 108 963 Pyyhkij\u00e4nsulat"},"content":{"rendered":"<p>Asennuspuoli: Edess\u00e4; Lis\u00e4tarvike\/lis\u00e4tieto: Asennusmateriaalilla; Pituus 1 (mm): 530; Pituus 2 (mm): 475; M\u00e4\u00e4r\u00e4yksikk\u00f6: Sarja; Korvaava tuote\/korvaava tiedote 2: tuulilasinpuhdistukseen; Tuotelinja: Spoiler; Pyyhkij\u00e4nsulkatyyppi: Tavallinen; Alustanumeroon: 8L-2-041151; VW: GOLF IV 1J1,POLO 9N_,LUPO 6X1, 6E1,GOLF IV Variant 1J5,BORA 1J2,BORA Kombi 1J6,POLO Stufenheck 9A4; AUDI: A3 8L1; SKODA: FABIA Combi 6Y5,FABIA 6Y2,OCTAVIA Combi 1U5,OCTAVIA 1U2,FABIA Stufenheck 6Y3,FABIA Praktik; SEAT: IBIZA IV 6L1,LEON 1M1,AROSA 6H,TOLEDO II 1M2,CORDOBA 6L2; 1J0998003, 6L1998002, 1J0998003, 6L1998002, 1J0998003, 6L1998002, 1J0998003, 6L1998002; Tuulilasinpyyhkimet,Pyyhkij\u00e4t,Pyyhkij\u00e4nsulka<\/p>\n","protected":false},"excerpt":{"rendered":"<p>TOPRAN Pyyhkij\u00e4nsulat 108 963 Tuulilasinpyyhkimet,Pyyhkij\u00e4t VW,AUDI,SKODA,GOLF IV 1J1,POLO 9N_,LUPO 6X1, 6E1,GOLF IV Variant 1J5,BORA 1J2<\/p>\n","protected":false},"featured_media":0,"template":"","meta":{"site-sidebar-layout":"default","site-content-layout":"default","ast-global-header-display":"","ast-main-header-display":"","ast-hfb-above-header-display":"","ast-hfb-below-header-display":"","ast-hfb-mobile-header-display":"","site-post-title":"","ast-breadcrumbs-content":"","ast-featured-img":"","footer-sml-layout":"","theme-transparent-header-meta":"","adv-header-id-meta":"","stick-header-meta":"","header-above-stick-meta":"","header-main-stick-meta":"","header-below-stick-meta":""},"pwb-brand":[18],"product_cat":[33],"product_tag":[],"class_list":{"0":"post-97491","1":"product","2":"type-product","3":"status-publish","5":"pwb-brand-topran","6":"product_cat-pyyhkijansulat","7":"desktop-align-left","8":"tablet-align-left","9":"mobile-align-left","11":"first","12":"instock","13":"product-type-external"},"brands":[{"id":18,"name":"TOPRAN","slug":"topran"}],"_links":{"self":[{"href":"https:\/\/www.autonvaraosahaku.fi\/index.php?rest_route=\/wp\/v2\/product\/97491","targetHints":{"allow":["GET"]}}],"collection":[{"href":"https:\/\/www.autonvaraosahaku.fi\/index.php?rest_route=\/wp\/v2\/product"}],"about":[{"href":"https:\/\/www.autonvaraosahaku.fi\/index.php?rest_route=\/wp\/v2\/types\/product"}],"wp:attachment":[{"href":"https:\/\/www.autonvaraosahaku.fi\/index.php?rest_route=%2Fwp%2Fv2%2Fmedia&parent=97491"}],"wp:term":[{"taxonomy":"pwb-brand","embeddable":true,"href":"https:\/\/www.autonvaraosahaku.fi\/index.php?rest_route=%2Fwp%2Fv2%2Fpwb-brand&post=97491"},{"taxonomy":"product_cat","embeddable":true,"href":"https:\/\/www.autonvaraosahaku.fi\/index.php?rest_route=%2Fwp%2Fv2%2Fproduct_cat&post=97491"},{"taxonomy":"product_tag","embeddable":true,"href":"https:\/\/www.autonvaraosahaku.fi\/index.php?rest_route=%2Fwp%2Fv2%2Fproduct_tag&post=97491"}],"curies":[{"name":"wp","href":"https:\/\/api.w.org\/{rel}","templated":true}]}}