{"id":97496,"date":"2021-02-21T22:14:16","date_gmt":"2021-02-21T22:14:16","guid":{"rendered":"https:\/\/www.autonvaraosahaku.fi\/?product=ashika-21-sm-sm2-raitisilmasuodatin"},"modified":"2021-02-21T22:14:18","modified_gmt":"2021-02-21T22:14:18","slug":"ashika-21-sm-sm2-raitisilmasuodatin","status":"publish","type":"product","link":"https:\/\/www.autonvaraosahaku.fi\/?product=ashika-21-sm-sm2-raitisilmasuodatin","title":{"rendered":"ASHIKA 21-SM-SM2 Raitisilmasuodatin"},"content":{"rendered":"<p>Pituus (mm): 215; Leveys (mm): 214; Korkeus (mm): 26; SMART: FORTWO Coupe 451,FORTWO Cabrio 451,FORTWO Coupe 453,FORFOUR Schr\u00e4gheck 453,FORTWO Cabriolet 453; 272774711R, 4518300018, 4538350300, A4518300018, A4538350300, N4518300018; Sis\u00e4ilmansuodatin,Suodatin, Sis\u00e4ilma<\/p>\n","protected":false},"excerpt":{"rendered":"<p>ASHIKA Raitisilmasuodatin 21-SM-SM2 Sis\u00e4ilmansuodatin,Suodatin, Sis\u00e4ilma SMART,FORTWO Coupe 451,FORTWO Cabrio 451,FORTWO Coupe 453<\/p>\n","protected":false},"featured_media":0,"template":"","meta":{"site-sidebar-layout":"default","site-content-layout":"default","ast-global-header-display":"","ast-main-header-display":"","ast-hfb-above-header-display":"","ast-hfb-below-header-display":"","ast-hfb-mobile-header-display":"","site-post-title":"","ast-breadcrumbs-content":"","ast-featured-img":"","footer-sml-layout":"","theme-transparent-header-meta":"","adv-header-id-meta":"","stick-header-meta":"","header-above-stick-meta":"","header-main-stick-meta":"","header-below-stick-meta":""},"pwb-brand":[102],"product_cat":[19],"product_tag":[],"class_list":{"0":"post-97496","1":"product","2":"type-product","3":"status-publish","5":"pwb-brand-ashika","6":"product_cat-raitisilmasuodatin","7":"desktop-align-left","8":"tablet-align-left","9":"mobile-align-left","11":"first","12":"instock","13":"product-type-external"},"brands":[{"id":102,"name":"ASHIKA","slug":"ashika"}],"_links":{"self":[{"href":"https:\/\/www.autonvaraosahaku.fi\/index.php?rest_route=\/wp\/v2\/product\/97496","targetHints":{"allow":["GET"]}}],"collection":[{"href":"https:\/\/www.autonvaraosahaku.fi\/index.php?rest_route=\/wp\/v2\/product"}],"about":[{"href":"https:\/\/www.autonvaraosahaku.fi\/index.php?rest_route=\/wp\/v2\/types\/product"}],"wp:attachment":[{"href":"https:\/\/www.autonvaraosahaku.fi\/index.php?rest_route=%2Fwp%2Fv2%2Fmedia&parent=97496"}],"wp:term":[{"taxonomy":"pwb-brand","embeddable":true,"href":"https:\/\/www.autonvaraosahaku.fi\/index.php?rest_route=%2Fwp%2Fv2%2Fpwb-brand&post=97496"},{"taxonomy":"product_cat","embeddable":true,"href":"https:\/\/www.autonvaraosahaku.fi\/index.php?rest_route=%2Fwp%2Fv2%2Fproduct_cat&post=97496"},{"taxonomy":"product_tag","embeddable":true,"href":"https:\/\/www.autonvaraosahaku.fi\/index.php?rest_route=%2Fwp%2Fv2%2Fproduct_tag&post=97496"}],"curies":[{"name":"wp","href":"https:\/\/api.w.org\/{rel}","templated":true}]}}