{"id":97497,"date":"2021-02-21T22:14:16","date_gmt":"2021-02-21T22:14:16","guid":{"rendered":"https:\/\/www.autonvaraosahaku.fi\/?product=amio-01130-antenni"},"modified":"2021-02-21T22:14:19","modified_gmt":"2021-02-21T22:14:19","slug":"amio-01130-antenni","status":"publish","type":"product","link":"https:\/\/www.autonvaraosahaku.fi\/?product=amio-01130-antenni","title":{"rendered":"AMiO 01130 Antenni"},"content":{"rendered":"<p>Pituus (cm): 40; Asennusl\u00e4pimitta [mm]: 5; Antenni: Radio \/ puhelin, Piiska; Korvaava tuote\/korvaava tiedote 2: Ruuveilla; Asennuspuoli: Ulompi; Materiaali: Alumiini; Pinta: matta satinoitu; M\u00e4\u00e4r\u00e4yksikk\u00f6: Kappale; Versio: ANT M07<\/p>\n","protected":false},"excerpt":{"rendered":"<p>AMiO Antenni 01130<\/p>\n","protected":false},"featured_media":0,"template":"","meta":{"site-sidebar-layout":"default","site-content-layout":"default","ast-global-header-display":"","ast-main-header-display":"","ast-hfb-above-header-display":"","ast-hfb-below-header-display":"","ast-hfb-mobile-header-display":"","site-post-title":"","ast-breadcrumbs-content":"","ast-featured-img":"","footer-sml-layout":"","theme-transparent-header-meta":"","adv-header-id-meta":"","stick-header-meta":"","header-above-stick-meta":"","header-main-stick-meta":"","header-below-stick-meta":""},"pwb-brand":[161],"product_cat":[164],"product_tag":[],"class_list":{"0":"post-97497","1":"product","2":"type-product","3":"status-publish","5":"pwb-brand-amio","6":"product_cat-antenni","7":"desktop-align-left","8":"tablet-align-left","9":"mobile-align-left","11":"first","12":"instock","13":"product-type-external"},"brands":[{"id":161,"name":"AMiO","slug":"amio"}],"_links":{"self":[{"href":"https:\/\/www.autonvaraosahaku.fi\/index.php?rest_route=\/wp\/v2\/product\/97497","targetHints":{"allow":["GET"]}}],"collection":[{"href":"https:\/\/www.autonvaraosahaku.fi\/index.php?rest_route=\/wp\/v2\/product"}],"about":[{"href":"https:\/\/www.autonvaraosahaku.fi\/index.php?rest_route=\/wp\/v2\/types\/product"}],"wp:attachment":[{"href":"https:\/\/www.autonvaraosahaku.fi\/index.php?rest_route=%2Fwp%2Fv2%2Fmedia&parent=97497"}],"wp:term":[{"taxonomy":"pwb-brand","embeddable":true,"href":"https:\/\/www.autonvaraosahaku.fi\/index.php?rest_route=%2Fwp%2Fv2%2Fpwb-brand&post=97497"},{"taxonomy":"product_cat","embeddable":true,"href":"https:\/\/www.autonvaraosahaku.fi\/index.php?rest_route=%2Fwp%2Fv2%2Fproduct_cat&post=97497"},{"taxonomy":"product_tag","embeddable":true,"href":"https:\/\/www.autonvaraosahaku.fi\/index.php?rest_route=%2Fwp%2Fv2%2Fproduct_tag&post=97497"}],"curies":[{"name":"wp","href":"https:\/\/api.w.org\/{rel}","templated":true}]}}