{"id":97513,"date":"2021-02-21T22:14:25","date_gmt":"2021-02-21T22:14:25","guid":{"rendered":"https:\/\/www.autonvaraosahaku.fi\/?product=ashika-10-eco109-oljynsuodatin"},"modified":"2021-02-21T22:14:26","modified_gmt":"2021-02-21T22:14:26","slug":"ashika-10-eco109-oljynsuodatin","status":"publish","type":"product","link":"https:\/\/www.autonvaraosahaku.fi\/?product=ashika-10-eco109-oljynsuodatin","title":{"rendered":"ASHIKA 10-ECO109 \u00d6ljynsuodatin"},"content":{"rendered":"<p>Suodatintyyppi: Suodatinpanos; Pituus (mm): 156; Ulkol\u00e4pimitta [mm]: 64; Sis\u00e4l\u00e4pimitta [mm]: 31; Valmistusvuoteen: 08\/2007; BMW: 3 E46,3 Touring E91,3 E90,5 E60,5 Touring E61,3 Touring E46,X3 E83,3 Compact E46,3 Coupe E46,1 E81,3 Cabriolet E46,7 E65, E66, E67; 11427787697<\/p>\n","protected":false},"excerpt":{"rendered":"<p>ASHIKA \u00d6ljynsuodatin 10-ECO109  BMW,3 E46,3 Touring E91,3 E90,5 E60,5 Touring E61,3 Touring E46,X3 E83,3 Compact E46,3 Coupe E46,1 E81,3 Cabriolet E46<\/p>\n","protected":false},"featured_media":0,"template":"","meta":{"site-sidebar-layout":"default","site-content-layout":"default","ast-global-header-display":"","ast-main-header-display":"","ast-hfb-above-header-display":"","ast-hfb-below-header-display":"","ast-hfb-mobile-header-display":"","site-post-title":"","ast-breadcrumbs-content":"","ast-featured-img":"","footer-sml-layout":"","theme-transparent-header-meta":"","adv-header-id-meta":"","stick-header-meta":"","header-above-stick-meta":"","header-main-stick-meta":"","header-below-stick-meta":""},"pwb-brand":[102],"product_cat":[30],"product_tag":[],"class_list":{"0":"post-97513","1":"product","2":"type-product","3":"status-publish","5":"pwb-brand-ashika","6":"product_cat-oljynsuodatin","7":"desktop-align-left","8":"tablet-align-left","9":"mobile-align-left","11":"first","12":"instock","13":"product-type-external"},"brands":[{"id":102,"name":"ASHIKA","slug":"ashika"}],"_links":{"self":[{"href":"https:\/\/www.autonvaraosahaku.fi\/index.php?rest_route=\/wp\/v2\/product\/97513","targetHints":{"allow":["GET"]}}],"collection":[{"href":"https:\/\/www.autonvaraosahaku.fi\/index.php?rest_route=\/wp\/v2\/product"}],"about":[{"href":"https:\/\/www.autonvaraosahaku.fi\/index.php?rest_route=\/wp\/v2\/types\/product"}],"wp:attachment":[{"href":"https:\/\/www.autonvaraosahaku.fi\/index.php?rest_route=%2Fwp%2Fv2%2Fmedia&parent=97513"}],"wp:term":[{"taxonomy":"pwb-brand","embeddable":true,"href":"https:\/\/www.autonvaraosahaku.fi\/index.php?rest_route=%2Fwp%2Fv2%2Fpwb-brand&post=97513"},{"taxonomy":"product_cat","embeddable":true,"href":"https:\/\/www.autonvaraosahaku.fi\/index.php?rest_route=%2Fwp%2Fv2%2Fproduct_cat&post=97513"},{"taxonomy":"product_tag","embeddable":true,"href":"https:\/\/www.autonvaraosahaku.fi\/index.php?rest_route=%2Fwp%2Fv2%2Fproduct_tag&post=97513"}],"curies":[{"name":"wp","href":"https:\/\/api.w.org\/{rel}","templated":true}]}}