{"id":97516,"date":"2021-02-21T22:14:25","date_gmt":"2021-02-21T22:14:25","guid":{"rendered":"https:\/\/www.autonvaraosahaku.fi\/?product=vemo-v30-79-0016-lammityslaitteen-puhaltimen-vastus"},"modified":"2021-02-21T22:14:27","modified_gmt":"2021-02-21T22:14:27","slug":"vemo-v30-79-0016-lammityslaitteen-puhaltimen-vastus","status":"publish","type":"product","link":"https:\/\/www.autonvaraosahaku.fi\/?product=vemo-v30-79-0016-lammityslaitteen-puhaltimen-vastus","title":{"rendered":"VEMO V30-79-0016 L\u00e4mmityslaitteen puhaltimen vastus"},"content":{"rendered":"<p>J\u00e4nnite (V): 12; Varusteet: Autoihin, joissa ilmastointi; Korvaava tuote\/korvaava tiedote 2: Ruuvilla; Paino [kg]: 0,155; Pakkausleveys [cm]: 8,8; Pakkauskorkeus [mm]: 8,2; Pakkaussyvyys [cm]: 14,1; lis\u00e4tieto: Original VEMO Quality; MERCEDES-BENZ: VIANO W639,VITO Bus W639,VITO \/ MIXTO Kasten W639; 0018358706, A0018358706<\/p>\n","protected":false},"excerpt":{"rendered":"<p>VEMO S\u00e4\u00e4din, Sis\u00e4valaistus V30-79-0016  MERCEDES-BENZ,VIANO W639,VITO Bus W639,VITO \/ MIXTO Kasten W639<\/p>\n","protected":false},"featured_media":0,"template":"","meta":{"site-sidebar-layout":"default","site-content-layout":"default","ast-global-header-display":"","ast-main-header-display":"","ast-hfb-above-header-display":"","ast-hfb-below-header-display":"","ast-hfb-mobile-header-display":"","site-post-title":"","ast-breadcrumbs-content":"","ast-featured-img":"","footer-sml-layout":"","theme-transparent-header-meta":"","adv-header-id-meta":"","stick-header-meta":"","header-above-stick-meta":"","header-main-stick-meta":"","header-below-stick-meta":""},"pwb-brand":[168],"product_cat":[134],"product_tag":[],"class_list":{"0":"post-97516","1":"product","2":"type-product","3":"status-publish","5":"pwb-brand-vemo","6":"product_cat-lammityslaitteen-puhaltimen-vastus","7":"desktop-align-left","8":"tablet-align-left","9":"mobile-align-left","11":"first","12":"instock","13":"product-type-external"},"brands":[{"id":168,"name":"VEMO","slug":"vemo"}],"_links":{"self":[{"href":"https:\/\/www.autonvaraosahaku.fi\/index.php?rest_route=\/wp\/v2\/product\/97516","targetHints":{"allow":["GET"]}}],"collection":[{"href":"https:\/\/www.autonvaraosahaku.fi\/index.php?rest_route=\/wp\/v2\/product"}],"about":[{"href":"https:\/\/www.autonvaraosahaku.fi\/index.php?rest_route=\/wp\/v2\/types\/product"}],"wp:attachment":[{"href":"https:\/\/www.autonvaraosahaku.fi\/index.php?rest_route=%2Fwp%2Fv2%2Fmedia&parent=97516"}],"wp:term":[{"taxonomy":"pwb-brand","embeddable":true,"href":"https:\/\/www.autonvaraosahaku.fi\/index.php?rest_route=%2Fwp%2Fv2%2Fpwb-brand&post=97516"},{"taxonomy":"product_cat","embeddable":true,"href":"https:\/\/www.autonvaraosahaku.fi\/index.php?rest_route=%2Fwp%2Fv2%2Fproduct_cat&post=97516"},{"taxonomy":"product_tag","embeddable":true,"href":"https:\/\/www.autonvaraosahaku.fi\/index.php?rest_route=%2Fwp%2Fv2%2Fproduct_tag&post=97516"}],"curies":[{"name":"wp","href":"https:\/\/api.w.org\/{rel}","templated":true}]}}