{"id":97518,"date":"2021-02-21T22:14:25","date_gmt":"2021-02-21T22:14:25","guid":{"rendered":"https:\/\/www.autonvaraosahaku.fi\/?product=ridex-123b0007-jarrurumpu"},"modified":"2021-02-21T22:14:28","modified_gmt":"2021-02-21T22:14:28","slug":"ridex-123b0007-jarrurumpu","status":"publish","type":"product","link":"https:\/\/www.autonvaraosahaku.fi\/?product=ridex-123b0007-jarrurumpu","title":{"rendered":"RIDEX 123B0007 Jarrurumpu"},"content":{"rendered":"<p>Suurin mahdollinen rummun sis\u00e4mitta (mm): 182; J-rumpu sis\u00e4leveys [mm]: 45,1; J-rumpu ulkoleveys [mm]: 62,5; Asennusl\u00e4pimitta [mm]: 62,5; Asennuspuoli: Taka-akseli, Hinterachse; Kierremitta: 12,8; Jarrurummun ulkol\u00e4pim. [mm]: 221,2; Jarrurummun sis\u00e4-\u00d8 [mm]: 180; Reik\u00e4ympyr\u00e4-\u00d8 [mm]: 100; Reik\u00e4kuvio\/-m\u00e4\u00e4r\u00e4: 4\/6; HYUNDAI: ACCENT II LC,ACCENT II Stufenheck LC; 5841125010, 5841125100<\/p>\n","protected":false},"excerpt":{"rendered":"<p>RIDEX Jarrurumpu 123B0007  HYUNDAI,ACCENT II LC,ACCENT II Stufenheck LC<\/p>\n","protected":false},"featured_media":0,"template":"","meta":{"site-sidebar-layout":"default","site-content-layout":"default","ast-global-header-display":"","ast-main-header-display":"","ast-hfb-above-header-display":"","ast-hfb-below-header-display":"","ast-hfb-mobile-header-display":"","site-post-title":"","ast-breadcrumbs-content":"","ast-featured-img":"","footer-sml-layout":"","theme-transparent-header-meta":"","adv-header-id-meta":"","stick-header-meta":"","header-above-stick-meta":"","header-main-stick-meta":"","header-below-stick-meta":""},"pwb-brand":[157],"product_cat":[304],"product_tag":[],"class_list":{"0":"post-97518","1":"product","2":"type-product","3":"status-publish","5":"pwb-brand-ridex","6":"product_cat-jarrurumpu","7":"desktop-align-left","8":"tablet-align-left","9":"mobile-align-left","11":"first","12":"instock","13":"product-type-external"},"brands":[{"id":157,"name":"RIDEX","slug":"ridex"}],"_links":{"self":[{"href":"https:\/\/www.autonvaraosahaku.fi\/index.php?rest_route=\/wp\/v2\/product\/97518","targetHints":{"allow":["GET"]}}],"collection":[{"href":"https:\/\/www.autonvaraosahaku.fi\/index.php?rest_route=\/wp\/v2\/product"}],"about":[{"href":"https:\/\/www.autonvaraosahaku.fi\/index.php?rest_route=\/wp\/v2\/types\/product"}],"wp:attachment":[{"href":"https:\/\/www.autonvaraosahaku.fi\/index.php?rest_route=%2Fwp%2Fv2%2Fmedia&parent=97518"}],"wp:term":[{"taxonomy":"pwb-brand","embeddable":true,"href":"https:\/\/www.autonvaraosahaku.fi\/index.php?rest_route=%2Fwp%2Fv2%2Fpwb-brand&post=97518"},{"taxonomy":"product_cat","embeddable":true,"href":"https:\/\/www.autonvaraosahaku.fi\/index.php?rest_route=%2Fwp%2Fv2%2Fproduct_cat&post=97518"},{"taxonomy":"product_tag","embeddable":true,"href":"https:\/\/www.autonvaraosahaku.fi\/index.php?rest_route=%2Fwp%2Fv2%2Fproduct_tag&post=97518"}],"curies":[{"name":"wp","href":"https:\/\/api.w.org\/{rel}","templated":true}]}}