{"id":9752,"date":"2021-02-21T14:06:49","date_gmt":"2021-02-21T14:06:49","guid":{"rendered":"https:\/\/www.autonvaraosahaku.fi\/?product=lemforder-38395-01-muut-luokat"},"modified":"2021-02-21T14:06:50","modified_gmt":"2021-02-21T14:06:50","slug":"lemforder-38395-01-muut-luokat","status":"publish","type":"product","link":"https:\/\/www.autonvaraosahaku.fi\/?product=lemforder-38395-01-muut-luokat","title":{"rendered":"LEMF\u00d6RDER 38395 01 Muut luokat"},"content":{"rendered":"<p>Asennuspuoli: Etuakseli, Molemminpuolin, Alla, Takana; tuotenumerolle: 36941 01, 36942 01, 37473 01; BMW: 1 F20,3 Touring F31,3 F30, F35, F80,1 F21,3 Gran Turismo F34,4 Coupe F32, F82,2 Coupe F22,4 Cabriolet F33, F83,4 Gran Coupe F36,2 Cabriolet F23; 31106797237, 31126852991, 31126852992, 33306760349, 33326760668, 6760349, 6760668, 6797237, 6852991, 6852992, 33326760668, 6760668, 33306760349, 33326760668, 6760349, 6760668<\/p>\n","protected":false},"excerpt":{"rendered":"<p>LEMF\u00d6RDER Korjaussarja, Py\u00f6r\u00e4ntuenta Service Pack 38395 01  BMW,1 F20,3 Touring F31,3 F30, F35, F80,1 F21,3 Gran Turismo F34,4 Coupe F32, F82<\/p>\n","protected":false},"featured_media":0,"template":"","meta":{"site-sidebar-layout":"default","site-content-layout":"default","ast-global-header-display":"","ast-main-header-display":"","ast-hfb-above-header-display":"","ast-hfb-below-header-display":"","ast-hfb-mobile-header-display":"","site-post-title":"","ast-breadcrumbs-content":"","ast-featured-img":"","footer-sml-layout":"","theme-transparent-header-meta":"","adv-header-id-meta":"","stick-header-meta":"","header-above-stick-meta":"","header-main-stick-meta":"","header-below-stick-meta":""},"pwb-brand":[77],"product_cat":[37],"product_tag":[],"class_list":{"0":"post-9752","1":"product","2":"type-product","3":"status-publish","5":"pwb-brand-lemforder","6":"product_cat-muut-luokat","7":"desktop-align-left","8":"tablet-align-left","9":"mobile-align-left","11":"first","12":"instock","13":"product-type-external"},"brands":[{"id":77,"name":"LEMF\u00d6RDER","slug":"lemforder"}],"_links":{"self":[{"href":"https:\/\/www.autonvaraosahaku.fi\/index.php?rest_route=\/wp\/v2\/product\/9752","targetHints":{"allow":["GET"]}}],"collection":[{"href":"https:\/\/www.autonvaraosahaku.fi\/index.php?rest_route=\/wp\/v2\/product"}],"about":[{"href":"https:\/\/www.autonvaraosahaku.fi\/index.php?rest_route=\/wp\/v2\/types\/product"}],"wp:attachment":[{"href":"https:\/\/www.autonvaraosahaku.fi\/index.php?rest_route=%2Fwp%2Fv2%2Fmedia&parent=9752"}],"wp:term":[{"taxonomy":"pwb-brand","embeddable":true,"href":"https:\/\/www.autonvaraosahaku.fi\/index.php?rest_route=%2Fwp%2Fv2%2Fpwb-brand&post=9752"},{"taxonomy":"product_cat","embeddable":true,"href":"https:\/\/www.autonvaraosahaku.fi\/index.php?rest_route=%2Fwp%2Fv2%2Fproduct_cat&post=9752"},{"taxonomy":"product_tag","embeddable":true,"href":"https:\/\/www.autonvaraosahaku.fi\/index.php?rest_route=%2Fwp%2Fv2%2Fproduct_tag&post=9752"}],"curies":[{"name":"wp","href":"https:\/\/api.w.org\/{rel}","templated":true}]}}