{"id":97527,"date":"2021-02-21T22:14:25","date_gmt":"2021-02-21T22:14:25","guid":{"rendered":"https:\/\/www.autonvaraosahaku.fi\/?product=trw-bhx220e-jarrusatula"},"modified":"2021-02-21T22:14:31","modified_gmt":"2021-02-21T22:14:31","slug":"trw-bhx220e-jarrusatula","status":"publish","type":"product","link":"https:\/\/www.autonvaraosahaku.fi\/?product=trw-bhx220e-jarrusatula","title":{"rendered":"TRW BHX220E Jarrusatula"},"content":{"rendered":"<p>Valmistaja rajaus: ATE; Jarrusatulatyyppi: Jarrusatula (1-m\u00e4nt\u00e4); Materiaali: Valurauta; L\u00e4pimitta [mm]: 57; parilliset tuotenumerot: BHX221E; Vaihto-osa: ; Huomioi tekniset tiedot: ; Asennuspuoli: Vorderachse links; CHEVROLET: ORLANDO J309; OPEL: CORSA D,CORSA C F08, F68,ZAFIRA B A05,ASTRA H Caravan L35,MERIVA,ZAFIRA A F75_,ASTRA G CC F48_, F08_,ASTRA H L48,ASTRA G Caravan F35_,ASTRA H GTC L08,MERIVA B,ZAFIRA TOURER C P12,ADAM,ASTRA H TwinTop L67,ASTRA G Cabriolet F67,ASTRA G Coupe F07_,COMBO Kasten\/Kombi,ASTRA G Stufenheck F69_,ZAFIRA B Van,COMBO Tour,ASTRA J Stufenheck,CORSA C Kasten F08, W5L,ASTRA H Stufenheck L69,ASTRA H Kasten L70,CORSA B Kasten 73_,ASTRA G Kasten F70,CORSA E,CORSA E Van,ASTRA CLASSIC Caravan,ASTRA CLASSIC L48,ASTRA CLASSIC Stufenheck; VAUXHALL: CORSA Mk III D L_8,ZAFIRA Mk II B M75,ASTRA Mk V H CC,ZAFIRA Mk I A F75,ADAM,CORSA Mk II C W5L, F08,ASTRA Mk V H Estate,ZAFIRA Mk III P12,ASTRA Mk V H Convertible,ASTRA Mk IV G CC,ASTRA Mk IV G Sedan,MERIVA Mk I A,MERIVA Mk II B,ASTRAVAN Mk V H,ASTRAVAN Mk IV G,ASTRA Mk IV G Coupe F67,CORSA Mk IV E,COMBO TOUR Mk II C F25,ASTRA Mk IV G Convertible,COMBO Mk II C Kasten\/Kombi F25,ASTRA Mk IV G Estate; 5542064, 90544026, 9192454, 93173271, 93173731, 542293, 542452, 542458, 542471, 5542064, 90544026, 9192454, 93173271, 93173731, 93176426, 542471, 5542064, 90544026, 9192454, 93173271, 93173731, 93176426<\/p>\n","protected":false},"excerpt":{"rendered":"<p>TRW Jarrusatula BHX220E  CHEVROLET,OPEL,VAUXHALL,ORLANDO J309,CORSA D,CORSA C F08, F68,ZAFIRA B A05,ASTRA H Caravan L35,MERIVA,ZAFIRA A F75_<\/p>\n","protected":false},"featured_media":0,"template":"","meta":{"site-sidebar-layout":"default","site-content-layout":"default","ast-global-header-display":"","ast-main-header-display":"","ast-hfb-above-header-display":"","ast-hfb-below-header-display":"","ast-hfb-mobile-header-display":"","site-post-title":"","ast-breadcrumbs-content":"","ast-featured-img":"","footer-sml-layout":"","theme-transparent-header-meta":"","adv-header-id-meta":"","stick-header-meta":"","header-above-stick-meta":"","header-main-stick-meta":"","header-below-stick-meta":""},"pwb-brand":[332],"product_cat":[177],"product_tag":[],"class_list":{"0":"post-97527","1":"product","2":"type-product","3":"status-publish","5":"pwb-brand-trw","6":"product_cat-jarrusatula","7":"desktop-align-left","8":"tablet-align-left","9":"mobile-align-left","11":"first","12":"instock","13":"product-type-external"},"brands":[{"id":332,"name":"TRW","slug":"trw"}],"_links":{"self":[{"href":"https:\/\/www.autonvaraosahaku.fi\/index.php?rest_route=\/wp\/v2\/product\/97527","targetHints":{"allow":["GET"]}}],"collection":[{"href":"https:\/\/www.autonvaraosahaku.fi\/index.php?rest_route=\/wp\/v2\/product"}],"about":[{"href":"https:\/\/www.autonvaraosahaku.fi\/index.php?rest_route=\/wp\/v2\/types\/product"}],"wp:attachment":[{"href":"https:\/\/www.autonvaraosahaku.fi\/index.php?rest_route=%2Fwp%2Fv2%2Fmedia&parent=97527"}],"wp:term":[{"taxonomy":"pwb-brand","embeddable":true,"href":"https:\/\/www.autonvaraosahaku.fi\/index.php?rest_route=%2Fwp%2Fv2%2Fpwb-brand&post=97527"},{"taxonomy":"product_cat","embeddable":true,"href":"https:\/\/www.autonvaraosahaku.fi\/index.php?rest_route=%2Fwp%2Fv2%2Fproduct_cat&post=97527"},{"taxonomy":"product_tag","embeddable":true,"href":"https:\/\/www.autonvaraosahaku.fi\/index.php?rest_route=%2Fwp%2Fv2%2Fproduct_tag&post=97527"}],"curies":[{"name":"wp","href":"https:\/\/api.w.org\/{rel}","templated":true}]}}