{"id":97546,"date":"2021-02-21T22:14:33","date_gmt":"2021-02-21T22:14:33","guid":{"rendered":"https:\/\/www.autonvaraosahaku.fi\/?product=skf-vkjc-1131-vetoakseli"},"modified":"2021-02-21T22:14:39","modified_gmt":"2021-02-21T22:14:39","slug":"skf-vkjc-1131-vetoakseli","status":"publish","type":"product","link":"https:\/\/www.autonvaraosahaku.fi\/?product=skf-vkjc-1131-vetoakseli","title":{"rendered":"SKF VKJC 1131 Vetoakseli"},"content":{"rendered":"<p>Pituus (mm): 603; Reik\u00e4-\u00d8 [mm]: 10,2; Kierremitta: M24x1,5; Ulkohammastus tasauspy\u00f6r\u00e4st\u00f6puoli: 27; Tiivisteen l\u00e4pimitta [mm]: 64; Hammasluku, ABS-keh\u00e4: 48; Reikien m\u00e4\u00e4r\u00e4: 6; Reik\u00e4ympyr\u00e4-\u00d8 [mm]: 86; ABS-keh\u00e4 \u00d8(mm): 83,1; Uusi osa: ; Nivelen l\u00e4pimitta vaihteistopuoli [mm]: 102; Valmistusvuosi alkaen: 12\/1990; BMW: 3 E36,3 Coupe E36,3 Cabriolet E36,3 Touring E36; 33211226904, 33211226905, 33211227399, 33211227404, 33211227585, 33211229300, 33211229427, 33211229428<\/p>\n","protected":false},"excerpt":{"rendered":"<p>SKF Vetoakseli VKJC 1131  BMW,3 E36,3 Coupe E36,3 Cabriolet E36,3 Touring E36<\/p>\n","protected":false},"featured_media":0,"template":"","meta":{"site-sidebar-layout":"default","site-content-layout":"default","ast-global-header-display":"","ast-main-header-display":"","ast-hfb-above-header-display":"","ast-hfb-below-header-display":"","ast-hfb-mobile-header-display":"","site-post-title":"","ast-breadcrumbs-content":"","ast-featured-img":"","footer-sml-layout":"","theme-transparent-header-meta":"","adv-header-id-meta":"","stick-header-meta":"","header-above-stick-meta":"","header-main-stick-meta":"","header-below-stick-meta":""},"pwb-brand":[237],"product_cat":[215],"product_tag":[],"class_list":{"0":"post-97546","1":"product","2":"type-product","3":"status-publish","5":"pwb-brand-skf","6":"product_cat-vetoakseli","7":"desktop-align-left","8":"tablet-align-left","9":"mobile-align-left","11":"first","12":"instock","13":"product-type-external"},"brands":[{"id":237,"name":"SKF","slug":"skf"}],"_links":{"self":[{"href":"https:\/\/www.autonvaraosahaku.fi\/index.php?rest_route=\/wp\/v2\/product\/97546","targetHints":{"allow":["GET"]}}],"collection":[{"href":"https:\/\/www.autonvaraosahaku.fi\/index.php?rest_route=\/wp\/v2\/product"}],"about":[{"href":"https:\/\/www.autonvaraosahaku.fi\/index.php?rest_route=\/wp\/v2\/types\/product"}],"wp:attachment":[{"href":"https:\/\/www.autonvaraosahaku.fi\/index.php?rest_route=%2Fwp%2Fv2%2Fmedia&parent=97546"}],"wp:term":[{"taxonomy":"pwb-brand","embeddable":true,"href":"https:\/\/www.autonvaraosahaku.fi\/index.php?rest_route=%2Fwp%2Fv2%2Fpwb-brand&post=97546"},{"taxonomy":"product_cat","embeddable":true,"href":"https:\/\/www.autonvaraosahaku.fi\/index.php?rest_route=%2Fwp%2Fv2%2Fproduct_cat&post=97546"},{"taxonomy":"product_tag","embeddable":true,"href":"https:\/\/www.autonvaraosahaku.fi\/index.php?rest_route=%2Fwp%2Fv2%2Fproduct_tag&post=97546"}],"curies":[{"name":"wp","href":"https:\/\/api.w.org\/{rel}","templated":true}]}}