{"id":97557,"date":"2021-02-21T22:14:42","date_gmt":"2021-02-21T22:14:42","guid":{"rendered":"https:\/\/www.autonvaraosahaku.fi\/?product=japanparts-pp-801af-jarrupalat"},"modified":"2021-02-21T22:14:45","modified_gmt":"2021-02-21T22:14:45","slug":"japanparts-pp-801af-jarrupalat","status":"publish","type":"product","link":"https:\/\/www.autonvaraosahaku.fi\/?product=japanparts-pp-801af-jarrupalat","title":{"rendered":"JAPANPARTS PP-801AF Jarrupalat"},"content":{"rendered":"<p>Asennuspuoli: Taka-akseli; Pituus (mm): 98,5; Korkeus (mm): 40; Paksuus [mm]: 14; Tarkistuskilpi: ECE R90 APPROVED; WVA-numero: 25258, 25259, 25260; M\u00e4\u00e4r\u00e4yksikk\u00f6: Akselisarja; Jarrut: f\u00fcr Fahrzeuge mit Scheibenbremse an der Hinterachse; SUZUKI: SWIFT IV FZ, NZ,SX4 S-Cross,SWIFT V AZ; D4M603AW0A, 5580052R00, 5580061M00, 5580061M00000, 5580061M02, 5580068L00, 5580068L00000, 5580068L10, 5580068L10000, 5580068L20, 5580068L20000, 55910M68P00, 55910M68P00000; Jarrupalasarja,Jarrupala, Levyjarru<\/p>\n","protected":false},"excerpt":{"rendered":"<p>JAPANPARTS Jarrupalat PP-801AF Jarrupalasarja,Jarrupala, Levyjarru SUZUKI,SWIFT IV FZ, NZ,SX4 S-Cross,SWIFT V AZ<\/p>\n","protected":false},"featured_media":0,"template":"","meta":{"site-sidebar-layout":"default","site-content-layout":"default","ast-global-header-display":"","ast-main-header-display":"","ast-hfb-above-header-display":"","ast-hfb-below-header-display":"","ast-hfb-mobile-header-display":"","site-post-title":"","ast-breadcrumbs-content":"","ast-featured-img":"","footer-sml-layout":"","theme-transparent-header-meta":"","adv-header-id-meta":"","stick-header-meta":"","header-above-stick-meta":"","header-main-stick-meta":"","header-below-stick-meta":""},"pwb-brand":[334],"product_cat":[100],"product_tag":[],"class_list":{"0":"post-97557","1":"product","2":"type-product","3":"status-publish","5":"pwb-brand-japanparts","6":"product_cat-jarrupalat","7":"desktop-align-left","8":"tablet-align-left","9":"mobile-align-left","11":"first","12":"instock","13":"product-type-external"},"brands":[{"id":334,"name":"JAPANPARTS","slug":"japanparts"}],"_links":{"self":[{"href":"https:\/\/www.autonvaraosahaku.fi\/index.php?rest_route=\/wp\/v2\/product\/97557","targetHints":{"allow":["GET"]}}],"collection":[{"href":"https:\/\/www.autonvaraosahaku.fi\/index.php?rest_route=\/wp\/v2\/product"}],"about":[{"href":"https:\/\/www.autonvaraosahaku.fi\/index.php?rest_route=\/wp\/v2\/types\/product"}],"wp:attachment":[{"href":"https:\/\/www.autonvaraosahaku.fi\/index.php?rest_route=%2Fwp%2Fv2%2Fmedia&parent=97557"}],"wp:term":[{"taxonomy":"pwb-brand","embeddable":true,"href":"https:\/\/www.autonvaraosahaku.fi\/index.php?rest_route=%2Fwp%2Fv2%2Fpwb-brand&post=97557"},{"taxonomy":"product_cat","embeddable":true,"href":"https:\/\/www.autonvaraosahaku.fi\/index.php?rest_route=%2Fwp%2Fv2%2Fproduct_cat&post=97557"},{"taxonomy":"product_tag","embeddable":true,"href":"https:\/\/www.autonvaraosahaku.fi\/index.php?rest_route=%2Fwp%2Fv2%2Fproduct_tag&post=97557"}],"curies":[{"name":"wp","href":"https:\/\/api.w.org\/{rel}","templated":true}]}}