{"id":97581,"date":"2021-02-21T22:14:50","date_gmt":"2021-02-21T22:14:50","guid":{"rendered":"https:\/\/www.autonvaraosahaku.fi\/?product=beru-z26-sytytystulpat"},"modified":"2021-02-21T22:14:54","modified_gmt":"2021-02-21T22:14:54","slug":"beru-z26-sytytystulpat","status":"publish","type":"product","link":"https:\/\/www.autonvaraosahaku.fi\/?product=beru-z26-sytytystulpat","title":{"rendered":"BERU Z26 Sytytystulpat"},"content":{"rendered":"<p>K\u00e4rkiv\u00e4li (mm): 0,7; Liittimet: SAE; Kierremitta: M14x1,25; Avainv\u00e4li: 16 mm; Sytytystulppa: 1-maaelektroodi, kartioistukalla; Kierteen pituus (mm): 17,5; Teknisten tietojen numero: 14 KR-6 DU; Itsepalvelupakattu, katso osaluettelo: ; Kiristysmomentti > [Nm]: 10; Kiristysmomentti enint\u00e4\u00e4n [Nm]: 20; Tuotelinja: ULTRA; TECDOC-moottorinumero: 1210; MAZDA: TRIBUTE EP,121 III JASM, JBSM; FORD USA: AEROSTAR; VOLVO: 240 Kombi P245,240 P242, P244,760 704, 764,760 Kombi 704, 765,960 964,260 P262, P264,260 Coupe P262,260 Kombi P265,780; FORD: FIESTA IV JA_, JB_,KA RB_,FIESTA III GFJ,ESCORT VII GAL, AAL, ABL,ESCORT VII Kombi GAL, ANL,FIESTA Kasten J5_, J3_,ESCORT VII Stufenheck GAL, AFL,ESCORT VI Stufenheck GAL,FIESTA Kasten F3L, F5L; CITRO\u00cbN: BX XB-_,BX Break XB-_; RENAULT: 25 B29_,18 Variable 135_; 5099937, 77BF12405AA, 103, 5962C1, 5962C2, 7401269915, 7700266295, 7700267140, 1269915; Tulpat,Sytytystulppa<\/p>\n","protected":false},"excerpt":{"rendered":"<p>BERU Sytytystulpat Z26 Tulpat,Sytytystulppa MAZDA,FORD USA,VOLVO,TRIBUTE EP,121 III JASM, JBSM,AEROSTAR,240 Kombi P245,240 P242, P244,760 704, 764<\/p>\n","protected":false},"featured_media":0,"template":"","meta":{"site-sidebar-layout":"default","site-content-layout":"default","ast-global-header-display":"","ast-main-header-display":"","ast-hfb-above-header-display":"","ast-hfb-below-header-display":"","ast-hfb-mobile-header-display":"","site-post-title":"","ast-breadcrumbs-content":"","ast-featured-img":"","footer-sml-layout":"","theme-transparent-header-meta":"","adv-header-id-meta":"","stick-header-meta":"","header-above-stick-meta":"","header-main-stick-meta":"","header-below-stick-meta":""},"pwb-brand":[327],"product_cat":[165],"product_tag":[],"class_list":{"0":"post-97581","1":"product","2":"type-product","3":"status-publish","5":"pwb-brand-beru","6":"product_cat-sytytystulpat","7":"desktop-align-left","8":"tablet-align-left","9":"mobile-align-left","11":"first","12":"instock","13":"product-type-external"},"brands":[{"id":327,"name":"BERU","slug":"beru"}],"_links":{"self":[{"href":"https:\/\/www.autonvaraosahaku.fi\/index.php?rest_route=\/wp\/v2\/product\/97581","targetHints":{"allow":["GET"]}}],"collection":[{"href":"https:\/\/www.autonvaraosahaku.fi\/index.php?rest_route=\/wp\/v2\/product"}],"about":[{"href":"https:\/\/www.autonvaraosahaku.fi\/index.php?rest_route=\/wp\/v2\/types\/product"}],"wp:attachment":[{"href":"https:\/\/www.autonvaraosahaku.fi\/index.php?rest_route=%2Fwp%2Fv2%2Fmedia&parent=97581"}],"wp:term":[{"taxonomy":"pwb-brand","embeddable":true,"href":"https:\/\/www.autonvaraosahaku.fi\/index.php?rest_route=%2Fwp%2Fv2%2Fpwb-brand&post=97581"},{"taxonomy":"product_cat","embeddable":true,"href":"https:\/\/www.autonvaraosahaku.fi\/index.php?rest_route=%2Fwp%2Fv2%2Fproduct_cat&post=97581"},{"taxonomy":"product_tag","embeddable":true,"href":"https:\/\/www.autonvaraosahaku.fi\/index.php?rest_route=%2Fwp%2Fv2%2Fproduct_tag&post=97581"}],"curies":[{"name":"wp","href":"https:\/\/api.w.org\/{rel}","templated":true}]}}