{"id":97605,"date":"2021-02-21T22:14:58","date_gmt":"2021-02-21T22:14:58","guid":{"rendered":"https:\/\/www.autonvaraosahaku.fi\/?product=metzger-0905025-jaahdytysnesteen-lampotila-anturi"},"modified":"2021-02-21T22:15:05","modified_gmt":"2021-02-21T22:15:05","slug":"metzger-0905025-jaahdytysnesteen-lampotila-anturi","status":"publish","type":"product","link":"https:\/\/www.autonvaraosahaku.fi\/?product=metzger-0905025-jaahdytysnesteen-lampotila-anturi","title":{"rendered":"METZGER 0905025 J\u00e4\u00e4hdytysnesteen l\u00e4mp\u00f6tila anturi"},"content":{"rendered":"<p>V\u00e4ri: Sininen; Valmistaja rajaus: f\u00fcr BOSCH; Lis\u00e4tarvike\/lis\u00e4tieto: Tiivisteill\u00e4; L\u00e4mp\u00f6alue (\u00b0C): 25, 80; Valmistusvuosi alkaen: 09\/1984; VW: GOLF III 1H1; SKODA: FELICIA I 6U1,FELICIA I Fun 797,FELICIA I Kombi 6U5,FAVORIT 781,FAVORIT Forman 785; BMW: 3 Compact E36,3 E36,3 E30,3 Coupe E36,5 E34,3 Cabriolet E30,3 Cabriolet E36,3 Touring E36,7 E32,5 Touring E34,5 E28,6 E24,3 Touring E30,7 E23,Z1; SEAT: TOLEDO I 1L; LAND ROVER: DISCOVERY II LJ, LT,DISCOVERY I LJ, LG; HYUNDAI: S COUPE SLC; VOLVO: 740 Kombi 745,740 744; SAAB: 9000 Schr\u00e4gheck,9000; ROVER: 200 RF,600 RH,400 RT,400 Hatchback RT; OPEL: OMEGA A 16_, 17_, 19_,CORSA B 73_, 78_, 79_,VECTRA B 36_,ASTRA F CC 53_, 54_, 58_, 59_,OMEGA B Caravan 21_, 22_, 23_,OMEGA B 25_, 26_, 27_,VECTRA B Caravan 31_,ASTRA F Caravan 51_, 52_,CALIBRA A 85_,VECTRA B CC 38_,ASTRA F Cabriolet 53_B,ASTRA F 56_, 57_,KADETT E CC 33_, 34_, 43_, 44_,FRONTERA A Sport 5_SUD2,TIGRA 95_,FRONTERA A 5_MWL4,KADETT E Cabriolet 43B_,ASCONA C 81_, 86_, 87_, 88_,SENATOR B 29_,OMEGA A Caravan 66_, 67_,KADETT E 39_, 49_,CORSA B Kasten 73_,ASCONA C CC 84_, 89_,KADETT E Caravan 35_, 36_, 45_, 46_,ASTRA F Van 55_,KADETT E Kasten 37_, 47_; 1284397, 13621284397, 13621709966, 1709966, 024246, 133857, 91514549, 3922022010, 5972332, 60808142, 98424793, 1338444, 1338451, 1338458, 90410792, 90510183, ERR2081, GTR204, 9357021, 8942205010; J\u00e4\u00e4hdytysnestel\u00e4mp\u00f6tilan Sensori<\/p>\n","protected":false},"excerpt":{"rendered":"<p>METZGER J\u00e4\u00e4hdytysnesteen L\u00e4mp\u00f6tila Anturi 0905025 J\u00e4\u00e4hdytysnestel\u00e4mp\u00f6tilan Sensori VW,SKODA,BMW,GOLF III 1H1,FELICIA I 6U1,FELICIA I Fun 797<\/p>\n","protected":false},"featured_media":0,"template":"","meta":{"site-sidebar-layout":"default","site-content-layout":"default","ast-global-header-display":"","ast-main-header-display":"","ast-hfb-above-header-display":"","ast-hfb-below-header-display":"","ast-hfb-mobile-header-display":"","site-post-title":"","ast-breadcrumbs-content":"","ast-featured-img":"","footer-sml-layout":"","theme-transparent-header-meta":"","adv-header-id-meta":"","stick-header-meta":"","header-above-stick-meta":"","header-main-stick-meta":"","header-below-stick-meta":""},"pwb-brand":[69],"product_cat":[200],"product_tag":[],"class_list":{"0":"post-97605","1":"product","2":"type-product","3":"status-publish","5":"pwb-brand-metzger","6":"product_cat-jaahdytysnesteen-lampotila-anturi","7":"desktop-align-left","8":"tablet-align-left","9":"mobile-align-left","11":"first","12":"instock","13":"product-type-external"},"brands":[{"id":69,"name":"METZGER","slug":"metzger"}],"_links":{"self":[{"href":"https:\/\/www.autonvaraosahaku.fi\/index.php?rest_route=\/wp\/v2\/product\/97605","targetHints":{"allow":["GET"]}}],"collection":[{"href":"https:\/\/www.autonvaraosahaku.fi\/index.php?rest_route=\/wp\/v2\/product"}],"about":[{"href":"https:\/\/www.autonvaraosahaku.fi\/index.php?rest_route=\/wp\/v2\/types\/product"}],"wp:attachment":[{"href":"https:\/\/www.autonvaraosahaku.fi\/index.php?rest_route=%2Fwp%2Fv2%2Fmedia&parent=97605"}],"wp:term":[{"taxonomy":"pwb-brand","embeddable":true,"href":"https:\/\/www.autonvaraosahaku.fi\/index.php?rest_route=%2Fwp%2Fv2%2Fpwb-brand&post=97605"},{"taxonomy":"product_cat","embeddable":true,"href":"https:\/\/www.autonvaraosahaku.fi\/index.php?rest_route=%2Fwp%2Fv2%2Fproduct_cat&post=97605"},{"taxonomy":"product_tag","embeddable":true,"href":"https:\/\/www.autonvaraosahaku.fi\/index.php?rest_route=%2Fwp%2Fv2%2Fproduct_tag&post=97605"}],"curies":[{"name":"wp","href":"https:\/\/api.w.org\/{rel}","templated":true}]}}