{"id":97623,"date":"2021-02-21T22:15:07","date_gmt":"2021-02-21T22:15:07","guid":{"rendered":"https:\/\/www.autonvaraosahaku.fi\/?product=febi-bilstein-15761-hydrauliikkasuodatin"},"modified":"2021-02-21T22:15:13","modified_gmt":"2021-02-21T22:15:13","slug":"febi-bilstein-15761-hydrauliikkasuodatin","status":"publish","type":"product","link":"https:\/\/www.autonvaraosahaku.fi\/?product=febi-bilstein-15761-hydrauliikkasuodatin","title":{"rendered":"FEBI BILSTEIN 15761 Hydrauliikkasuodatin"},"content":{"rendered":"<p>Pituus (mm): 100; Sis\u00e4l\u00e4pimitta [mm]: 17,5; Ulkol\u00e4pimitta [mm]: 60,0; Paino [kg]: 0,096, 0,096; TECDOC-moottorinumero: 39447; IVECO: DAILY II Pritsche\/Fahrgestell,DAILY II Kasten\/Kombi,DAILY I Pritsche\/Fahrgestell,DAILY II Bus,DAILY I Kasten\/Kombi,EUROCARGO I-III,EUROSTAR,EUROTECH MP,EUROTECH MT,EUROTRAKKER,M,MK,P\/PA,P\/PA-Haubenfahrzeuge,TURBOSTAR,TURBOTECH,ZETA; VOLVO: B12,F10,F12,F16,F6,F7,FH12,FH16,FL10,FL12,FL4,FL6,FL7,FLC,FM10,FM12,FM7,FM9,FS7,N10,N7; MERCEDES-BENZ: ACTROS,ACTROS MP2 \/ MP3,ATEGO,ATEGO 2,AXOR,AXOR 2,ECONIC,LK\/LN2,MK,NG,O 302,O 303,O 304,O 305,O 307,O 330,O 340,O 404,O 405,O 407,O 408,SK,T2\/L,UNIMOG,ZETROS; SETRA: Series 200,Series 300,Series 400,Series 500; SCANIA: 3 &#8211; series bus,4 &#8211; series,F &#8211; series bus; RENAULT TRUCKS: C,G,KERAX,MAGNUM,MAJOR,MANAGER,MAXTER,MIDLINER,MIDLUM,PREMIUM,PREMIUM 2,R; NEOPLAN: Tourliner,Trendliner; MAN: E2000,EL,F2000,F90,G,G90,HOCL,L2000,LION\u00b4S CITY,LION\u00b4S COACH,LION\u00b4S REGIO,LION\u00b4S STAR,M 2000 L,M 2000 M,M90,NG,NL,NM,N\u00dc,SG,SL II,TGA,TGL,TGM,\u00dcL; DAF: 65,65 CF,75,75 CF,85,85 CF,95,95 XF,CF 65,CF 75,CF 85,F 1100,F 1300,F 1600,F 1700,F 1900,F 2100,F 2300,F 2500,F 2700,F 2800,F 2900,F 3200,F 3300,F 3600,LF 45,LF 55,SB,XF 105,XF 95; 0229348, 229348, 0001902137, 0002966261, 0005000820895, 001902137, 002966261, 005000820895, 01902137, 02966261, 04891252, 05000820895, 1902137, 2966261, 5000820895, 5001018962, 81473016005, 81473070008, 84779100002, 85400003330, 0004660204, 0004660604, 0004662804, A0004660204, A0004660604, A0004662804, 5000814407, 5000820895, 480A470060, 480A4700748, 480A470748, 5011070580, 349619, 85103870<\/p>\n","protected":false},"excerpt":{"rendered":"<p>FEBI BILSTEIN Hydrauliikkasuodatin, Ohjaus 15761  IVECO,VOLVO,MERCEDES-BENZ,DAILY II Pritsche\/Fahrgestell,DAILY II Kasten\/Kombi<\/p>\n","protected":false},"featured_media":0,"template":"","meta":{"site-sidebar-layout":"default","site-content-layout":"default","ast-global-header-display":"","ast-main-header-display":"","ast-hfb-above-header-display":"","ast-hfb-below-header-display":"","ast-hfb-mobile-header-display":"","site-post-title":"","ast-breadcrumbs-content":"","ast-featured-img":"","footer-sml-layout":"","theme-transparent-header-meta":"","adv-header-id-meta":"","stick-header-meta":"","header-above-stick-meta":"","header-main-stick-meta":"","header-below-stick-meta":""},"pwb-brand":[50],"product_cat":[104],"product_tag":[],"class_list":{"0":"post-97623","1":"product","2":"type-product","3":"status-publish","5":"pwb-brand-febi-bilstein","6":"product_cat-hydrauliikkasuodatin","7":"desktop-align-left","8":"tablet-align-left","9":"mobile-align-left","11":"first","12":"instock","13":"product-type-external"},"brands":[{"id":50,"name":"FEBI BILSTEIN","slug":"febi-bilstein"}],"_links":{"self":[{"href":"https:\/\/www.autonvaraosahaku.fi\/index.php?rest_route=\/wp\/v2\/product\/97623","targetHints":{"allow":["GET"]}}],"collection":[{"href":"https:\/\/www.autonvaraosahaku.fi\/index.php?rest_route=\/wp\/v2\/product"}],"about":[{"href":"https:\/\/www.autonvaraosahaku.fi\/index.php?rest_route=\/wp\/v2\/types\/product"}],"wp:attachment":[{"href":"https:\/\/www.autonvaraosahaku.fi\/index.php?rest_route=%2Fwp%2Fv2%2Fmedia&parent=97623"}],"wp:term":[{"taxonomy":"pwb-brand","embeddable":true,"href":"https:\/\/www.autonvaraosahaku.fi\/index.php?rest_route=%2Fwp%2Fv2%2Fpwb-brand&post=97623"},{"taxonomy":"product_cat","embeddable":true,"href":"https:\/\/www.autonvaraosahaku.fi\/index.php?rest_route=%2Fwp%2Fv2%2Fproduct_cat&post=97623"},{"taxonomy":"product_tag","embeddable":true,"href":"https:\/\/www.autonvaraosahaku.fi\/index.php?rest_route=%2Fwp%2Fv2%2Fproduct_tag&post=97623"}],"curies":[{"name":"wp","href":"https:\/\/api.w.org\/{rel}","templated":true}]}}