{"id":97634,"date":"2021-02-21T22:15:16","date_gmt":"2021-02-21T22:15:16","guid":{"rendered":"https:\/\/www.autonvaraosahaku.fi\/?product=febi-bilstein-03960-pyoranpultit"},"modified":"2021-02-21T22:15:18","modified_gmt":"2021-02-21T22:15:18","slug":"febi-bilstein-03960-pyoranpultit","status":"publish","type":"product","link":"https:\/\/www.autonvaraosahaku.fi\/?product=febi-bilstein-03960-pyoranpultit","title":{"rendered":"FEBI BILSTEIN 03960 Py\u00f6r\u00e4npultit"},"content":{"rendered":"<p>Pituus (mm): 108,5; Ulkokierre [mm]: M22 x 1,5; Kierteen pituus (mm): 40; Laatu \/ luokka: 10.9; Runkopituus [mm]: 56; Materiaali: Ter\u00e4s; Pinta: Fosfatoitu; Ruuvikannan korkeus [mm]: 10,5; Ruuvin pituus ilman p\u00e4\u00e4t\u00e4: 98; Ruuvikanta-\u00d8 [mm]: 32; Paino [kg]: 0,337, 0,337; Moottorinumero: 366.905; MERCEDES-BENZ: ACTROS,ACTROS MP2 \/ MP3,ATEGO,AXOR,AXOR 2,LK\/LN2,MK,NG,O 302,O 303,O 304,O 330,O 340,O 400,O 403,O 404,O 408,OF,OH,SK,T2\/L,TOURISMO (O 350),TOURO (O 500),ZETROS; 81455010059, 81455010072, 81455010080, 3814010471, 3814010571, 3814010571S1, 3814011171, 4984010071, A3814010471, A3814011171, A4984010071<\/p>\n","protected":false},"excerpt":{"rendered":"<p>FEBI BILSTEIN Py\u00f6r\u00e4npultit 03960  MERCEDES-BENZ,ACTROS,ACTROS MP2 \/ MP3,ATEGO,AXOR,AXOR 2,LK\/LN2,MK,NG,O 302,O 303,O 304,O 330,O 340,O 400,O 403,O 404<\/p>\n","protected":false},"featured_media":0,"template":"","meta":{"site-sidebar-layout":"default","site-content-layout":"default","ast-global-header-display":"","ast-main-header-display":"","ast-hfb-above-header-display":"","ast-hfb-below-header-display":"","ast-hfb-mobile-header-display":"","site-post-title":"","ast-breadcrumbs-content":"","ast-featured-img":"","footer-sml-layout":"","theme-transparent-header-meta":"","adv-header-id-meta":"","stick-header-meta":"","header-above-stick-meta":"","header-main-stick-meta":"","header-below-stick-meta":""},"pwb-brand":[50],"product_cat":[51],"product_tag":[],"class_list":{"0":"post-97634","1":"product","2":"type-product","3":"status-publish","5":"pwb-brand-febi-bilstein","6":"product_cat-pyoranpultit","7":"desktop-align-left","8":"tablet-align-left","9":"mobile-align-left","11":"first","12":"instock","13":"product-type-external"},"brands":[{"id":50,"name":"FEBI BILSTEIN","slug":"febi-bilstein"}],"_links":{"self":[{"href":"https:\/\/www.autonvaraosahaku.fi\/index.php?rest_route=\/wp\/v2\/product\/97634","targetHints":{"allow":["GET"]}}],"collection":[{"href":"https:\/\/www.autonvaraosahaku.fi\/index.php?rest_route=\/wp\/v2\/product"}],"about":[{"href":"https:\/\/www.autonvaraosahaku.fi\/index.php?rest_route=\/wp\/v2\/types\/product"}],"wp:attachment":[{"href":"https:\/\/www.autonvaraosahaku.fi\/index.php?rest_route=%2Fwp%2Fv2%2Fmedia&parent=97634"}],"wp:term":[{"taxonomy":"pwb-brand","embeddable":true,"href":"https:\/\/www.autonvaraosahaku.fi\/index.php?rest_route=%2Fwp%2Fv2%2Fpwb-brand&post=97634"},{"taxonomy":"product_cat","embeddable":true,"href":"https:\/\/www.autonvaraosahaku.fi\/index.php?rest_route=%2Fwp%2Fv2%2Fproduct_cat&post=97634"},{"taxonomy":"product_tag","embeddable":true,"href":"https:\/\/www.autonvaraosahaku.fi\/index.php?rest_route=%2Fwp%2Fv2%2Fproduct_tag&post=97634"}],"curies":[{"name":"wp","href":"https:\/\/api.w.org\/{rel}","templated":true}]}}