{"id":97636,"date":"2021-02-21T22:15:16","date_gmt":"2021-02-21T22:15:16","guid":{"rendered":"https:\/\/www.autonvaraosahaku.fi\/?product=vaico-v10-0452-jarrukengat"},"modified":"2021-02-21T22:15:19","modified_gmt":"2021-02-21T22:15:19","slug":"vaico-v10-0452-jarrukengat","status":"publish","type":"product","link":"https:\/\/www.autonvaraosahaku.fi\/?product=vaico-v10-0452-jarrukengat","title":{"rendered":"VAICO V10-0452 Jarrukeng\u00e4t"},"content":{"rendered":"<p>L\u00e4pimitta [mm]: 180; Leveys (mm): 31; Lis\u00e4tarvike\/lis\u00e4tieto: Vivulla; Jarrupala\/-hihna: P\u00e4\u00e4llysteell\u00e4; Asennuspuoli: Taka-akseli; Paino [kg]: 1,217; Pakkausleveys [cm]: 12,6; Pakkauskorkeus [mm]: 8,2; Pakkaussyvyys [cm]: 19,8; lis\u00e4tieto: CST97; Valmistusvuosi alkaen: 08\/1978; VW: LUPO 6X1, 6E1,GOLF III 1H1,POLO 6N2,POLO 6N1,GOLF II 19E, 1G1,GOLF I Cabriolet 155,POLO 86C, 80,POLO Coupe 86C, 80,POLO Variant 6KV5,POLO CLASSIC 6KV2,SCIROCCO 53B,GOLF I 17,JETTA II 19E, 1G2, 165,PASSAT Variant 32B,POLO Kasten 6NF,POLO CLASSIC 86C, 80,PASSAT 32B,POLO 86,SCIROCCO 53,JETTA I 16,DERBY 86C, 80,POLO Kasten 86CF,PASSAT 32,DERBY 86,PASSAT Stufenheck 32B,PASSAT Variant 33,SANTANA 32B; AUDI: A2 8Z0,80 81, 85, B2,COUPE 81, 85,80 80, 82, B1,100 C1,100 Coupe C1,50 86; SEAT: AROSA 6H,IBIZA II 6K1,CORDOBA 6K1, 6K2,CORDOBA Vario 6K1,TOLEDO I 1L; 171609525A, 171609526A, 171609527F, 171609528F, 171698525AX, 171698525BX, 191609525, 191609526, 191609527, 191609528, 531698525X, 867609525, 867609525A, 867609526, 867609526A, 867609527, 867609527A, 867609528, 867609528A, 867698511X, 867698520X, 867698525, 867698525V, 867698525X, 171609525A, 171609526A, 171609527F, 171609528F, 171698525AX, 171698525BX, 191609525, 191609526, 191609527, 191609528, 1H0698511X, 1H0698520X, 531609525X, 531609526X, 531609527X, 531609528X, 531698525X, 867609525, 867609526, 867609526A, 867609527, 867609528, 867609528A, 867698511X, 867698520X, 867698525, 867698525V, 867698525X, 171609525A, 171609526A, 171609527F, 171609528F, 191609525, 191609526, 191609527, 191609528, 1H0698511X, 1H0698520X, 531609525X, 531609526X, 531609527X, 531609528X, 867609525, 867609526, 867609527, 867609528, 867698511X, 867698520X, 867698525, 867698525V, 867698525X, 171609525A, 171609526A, 171609527F, 171609528F, 171698525AX, 171698525BX, 191609525, 191609526, 191609527, 191609528, 1H0&#8230;; Jarrukenk\u00e4sarja<\/p>\n","protected":false},"excerpt":{"rendered":"<p>VAICO Jarrukeng\u00e4t V10-0452 Jarrukenk\u00e4sarja VW,AUDI,SEAT,LUPO 6X1, 6E1,GOLF III 1H1,POLO 6N2,POLO 6N1,GOLF II 19E, 1G1,GOLF I Cabriolet 155<\/p>\n","protected":false},"featured_media":0,"template":"","meta":{"site-sidebar-layout":"default","site-content-layout":"default","ast-global-header-display":"","ast-main-header-display":"","ast-hfb-above-header-display":"","ast-hfb-below-header-display":"","ast-hfb-mobile-header-display":"","site-post-title":"","ast-breadcrumbs-content":"","ast-featured-img":"","footer-sml-layout":"","theme-transparent-header-meta":"","adv-header-id-meta":"","stick-header-meta":"","header-above-stick-meta":"","header-main-stick-meta":"","header-below-stick-meta":""},"pwb-brand":[330],"product_cat":[176],"product_tag":[],"class_list":{"0":"post-97636","1":"product","2":"type-product","3":"status-publish","5":"pwb-brand-vaico","6":"product_cat-jarrukengat","7":"desktop-align-left","8":"tablet-align-left","9":"mobile-align-left","11":"first","12":"instock","13":"product-type-external"},"brands":[{"id":330,"name":"VAICO","slug":"vaico"}],"_links":{"self":[{"href":"https:\/\/www.autonvaraosahaku.fi\/index.php?rest_route=\/wp\/v2\/product\/97636","targetHints":{"allow":["GET"]}}],"collection":[{"href":"https:\/\/www.autonvaraosahaku.fi\/index.php?rest_route=\/wp\/v2\/product"}],"about":[{"href":"https:\/\/www.autonvaraosahaku.fi\/index.php?rest_route=\/wp\/v2\/types\/product"}],"wp:attachment":[{"href":"https:\/\/www.autonvaraosahaku.fi\/index.php?rest_route=%2Fwp%2Fv2%2Fmedia&parent=97636"}],"wp:term":[{"taxonomy":"pwb-brand","embeddable":true,"href":"https:\/\/www.autonvaraosahaku.fi\/index.php?rest_route=%2Fwp%2Fv2%2Fpwb-brand&post=97636"},{"taxonomy":"product_cat","embeddable":true,"href":"https:\/\/www.autonvaraosahaku.fi\/index.php?rest_route=%2Fwp%2Fv2%2Fproduct_cat&post=97636"},{"taxonomy":"product_tag","embeddable":true,"href":"https:\/\/www.autonvaraosahaku.fi\/index.php?rest_route=%2Fwp%2Fv2%2Fproduct_tag&post=97636"}],"curies":[{"name":"wp","href":"https:\/\/api.w.org\/{rel}","templated":true}]}}