{"id":97653,"date":"2021-02-21T22:15:25","date_gmt":"2021-02-21T22:15:25","guid":{"rendered":"https:\/\/www.autonvaraosahaku.fi\/?product=febi-bilstein-02100-kasijarrukengat"},"modified":"2021-02-21T22:15:27","modified_gmt":"2021-02-21T22:15:27","slug":"febi-bilstein-02100-kasijarrukengat","status":"publish","type":"product","link":"https:\/\/www.autonvaraosahaku.fi\/?product=febi-bilstein-02100-kasijarrukengat","title":{"rendered":"FEBI BILSTEIN 02100 K\u00e4sijarrukeng\u00e4t"},"content":{"rendered":"<p>Leveys (mm): 20,0; Ulkol\u00e4pimitta [mm]: 164,0; Tarkistuskilpi: ECE R90 Approved; Asennuspuoli: Taka-akseli; Paino [kg]: 0,96, 0,96; Moottorinumero: M102; MERCEDES-BENZ: A-CLASS W169,A-CLASS W168,B-CLASS W245,C-CLASS W202,190 W201,SLK R170,E-CLASS W210,Stufenheck W124,E-CLASS Kombi S210,CLK C208,SL R129,C-CLASS Kombi S202,KOMBI Kombi S124,E-CLASS W124,CLK Cabriolet A208,COUPE C124,E-CLASS Kombi S124,E-CLASS Cabriolet A124,E-CLASS Coupe C124,CABRIOLET A124; 1244200320, 1244200520, 1244200520S1, 1244200720, 1244200720S1, 2014200920, A1244200320, A1244200520, A1244200720, A2014200920; Jarrukenk\u00e4sarja, K\u00e4sijarru<\/p>\n","protected":false},"excerpt":{"rendered":"<p>FEBI BILSTEIN K\u00e4sijarrukeng\u00e4t 02100 Jarrukenk\u00e4sarja, K\u00e4sijarru MERCEDES-BENZ,A-CLASS W169,A-CLASS W168,B-CLASS W245,C-CLASS W202,190 W201,SLK R170<\/p>\n","protected":false},"featured_media":0,"template":"","meta":{"site-sidebar-layout":"default","site-content-layout":"default","ast-global-header-display":"","ast-main-header-display":"","ast-hfb-above-header-display":"","ast-hfb-below-header-display":"","ast-hfb-mobile-header-display":"","site-post-title":"","ast-breadcrumbs-content":"","ast-featured-img":"","footer-sml-layout":"","theme-transparent-header-meta":"","adv-header-id-meta":"","stick-header-meta":"","header-above-stick-meta":"","header-main-stick-meta":"","header-below-stick-meta":""},"pwb-brand":[50],"product_cat":[236],"product_tag":[],"class_list":{"0":"post-97653","1":"product","2":"type-product","3":"status-publish","5":"pwb-brand-febi-bilstein","6":"product_cat-kasijarrukengat","7":"desktop-align-left","8":"tablet-align-left","9":"mobile-align-left","11":"first","12":"instock","13":"product-type-external"},"brands":[{"id":50,"name":"FEBI BILSTEIN","slug":"febi-bilstein"}],"_links":{"self":[{"href":"https:\/\/www.autonvaraosahaku.fi\/index.php?rest_route=\/wp\/v2\/product\/97653","targetHints":{"allow":["GET"]}}],"collection":[{"href":"https:\/\/www.autonvaraosahaku.fi\/index.php?rest_route=\/wp\/v2\/product"}],"about":[{"href":"https:\/\/www.autonvaraosahaku.fi\/index.php?rest_route=\/wp\/v2\/types\/product"}],"wp:attachment":[{"href":"https:\/\/www.autonvaraosahaku.fi\/index.php?rest_route=%2Fwp%2Fv2%2Fmedia&parent=97653"}],"wp:term":[{"taxonomy":"pwb-brand","embeddable":true,"href":"https:\/\/www.autonvaraosahaku.fi\/index.php?rest_route=%2Fwp%2Fv2%2Fpwb-brand&post=97653"},{"taxonomy":"product_cat","embeddable":true,"href":"https:\/\/www.autonvaraosahaku.fi\/index.php?rest_route=%2Fwp%2Fv2%2Fproduct_cat&post=97653"},{"taxonomy":"product_tag","embeddable":true,"href":"https:\/\/www.autonvaraosahaku.fi\/index.php?rest_route=%2Fwp%2Fv2%2Fproduct_tag&post=97653"}],"curies":[{"name":"wp","href":"https:\/\/api.w.org\/{rel}","templated":true}]}}