{"id":97664,"date":"2021-02-21T22:15:25","date_gmt":"2021-02-21T22:15:25","guid":{"rendered":"https:\/\/www.autonvaraosahaku.fi\/?product=vaico-v30-0254-jaahdyttimen-letku"},"modified":"2021-02-21T22:15:31","modified_gmt":"2021-02-21T22:15:31","slug":"vaico-v30-0254-jaahdyttimen-letku","status":"publish","type":"product","link":"https:\/\/www.autonvaraosahaku.fi\/?product=vaico-v30-0254-jaahdyttimen-letku","title":{"rendered":"VAICO V30-0254 J\u00e4\u00e4hdyttimen letku"},"content":{"rendered":"<p>Asennuspuoli: Yl\u00e4puolella; Paino [kg]: 0,205; Pakkausleveys [cm]: 10; Pakkauskorkeus [mm]: 4; Pakkaussyvyys [cm]: 35; lis\u00e4tieto: CST99; Valmistusvuoteen: 09\/1984; MAZDA: 323 III Hatchback BF,323 II Hatchback BD,323 II BD; BMW: 5 E28; SEAT: IBIZA I 021A,RONDA 022A; NISSAN: LAUREL JC31,BLUEBIRD 910,BLUEBIRD Traveller W910; KIA: MAGENTIS GD; HYUNDAI: COUPE GK,SONATA IV EF,ACCENT II LC,COUPE RD,ACCENT II Stufenheck LC; MERCEDES-BENZ: 190 W201; OPEL: OMEGA B Caravan 21_, 22_, 23_,OMEGA B 25_, 26_, 27_; LANCIA: KAPPA 838A,KAPPA SW 838B,KAPPA Coupe 838,DEDRA 835,DEDRA SW 835; FORD: FIESTA III GFJ,FIESTA Kasten F3L, F5L,FIESTA Kasten FVD; 2015013882, 2015014882, A2015013882, A2015014882<\/p>\n","protected":false},"excerpt":{"rendered":"<p>VAICO J\u00e4\u00e4hdyttimen Letku V30-0254  MAZDA,BMW,SEAT,323 III Hatchback BF,323 II Hatchback BD,323 II BD,5 E28,IBIZA I 021A,RONDA 022A,LAUREL JC31<\/p>\n","protected":false},"featured_media":0,"template":"","meta":{"site-sidebar-layout":"default","site-content-layout":"default","ast-global-header-display":"","ast-main-header-display":"","ast-hfb-above-header-display":"","ast-hfb-below-header-display":"","ast-hfb-mobile-header-display":"","site-post-title":"","ast-breadcrumbs-content":"","ast-featured-img":"","footer-sml-layout":"","theme-transparent-header-meta":"","adv-header-id-meta":"","stick-header-meta":"","header-above-stick-meta":"","header-main-stick-meta":"","header-below-stick-meta":""},"pwb-brand":[330],"product_cat":[206],"product_tag":[],"class_list":{"0":"post-97664","1":"product","2":"type-product","3":"status-publish","5":"pwb-brand-vaico","6":"product_cat-jaahdyttimen-letku","7":"desktop-align-left","8":"tablet-align-left","9":"mobile-align-left","11":"first","12":"instock","13":"product-type-external"},"brands":[{"id":330,"name":"VAICO","slug":"vaico"}],"_links":{"self":[{"href":"https:\/\/www.autonvaraosahaku.fi\/index.php?rest_route=\/wp\/v2\/product\/97664","targetHints":{"allow":["GET"]}}],"collection":[{"href":"https:\/\/www.autonvaraosahaku.fi\/index.php?rest_route=\/wp\/v2\/product"}],"about":[{"href":"https:\/\/www.autonvaraosahaku.fi\/index.php?rest_route=\/wp\/v2\/types\/product"}],"wp:attachment":[{"href":"https:\/\/www.autonvaraosahaku.fi\/index.php?rest_route=%2Fwp%2Fv2%2Fmedia&parent=97664"}],"wp:term":[{"taxonomy":"pwb-brand","embeddable":true,"href":"https:\/\/www.autonvaraosahaku.fi\/index.php?rest_route=%2Fwp%2Fv2%2Fpwb-brand&post=97664"},{"taxonomy":"product_cat","embeddable":true,"href":"https:\/\/www.autonvaraosahaku.fi\/index.php?rest_route=%2Fwp%2Fv2%2Fproduct_cat&post=97664"},{"taxonomy":"product_tag","embeddable":true,"href":"https:\/\/www.autonvaraosahaku.fi\/index.php?rest_route=%2Fwp%2Fv2%2Fproduct_tag&post=97664"}],"curies":[{"name":"wp","href":"https:\/\/api.w.org\/{rel}","templated":true}]}}