{"id":97671,"date":"2021-02-21T22:15:34","date_gmt":"2021-02-21T22:15:34","guid":{"rendered":"https:\/\/www.autonvaraosahaku.fi\/?product=vaico-v24-0047-oljynsuodatin"},"modified":"2021-02-21T22:15:34","modified_gmt":"2021-02-21T22:15:34","slug":"vaico-v24-0047-oljynsuodatin","status":"publish","type":"product","link":"https:\/\/www.autonvaraosahaku.fi\/?product=vaico-v24-0047-oljynsuodatin","title":{"rendered":"VAICO V24-0047 \u00d6ljynsuodatin"},"content":{"rendered":"<p>Suodatintyyppi: Ruuvattava suodatin; Kierremitta: M 20 X 1,5; Ulkol\u00e4pimitta [mm]: 76; Korvaava tuote\/korvaava tiedote 2: yhdell\u00e4 peruutuksenestoventtiilill\u00e4; L\u00e4pimitta [mm]: 76; Korkeus (mm): 100; Sis\u00e4l\u00e4pimitta 1 [mm]: 62; Sis\u00e4l\u00e4pimitta 2 [mm]: 71; Avauspaine ohitusventtiili [bar]: 1; Paino [kg]: 0,9825; Pakkausleveys [cm]: 8,8; Pakkauskorkeus [mm]: 11,5; Pakkaussyvyys [cm]: 8,8; lis\u00e4tieto: CST99; Valmistusvuosi alkaen: 10\/1994; LANCIA: Y 840A,THESIS 841AX,LYBRA SW 839BX,KAPPA 838A,LYBRA 839AX,DELTA II 836,KAPPA SW 838B,DEDRA 835,Y10 156,DEDRA SW 835; FIAT: PUNTO 188,STILO 192,DOBLO Cargo 223,PUNTO 176,STILO Multi Wagon 192,DOBLO 119,DUCATO Kasten 290,DUCATO Pritsche\/Fahrgestell 290,DUCATO Kasten 280,DUCATO Pritsche\/Fahrgestell 280,CINQUECENTO 170,PANDA 141A_,STRADA Pick-up 178E,MULTIPLA 186,PUNTO Van 188AX,DUCATO Panorama 280,BRAVO I 182,BRAVA 182,PUNTO Cabriolet 176C,SCUDO Kasten 220L,MAREA Weekend 185,UNO 146A\/E,DUCATO Panorama 290,SCUDO Combinato 220P,PALIO Weekend 178DX,FIORINO Kasten 146,TIPO 160,PANDA Van 141_,MAREA 185,TALENTO Pritsche\/Fahrgestell 290,TEMPRA 159,PUNTO Van 176L,TEMPRA S.W. 159,FIORINO Pick up 146,TALENTO Bus 290,TALENTO Kasten 290,PALIO 178BX,SIENA 178_,ELBA 146_,SCUDO Pritsche\/Fahrgestell 220_; CITRO\u00cbN: JUMPY U6U,JUMPY Kasten BS_, BT_, BY_, BZ_; ALFA ROMEO: 147 937,156 Sportwagon 932,156 932,166 936,145 930,146 930,6 119; AUTOBIANCHI: Y10; INNOCENTI: ELBA 146; 4648378, 60813507, 1109AR, 1109CN, 1109K9, 1608076280, 95495621, 95495622, MLS000715, 5889211, 59030262, 5973928, 5984044, 71736157, 71753738, 71754569, 71771360, 5016954, 5017814, 5022738, 55195984, 5889211, 5973298, 5973928, 71771360, 1520831U0A, 1520831U0B, 1520831U0D, 152089, 152089E000A, 152089E01A, 110967, 110984, 1109AR, 1109F0, 1109K8, 1608076280, 1109K9, 7701415062<\/p>\n","protected":false},"excerpt":{"rendered":"<p>VAICO \u00d6ljynsuodatin V24-0047  LANCIA,FIAT,CITRO\u00cbN,Y 840A,THESIS 841AX,LYBRA SW 839BX,KAPPA 838A,LYBRA 839AX,DELTA II 836,KAPPA SW 838B,DEDRA 835<\/p>\n","protected":false},"featured_media":0,"template":"","meta":{"site-sidebar-layout":"default","site-content-layout":"default","ast-global-header-display":"","ast-main-header-display":"","ast-hfb-above-header-display":"","ast-hfb-below-header-display":"","ast-hfb-mobile-header-display":"","site-post-title":"","ast-breadcrumbs-content":"","ast-featured-img":"","footer-sml-layout":"","theme-transparent-header-meta":"","adv-header-id-meta":"","stick-header-meta":"","header-above-stick-meta":"","header-main-stick-meta":"","header-below-stick-meta":""},"pwb-brand":[330],"product_cat":[30],"product_tag":[],"class_list":{"0":"post-97671","1":"product","2":"type-product","3":"status-publish","5":"pwb-brand-vaico","6":"product_cat-oljynsuodatin","7":"desktop-align-left","8":"tablet-align-left","9":"mobile-align-left","11":"first","12":"instock","13":"product-type-external"},"brands":[{"id":330,"name":"VAICO","slug":"vaico"}],"_links":{"self":[{"href":"https:\/\/www.autonvaraosahaku.fi\/index.php?rest_route=\/wp\/v2\/product\/97671","targetHints":{"allow":["GET"]}}],"collection":[{"href":"https:\/\/www.autonvaraosahaku.fi\/index.php?rest_route=\/wp\/v2\/product"}],"about":[{"href":"https:\/\/www.autonvaraosahaku.fi\/index.php?rest_route=\/wp\/v2\/types\/product"}],"wp:attachment":[{"href":"https:\/\/www.autonvaraosahaku.fi\/index.php?rest_route=%2Fwp%2Fv2%2Fmedia&parent=97671"}],"wp:term":[{"taxonomy":"pwb-brand","embeddable":true,"href":"https:\/\/www.autonvaraosahaku.fi\/index.php?rest_route=%2Fwp%2Fv2%2Fpwb-brand&post=97671"},{"taxonomy":"product_cat","embeddable":true,"href":"https:\/\/www.autonvaraosahaku.fi\/index.php?rest_route=%2Fwp%2Fv2%2Fproduct_cat&post=97671"},{"taxonomy":"product_tag","embeddable":true,"href":"https:\/\/www.autonvaraosahaku.fi\/index.php?rest_route=%2Fwp%2Fv2%2Fproduct_tag&post=97671"}],"curies":[{"name":"wp","href":"https:\/\/api.w.org\/{rel}","templated":true}]}}