{"id":97675,"date":"2021-02-21T22:15:34","date_gmt":"2021-02-21T22:15:34","guid":{"rendered":"https:\/\/www.autonvaraosahaku.fi\/?product=vaico-v24-0022-oljynsuodatin"},"modified":"2021-02-21T22:15:36","modified_gmt":"2021-02-21T22:15:36","slug":"vaico-v24-0022-oljynsuodatin","status":"publish","type":"product","link":"https:\/\/www.autonvaraosahaku.fi\/?product=vaico-v24-0022-oljynsuodatin","title":{"rendered":"VAICO V24-0022 \u00d6ljynsuodatin"},"content":{"rendered":"<p>Ulkol\u00e4pimitta [mm]: 76; Avauspaine ohitusventtiili [bar]: 1,3; Kierremitta: M 20 X 1,5; Korvaava tuote\/korvaava tiedote 2: yhdell\u00e4 peruutuksenestoventtiilill\u00e4; Sis\u00e4l\u00e4pimitta 1 [mm]: 63; Sis\u00e4l\u00e4pimitta 2 [mm]: 72; Suodatintyyppi: Ruuvattava suodatin; Korkeus (mm): 53; Paino [kg]: 0,33; Pakkausleveys [cm]: 8,2; Pakkauskorkeus [mm]: 8,2; Pakkaussyvyys [cm]: 8,2; lis\u00e4tieto: CST99; TECDOC-moottorinumero: 4190; LANCIA: Y 840A,MUSA 350,THESIS 841AX,LYBRA SW 839BX,LYBRA 839AX,DELTA II 836,DEDRA 835,DEDRA SW 835; FIAT: PUNTO 188,PANDA 169,STILO 192,BRAVO II 198,SEICENTO 187,BARCHETTA 183,DOBLO Cargo 223,STILO Multi Wagon 192,DOBLO 119,PANDA Van 169,PANDA 141A_,IDEA,COUPE FA\/175,MULTIPLA 186,PUNTO Van 188AX,BRAVO I 182,BRAVA 182,MAREA Weekend 185,UNO 146A\/E,PALIO Weekend 178DX,SEICENTO Van 187,PANDA Van 141_,MAREA 185,PALIO 178BX,SIENA 178_; ALFA ROMEO: 147 937,156 Sportwagon 932,156 932,GT 937,SPIDER 916S_,166 936,GTV 916C_,145 930,155 167,146 930; 46796687, 71753742<\/p>\n","protected":false},"excerpt":{"rendered":"<p>VAICO \u00d6ljynsuodatin V24-0022  LANCIA,FIAT,ALFA ROMEO,Y 840A,MUSA 350,THESIS 841AX,LYBRA SW 839BX,LYBRA 839AX,DELTA II 836,DEDRA 835,DEDRA SW 835<\/p>\n","protected":false},"featured_media":0,"template":"","meta":{"site-sidebar-layout":"default","site-content-layout":"default","ast-global-header-display":"","ast-main-header-display":"","ast-hfb-above-header-display":"","ast-hfb-below-header-display":"","ast-hfb-mobile-header-display":"","site-post-title":"","ast-breadcrumbs-content":"","ast-featured-img":"","footer-sml-layout":"","theme-transparent-header-meta":"","adv-header-id-meta":"","stick-header-meta":"","header-above-stick-meta":"","header-main-stick-meta":"","header-below-stick-meta":""},"pwb-brand":[330],"product_cat":[30],"product_tag":[],"class_list":{"0":"post-97675","1":"product","2":"type-product","3":"status-publish","5":"pwb-brand-vaico","6":"product_cat-oljynsuodatin","7":"desktop-align-left","8":"tablet-align-left","9":"mobile-align-left","11":"first","12":"instock","13":"product-type-external"},"brands":[{"id":330,"name":"VAICO","slug":"vaico"}],"_links":{"self":[{"href":"https:\/\/www.autonvaraosahaku.fi\/index.php?rest_route=\/wp\/v2\/product\/97675","targetHints":{"allow":["GET"]}}],"collection":[{"href":"https:\/\/www.autonvaraosahaku.fi\/index.php?rest_route=\/wp\/v2\/product"}],"about":[{"href":"https:\/\/www.autonvaraosahaku.fi\/index.php?rest_route=\/wp\/v2\/types\/product"}],"wp:attachment":[{"href":"https:\/\/www.autonvaraosahaku.fi\/index.php?rest_route=%2Fwp%2Fv2%2Fmedia&parent=97675"}],"wp:term":[{"taxonomy":"pwb-brand","embeddable":true,"href":"https:\/\/www.autonvaraosahaku.fi\/index.php?rest_route=%2Fwp%2Fv2%2Fpwb-brand&post=97675"},{"taxonomy":"product_cat","embeddable":true,"href":"https:\/\/www.autonvaraosahaku.fi\/index.php?rest_route=%2Fwp%2Fv2%2Fproduct_cat&post=97675"},{"taxonomy":"product_tag","embeddable":true,"href":"https:\/\/www.autonvaraosahaku.fi\/index.php?rest_route=%2Fwp%2Fv2%2Fproduct_tag&post=97675"}],"curies":[{"name":"wp","href":"https:\/\/api.w.org\/{rel}","templated":true}]}}