{"id":97678,"date":"2021-02-21T22:15:34","date_gmt":"2021-02-21T22:15:34","guid":{"rendered":"https:\/\/www.autonvaraosahaku.fi\/?product=trw-jte761-raidetangon-paa"},"modified":"2021-02-21T22:15:37","modified_gmt":"2021-02-21T22:15:37","slug":"trw-jte761-raidetangon-paa","status":"publish","type":"product","link":"https:\/\/www.autonvaraosahaku.fi\/?product=trw-jte761-raidetangon-paa","title":{"rendered":"TRW JTE761 Raidetangon p\u00e4\u00e4"},"content":{"rendered":"<p>Asennuspuoli: Etuakseli, Molemminpuolin, Ulompi; Sis\u00e4kierre (mm): M14x1,5; Lis\u00e4tarvike\/lis\u00e4tieto: Tarvikkeilla; Valmistusvuosi alkaen: 05\/2010; LANCIA: DELTA III 844; FIAT: STILO 192,BRAVO II 198,STILO Multi Wagon 192; 9949218, 9949218, 9949218, 9949218<\/p>\n","protected":false},"excerpt":{"rendered":"<p>TRW Raidetangon P\u00e4\u00e4 JTE761  LANCIA,FIAT,DELTA III 844,STILO 192,BRAVO II 198,STILO Multi Wagon 192<\/p>\n","protected":false},"featured_media":0,"template":"","meta":{"site-sidebar-layout":"default","site-content-layout":"default","ast-global-header-display":"","ast-main-header-display":"","ast-hfb-above-header-display":"","ast-hfb-below-header-display":"","ast-hfb-mobile-header-display":"","site-post-title":"","ast-breadcrumbs-content":"","ast-featured-img":"","footer-sml-layout":"","theme-transparent-header-meta":"","adv-header-id-meta":"","stick-header-meta":"","header-above-stick-meta":"","header-main-stick-meta":"","header-below-stick-meta":""},"pwb-brand":[332],"product_cat":[96],"product_tag":[],"class_list":{"0":"post-97678","1":"product","2":"type-product","3":"status-publish","5":"pwb-brand-trw","6":"product_cat-raidetangon-paa","7":"desktop-align-left","8":"tablet-align-left","9":"mobile-align-left","11":"first","12":"instock","13":"product-type-external"},"brands":[{"id":332,"name":"TRW","slug":"trw"}],"_links":{"self":[{"href":"https:\/\/www.autonvaraosahaku.fi\/index.php?rest_route=\/wp\/v2\/product\/97678","targetHints":{"allow":["GET"]}}],"collection":[{"href":"https:\/\/www.autonvaraosahaku.fi\/index.php?rest_route=\/wp\/v2\/product"}],"about":[{"href":"https:\/\/www.autonvaraosahaku.fi\/index.php?rest_route=\/wp\/v2\/types\/product"}],"wp:attachment":[{"href":"https:\/\/www.autonvaraosahaku.fi\/index.php?rest_route=%2Fwp%2Fv2%2Fmedia&parent=97678"}],"wp:term":[{"taxonomy":"pwb-brand","embeddable":true,"href":"https:\/\/www.autonvaraosahaku.fi\/index.php?rest_route=%2Fwp%2Fv2%2Fpwb-brand&post=97678"},{"taxonomy":"product_cat","embeddable":true,"href":"https:\/\/www.autonvaraosahaku.fi\/index.php?rest_route=%2Fwp%2Fv2%2Fproduct_cat&post=97678"},{"taxonomy":"product_tag","embeddable":true,"href":"https:\/\/www.autonvaraosahaku.fi\/index.php?rest_route=%2Fwp%2Fv2%2Fproduct_tag&post=97678"}],"curies":[{"name":"wp","href":"https:\/\/api.w.org\/{rel}","templated":true}]}}