{"id":97679,"date":"2021-02-21T22:15:34","date_gmt":"2021-02-21T22:15:34","guid":{"rendered":"https:\/\/www.autonvaraosahaku.fi\/?product=vaico-v20-8159-jarrupalat"},"modified":"2021-02-21T22:15:37","modified_gmt":"2021-02-21T22:15:37","slug":"vaico-v20-8159-jarrupalat","status":"publish","type":"product","link":"https:\/\/www.autonvaraosahaku.fi\/?product=vaico-v20-8159-jarrupalat","title":{"rendered":"VAICO V20-8159 Jarrupalat"},"content":{"rendered":"<p>Paksuus [mm]: 17,6; Leveys (mm): 131,3; Korkeus 1 (mm): 53,2; Kulumisenilmaisimen liitos: Ilman kulumisenilmaisinta, Kulumisenilmaisemelle; Korkeus 2 (mm): 65,3; Lis\u00e4tarvike\/lis\u00e4tieto: Tarvikkeilla; Jarruj\u00e4rjestelm\u00e4: LUCAS; Korvaava tuote\/korvaava tiedote 2: Jarrusatulan ruuveilla; Asennuspuoli: Etuakseli; Paino [kg]: 1,414; Pakkausleveys [cm]: 9; Pakkauskorkeus [mm]: 9; Pakkaussyvyys [cm]: 12,7; M\u00e4\u00e4r\u00e4yksikk\u00f6: Akselisarja; lis\u00e4tieto: CST97; Jarrulevyl\u00e4pimitalle [mm]: 280; BMW: 3 E90,1 E87,1 E81,1 Cabriolet E88,1 Coupe E82,2 Active Tourer F45; MINI: MINI R56,MINI CLUBMAN R55,MINI Cabriolet R57,MINI Coupe R58,MINI Roadster R59,MINI F56,MINI CLUBVAN R55,MINI F55,MINI CLUBMAN F54,MINI Cabriolet F57; 2288854, 34112288854, 34116767143, 34116767144, 34116767147, 34116771837, 34116771838, 34116772892, 34116774050, 6767143, 6767144, 6767147, 6771837, 6771838, 6772892, 6774050; Jarrupalasarja,Jarrupala, Levyjarru<\/p>\n","protected":false},"excerpt":{"rendered":"<p>VAICO Jarrupalat V20-8159 Jarrupalasarja,Jarrupala, Levyjarru BMW,MINI,3 E90,1 E87,1 E81,1 Cabriolet E88,1 Coupe E82,2 Active Tourer F45,MINI R56<\/p>\n","protected":false},"featured_media":0,"template":"","meta":{"site-sidebar-layout":"default","site-content-layout":"default","ast-global-header-display":"","ast-main-header-display":"","ast-hfb-above-header-display":"","ast-hfb-below-header-display":"","ast-hfb-mobile-header-display":"","site-post-title":"","ast-breadcrumbs-content":"","ast-featured-img":"","footer-sml-layout":"","theme-transparent-header-meta":"","adv-header-id-meta":"","stick-header-meta":"","header-above-stick-meta":"","header-main-stick-meta":"","header-below-stick-meta":""},"pwb-brand":[330],"product_cat":[100],"product_tag":[],"class_list":{"0":"post-97679","1":"product","2":"type-product","3":"status-publish","5":"pwb-brand-vaico","6":"product_cat-jarrupalat","7":"desktop-align-left","8":"tablet-align-left","9":"mobile-align-left","11":"first","12":"instock","13":"product-type-external"},"brands":[{"id":330,"name":"VAICO","slug":"vaico"}],"_links":{"self":[{"href":"https:\/\/www.autonvaraosahaku.fi\/index.php?rest_route=\/wp\/v2\/product\/97679","targetHints":{"allow":["GET"]}}],"collection":[{"href":"https:\/\/www.autonvaraosahaku.fi\/index.php?rest_route=\/wp\/v2\/product"}],"about":[{"href":"https:\/\/www.autonvaraosahaku.fi\/index.php?rest_route=\/wp\/v2\/types\/product"}],"wp:attachment":[{"href":"https:\/\/www.autonvaraosahaku.fi\/index.php?rest_route=%2Fwp%2Fv2%2Fmedia&parent=97679"}],"wp:term":[{"taxonomy":"pwb-brand","embeddable":true,"href":"https:\/\/www.autonvaraosahaku.fi\/index.php?rest_route=%2Fwp%2Fv2%2Fpwb-brand&post=97679"},{"taxonomy":"product_cat","embeddable":true,"href":"https:\/\/www.autonvaraosahaku.fi\/index.php?rest_route=%2Fwp%2Fv2%2Fproduct_cat&post=97679"},{"taxonomy":"product_tag","embeddable":true,"href":"https:\/\/www.autonvaraosahaku.fi\/index.php?rest_route=%2Fwp%2Fv2%2Fproduct_tag&post=97679"}],"curies":[{"name":"wp","href":"https:\/\/api.w.org\/{rel}","templated":true}]}}