{"id":97690,"date":"2021-02-21T22:15:42","date_gmt":"2021-02-21T22:15:42","guid":{"rendered":"https:\/\/www.autonvaraosahaku.fi\/?product=magneti-marelli-430719063600-konepellin-kaasujousi"},"modified":"2021-02-21T22:15:43","modified_gmt":"2021-02-21T22:15:43","slug":"magneti-marelli-430719063600-konepellin-kaasujousi","status":"publish","type":"product","link":"https:\/\/www.autonvaraosahaku.fi\/?product=magneti-marelli-430719063600-konepellin-kaasujousi","title":{"rendered":"MAGNETI MARELLI 430719063600 Konepellin kaasujousi"},"content":{"rendered":"<p>Pituus (mm): 244; Kopan l\u00e4pimitta (mm): 15; Isku (mm): 90; M\u00e4nn\u00e4nvarren l\u00e4pimitta [mm]: 6; Ty\u00f6nt\u00f6voima [N]: 400; VOLVO: V70 II SW,S60 I,S80 I TS, XY,XC70 CROSS COUNTRY,S70 LS; 9154605; Kaasujousi, Konepelti<\/p>\n","protected":false},"excerpt":{"rendered":"<p>MAGNETI MARELLI Konepellin Kaasujousi 430719063600 Kaasujousi, Konepelti VOLVO,V70 II SW,S60 I,S80 I TS, XY,XC70 CROSS COUNTRY,S70 LS<\/p>\n","protected":false},"featured_media":0,"template":"","meta":{"site-sidebar-layout":"default","site-content-layout":"default","ast-global-header-display":"","ast-main-header-display":"","ast-hfb-above-header-display":"","ast-hfb-below-header-display":"","ast-hfb-mobile-header-display":"","site-post-title":"","ast-breadcrumbs-content":"","ast-featured-img":"","footer-sml-layout":"","theme-transparent-header-meta":"","adv-header-id-meta":"","stick-header-meta":"","header-above-stick-meta":"","header-main-stick-meta":"","header-below-stick-meta":""},"pwb-brand":[34],"product_cat":[194],"product_tag":[],"class_list":{"0":"post-97690","1":"product","2":"type-product","3":"status-publish","5":"pwb-brand-magneti-marelli","6":"product_cat-konepellin-kaasujousi","7":"desktop-align-left","8":"tablet-align-left","9":"mobile-align-left","11":"first","12":"instock","13":"product-type-external"},"brands":[{"id":34,"name":"MAGNETI MARELLI","slug":"magneti-marelli"}],"_links":{"self":[{"href":"https:\/\/www.autonvaraosahaku.fi\/index.php?rest_route=\/wp\/v2\/product\/97690","targetHints":{"allow":["GET"]}}],"collection":[{"href":"https:\/\/www.autonvaraosahaku.fi\/index.php?rest_route=\/wp\/v2\/product"}],"about":[{"href":"https:\/\/www.autonvaraosahaku.fi\/index.php?rest_route=\/wp\/v2\/types\/product"}],"wp:attachment":[{"href":"https:\/\/www.autonvaraosahaku.fi\/index.php?rest_route=%2Fwp%2Fv2%2Fmedia&parent=97690"}],"wp:term":[{"taxonomy":"pwb-brand","embeddable":true,"href":"https:\/\/www.autonvaraosahaku.fi\/index.php?rest_route=%2Fwp%2Fv2%2Fpwb-brand&post=97690"},{"taxonomy":"product_cat","embeddable":true,"href":"https:\/\/www.autonvaraosahaku.fi\/index.php?rest_route=%2Fwp%2Fv2%2Fproduct_cat&post=97690"},{"taxonomy":"product_tag","embeddable":true,"href":"https:\/\/www.autonvaraosahaku.fi\/index.php?rest_route=%2Fwp%2Fv2%2Fproduct_tag&post=97690"}],"curies":[{"name":"wp","href":"https:\/\/api.w.org\/{rel}","templated":true}]}}