{"id":97697,"date":"2021-02-21T22:15:42","date_gmt":"2021-02-21T22:15:42","guid":{"rendered":"https:\/\/www.autonvaraosahaku.fi\/?product=febi-bilstein-08838-pyoranlaakerit"},"modified":"2021-02-21T22:15:45","modified_gmt":"2021-02-21T22:15:45","slug":"febi-bilstein-08838-pyoranlaakerit","status":"publish","type":"product","link":"https:\/\/www.autonvaraosahaku.fi\/?product=febi-bilstein-08838-pyoranlaakerit","title":{"rendered":"FEBI BILSTEIN 08838 Py\u00f6r\u00e4nlaakerit"},"content":{"rendered":"<p>Leveys (mm): 18,5; Sis\u00e4l\u00e4pimitta [mm]: 35,0, 21,5; Ulkol\u00e4pimitta [mm]: 65,25, 50,0; Laakerityyppi: Kartiorullalaakeri; Asennuspuoli: etuakseli molemminpuoleinen, etuakseli molemminpuoleinen; Paino [kg]: 0,534, 0,534; Jarru-\/ajodynamiikka: f\u00fcr Fahrzeuge ohne ABS; MERCEDES-BENZ: Stufenheck W123,S-CLASS W126,COUPE C123,S-CLASS W116,S-CLASS Coupe C126,KOMBI Kombi S123; 1163300051, 1165860033, A1163300051, A1165860033; Py\u00f6r\u00e4nlaakerisarja<\/p>\n","protected":false},"excerpt":{"rendered":"<p>FEBI BILSTEIN Py\u00f6r\u00e4nlaakerit 08838 Py\u00f6r\u00e4nlaakerisarja MERCEDES-BENZ,Stufenheck W123,S-CLASS W126,COUPE C123,S-CLASS W116,S-CLASS Coupe C126<\/p>\n","protected":false},"featured_media":0,"template":"","meta":{"site-sidebar-layout":"default","site-content-layout":"default","ast-global-header-display":"","ast-main-header-display":"","ast-hfb-above-header-display":"","ast-hfb-below-header-display":"","ast-hfb-mobile-header-display":"","site-post-title":"","ast-breadcrumbs-content":"","ast-featured-img":"","footer-sml-layout":"","theme-transparent-header-meta":"","adv-header-id-meta":"","stick-header-meta":"","header-above-stick-meta":"","header-main-stick-meta":"","header-below-stick-meta":""},"pwb-brand":[50],"product_cat":[83],"product_tag":[],"class_list":{"0":"post-97697","1":"product","2":"type-product","3":"status-publish","5":"pwb-brand-febi-bilstein","6":"product_cat-pyoranlaakerit","7":"desktop-align-left","8":"tablet-align-left","9":"mobile-align-left","11":"first","12":"instock","13":"product-type-external"},"brands":[{"id":50,"name":"FEBI BILSTEIN","slug":"febi-bilstein"}],"_links":{"self":[{"href":"https:\/\/www.autonvaraosahaku.fi\/index.php?rest_route=\/wp\/v2\/product\/97697","targetHints":{"allow":["GET"]}}],"collection":[{"href":"https:\/\/www.autonvaraosahaku.fi\/index.php?rest_route=\/wp\/v2\/product"}],"about":[{"href":"https:\/\/www.autonvaraosahaku.fi\/index.php?rest_route=\/wp\/v2\/types\/product"}],"wp:attachment":[{"href":"https:\/\/www.autonvaraosahaku.fi\/index.php?rest_route=%2Fwp%2Fv2%2Fmedia&parent=97697"}],"wp:term":[{"taxonomy":"pwb-brand","embeddable":true,"href":"https:\/\/www.autonvaraosahaku.fi\/index.php?rest_route=%2Fwp%2Fv2%2Fpwb-brand&post=97697"},{"taxonomy":"product_cat","embeddable":true,"href":"https:\/\/www.autonvaraosahaku.fi\/index.php?rest_route=%2Fwp%2Fv2%2Fproduct_cat&post=97697"},{"taxonomy":"product_tag","embeddable":true,"href":"https:\/\/www.autonvaraosahaku.fi\/index.php?rest_route=%2Fwp%2Fv2%2Fproduct_tag&post=97697"}],"curies":[{"name":"wp","href":"https:\/\/api.w.org\/{rel}","templated":true}]}}