{"id":97705,"date":"2021-02-21T22:15:42","date_gmt":"2021-02-21T22:15:42","guid":{"rendered":"https:\/\/www.autonvaraosahaku.fi\/?product=febi-bilstein-07953-pyoranpultit"},"modified":"2021-02-21T22:15:48","modified_gmt":"2021-02-21T22:15:48","slug":"febi-bilstein-07953-pyoranpultit","status":"publish","type":"product","link":"https:\/\/www.autonvaraosahaku.fi\/?product=febi-bilstein-07953-pyoranpultit","title":{"rendered":"FEBI BILSTEIN 07953 Py\u00f6r\u00e4npultit"},"content":{"rendered":"<p>Pituus (mm): 135; Ulkokierre [mm]: M22 x 1,5; Kierteen pituus (mm): 39; Laatu \/ luokka: 10.9; Runkopituus [mm]: 82; Materiaali: Ter\u00e4s; Pinta: Sinkki-liuska-pinnoite; Ruuvikannan korkeus [mm]: 10,5; Ruuvin pituus ilman p\u00e4\u00e4t\u00e4: 124; Asennuspuoli: Taka-akseli; Ruuvikanta-\u00d8 [mm]: 32; Paino [kg]: 0,414, 0,414; MERCEDES-BENZ: ACTROS,ACTROS MP2 \/ MP3,ATEGO,AXOR,CITARO (O 530),CITO (O 520),CONECTO (O 345),ECONIC,LK\/LN2,LP,MK,NG,O 100,O 301,O 302,O 303,O 305,O 307,O 309,O 317,O 340,O 402,O 404,O 405,O 407,O 408,SK,TOURINO (O 510),TOURISMO (O 350),TRAVEGO (O 580),UNIMOG; 3814011371, 3814011371S1<\/p>\n","protected":false},"excerpt":{"rendered":"<p>FEBI BILSTEIN Py\u00f6r\u00e4npultit 07953  MERCEDES-BENZ,ACTROS,ACTROS MP2 \/ MP3,ATEGO,AXOR,CITARO (O 530),CITO (O 520),CONECTO (O 345),ECONIC,LK\/LN2,LP,MK,NG<\/p>\n","protected":false},"featured_media":0,"template":"","meta":{"site-sidebar-layout":"default","site-content-layout":"default","ast-global-header-display":"","ast-main-header-display":"","ast-hfb-above-header-display":"","ast-hfb-below-header-display":"","ast-hfb-mobile-header-display":"","site-post-title":"","ast-breadcrumbs-content":"","ast-featured-img":"","footer-sml-layout":"","theme-transparent-header-meta":"","adv-header-id-meta":"","stick-header-meta":"","header-above-stick-meta":"","header-main-stick-meta":"","header-below-stick-meta":""},"pwb-brand":[50],"product_cat":[51],"product_tag":[],"class_list":{"0":"post-97705","1":"product","2":"type-product","3":"status-publish","5":"pwb-brand-febi-bilstein","6":"product_cat-pyoranpultit","7":"desktop-align-left","8":"tablet-align-left","9":"mobile-align-left","11":"first","12":"instock","13":"product-type-external"},"brands":[{"id":50,"name":"FEBI BILSTEIN","slug":"febi-bilstein"}],"_links":{"self":[{"href":"https:\/\/www.autonvaraosahaku.fi\/index.php?rest_route=\/wp\/v2\/product\/97705","targetHints":{"allow":["GET"]}}],"collection":[{"href":"https:\/\/www.autonvaraosahaku.fi\/index.php?rest_route=\/wp\/v2\/product"}],"about":[{"href":"https:\/\/www.autonvaraosahaku.fi\/index.php?rest_route=\/wp\/v2\/types\/product"}],"wp:attachment":[{"href":"https:\/\/www.autonvaraosahaku.fi\/index.php?rest_route=%2Fwp%2Fv2%2Fmedia&parent=97705"}],"wp:term":[{"taxonomy":"pwb-brand","embeddable":true,"href":"https:\/\/www.autonvaraosahaku.fi\/index.php?rest_route=%2Fwp%2Fv2%2Fpwb-brand&post=97705"},{"taxonomy":"product_cat","embeddable":true,"href":"https:\/\/www.autonvaraosahaku.fi\/index.php?rest_route=%2Fwp%2Fv2%2Fproduct_cat&post=97705"},{"taxonomy":"product_tag","embeddable":true,"href":"https:\/\/www.autonvaraosahaku.fi\/index.php?rest_route=%2Fwp%2Fv2%2Fproduct_tag&post=97705"}],"curies":[{"name":"wp","href":"https:\/\/api.w.org\/{rel}","templated":true}]}}